{"id":3108,"date":"2024-06-01T16:20:35","date_gmt":"2024-06-01T19:20:35","guid":{"rendered":"https:\/\/franxica.com.br\/blog\/?page_id=3108"},"modified":"2024-06-22T10:23:20","modified_gmt":"2024-06-22T13:23:20","slug":"termos-e-condicoes-gestao-de-redes-sociais-plano-standard","status":"publish","type":"page","link":"https:\/\/franxica.com.br\/blog\/termos-e-condicoes-gestao-de-redes-sociais-plano-standard\/","title":{"rendered":"Termos e Condi\u00e7\u00f5es Gest\u00e3o de Redes Sociais Plano Standard"},"content":{"rendered":"\t\t<div data-elementor-type=\"wp-page\" data-elementor-id=\"3108\" class=\"elementor elementor-3108\" data-elementor-post-type=\"page\">\n\t\t\t\t\t\t<section class=\"has_eae_slider elementor-section elementor-top-section elementor-element elementor-element-1d9ac03 elementor-section-boxed elementor-section-height-default elementor-section-height-default\" data-id=\"1d9ac03\" data-element_type=\"section\">\n\t\t\t\t\t\t<div class=\"elementor-container elementor-column-gap-default\">\n\t\t\t\t\t<div class=\"has_eae_slider elementor-column elementor-col-100 elementor-top-column elementor-element elementor-element-ce5e15a\" data-id=\"ce5e15a\" data-element_type=\"column\">\n\t\t\t<div class=\"elementor-widget-wrap elementor-element-populated\">\n\t\t\t\t\t\t<div class=\"elementor-element elementor-element-c3dd5a9 elementor-widget elementor-widget-spacer\" data-id=\"c3dd5a9\" data-element_type=\"widget\" data-widget_type=\"spacer.default\">\n\t\t\t\t<div class=\"elementor-widget-container\">\n\t\t\t\t\t\t\t<div class=\"elementor-spacer\">\n\t\t\t<div class=\"elementor-spacer-inner\"><\/div>\n\t\t<\/div>\n\t\t\t\t\t\t<\/div>\n\t\t\t\t<\/div>\n\t\t\t\t<div class=\"elementor-element elementor-element-3cc35a2 elementor-widget elementor-widget-text-editor\" data-id=\"3cc35a2\" data-element_type=\"widget\" data-widget_type=\"text-editor.default\">\n\t\t\t\t<div class=\"elementor-widget-container\">\n\t\t\t\t\t\t\t\t\t<p><b>Ao clicar em <i>&#8220;Contratar Agora&#8221;<\/i> declaro que li e concordo com os termos e condi\u00e7\u00f5es.<\/b><\/p>\t\t\t\t\t\t\t\t<\/div>\n\t\t\t\t<\/div>\n\t\t\t\t<div class=\"elementor-element elementor-element-ec7f0f2 elementor-align-center elementor-widget elementor-widget-button\" data-id=\"ec7f0f2\" data-element_type=\"widget\" data-widget_type=\"button.default\">\n\t\t\t\t<div class=\"elementor-widget-container\">\n\t\t\t\t\t\t\t\t\t<div class=\"elementor-button-wrapper\">\n\t\t\t\t\t<a class=\"elementor-button elementor-button-link elementor-size-sm\" href=\"https:\/\/www.asaas.com\/c\/4qs57fmtsrhx4xe2\" target=\"_blank\" rel=\"noopener\">\n\t\t\t\t\t\t<span class=\"elementor-button-content-wrapper\">\n\t\t\t\t\t\t\t\t\t<span class=\"elementor-button-text\">Contratar Agora<\/span>\n\t\t\t\t\t<\/span>\n\t\t\t\t\t<\/a>\n\t\t\t\t<\/div>\n\t\t\t\t\t\t\t\t<\/div>\n\t\t\t\t<\/div>\n\t\t\t\t<div class=\"elementor-element elementor-element-7223449 elementor-widget elementor-widget-accordion\" data-id=\"7223449\" data-element_type=\"widget\" data-widget_type=\"accordion.default\">\n\t\t\t\t<div class=\"elementor-widget-container\">\n\t\t\t\t\t\t\t<div class=\"elementor-accordion\">\n\t\t\t\t\t\t\t<div class=\"elementor-accordion-item\">\n\t\t\t\t\t<div id=\"elementor-tab-title-1191\" class=\"elementor-tab-title\" data-tab=\"1\" role=\"button\" aria-controls=\"elementor-tab-content-1191\" aria-expanded=\"false\">\n\t\t\t\t\t\t\t\t\t\t\t\t\t<span class=\"elementor-accordion-icon elementor-accordion-icon-left\" aria-hidden=\"true\">\n\t\t\t\t\t\t\t\t\t\t\t\t\t\t\t<span class=\"elementor-accordion-icon-closed\"><i class=\"far fa-hand-point-right\"><\/i><\/span>\n\t\t\t\t\t\t\t\t<span class=\"elementor-accordion-icon-opened\"><i class=\"far fa-hand-point-down\"><\/i><\/span>\n\t\t\t\t\t\t\t\t\t\t\t\t\t\t<\/span>\n\t\t\t\t\t\t\t\t\t\t\t\t<a class=\"elementor-accordion-title\" tabindex=\"0\">Termos e Condi\u00e7\u00f5es<\/a>\n\t\t\t\t\t<\/div>\n\t\t\t\t\t<div id=\"elementor-tab-content-1191\" class=\"elementor-tab-content elementor-clearfix\" data-tab=\"1\" role=\"region\" aria-labelledby=\"elementor-tab-title-1191\"><p><b>Contrato de Gest\u00e3o de Redes Sociais.<\/b><\/p><p>Referente contrato de presta\u00e7\u00e3o de servi\u00e7os de gest\u00e3o de redes sociais, com pagamentos mensais no valor de acordo o plano escolhido na\u00a0<a href=\"https:\/\/franxica.com.br\/blog\/gestao-de-redes-sociais-para-pet-shop\/\" target=\"_blank\" rel=\"noopener\">p\u00e1gina de apresenta\u00e7\u00e3o<\/a>.<\/p><p>Vencimento: A cada 30 dias, contados do vencimento da primeira parcela.<\/p><p><span style=\"color: var( --e-global-color-text ); font-family: var( --e-global-typography-text-font-family ), Sans-serif; font-weight: var( --e-global-typography-text-font-weight ); background-color: var(--nv-site-bg); font-size: var(--bodyfontsize); letter-spacing: var(--bodyletterspacing); text-transform: var(--bodytexttransform);\">Contratado: Franxica Acess\u00f3rios Ltda. CNPJ: 44.532.417\/0002-51<\/span><\/p><p>1. Objeto Contratual: O Contratado compromete-se a prestar servi\u00e7os de gest\u00e3o de redes sociais conforme campo &#8220;Descri\u00e7\u00e3o do Produto\/Servi\u00e7os&#8221;.<\/p><p><span style=\"color: var( --e-global-color-text ); font-family: var( --e-global-typography-text-font-family ), Sans-serif; font-weight: var( --e-global-typography-text-font-weight ); background-color: var(--nv-site-bg); font-size: var(--bodyfontsize); letter-spacing: var(--bodyletterspacing); text-transform: var(--bodytexttransform);\">2. Obriga\u00e7\u00f5es:<\/span><\/p><p>Obriga\u00e7\u00f5es da Contratante:<\/p><p>Fornecer informa\u00e7\u00f5es relevantes sobre a empresa ou perfil a ser gerenciado.<\/p><p>Pagar o valor acordado nos prazos estipulados.<\/p><p>Obriga\u00e7\u00f5es do Contratado:<\/p><p>Executar os servi\u00e7os conforme o objeto contratual.<\/p><p>Realizar o n\u00famero de postagens conforme contratado.<\/p><p>Enviar o projeto de cada postagem para o contratante aprovar com anteced\u00eancia m\u00ednima de 24 horas, seja por e-mail ou WhatsApp. Caso n\u00e3o haja resposta do contratante em rela\u00e7\u00e3o \u00e0 aprova\u00e7\u00e3o, a arte ser\u00e1 considerada aprovada e postada, com o objetivo de n\u00e3o atrasar o programa de postagens.<\/p><p>Manter sigilo sobre informa\u00e7\u00f5es confidenciais do Contratante.<\/p><p><span style=\"color: var( --e-global-color-text ); font-family: var( --e-global-typography-text-font-family ), Sans-serif; font-weight: var( --e-global-typography-text-font-weight ); background-color: var(--nv-site-bg); font-size: var(--bodyfontsize); letter-spacing: var(--bodyletterspacing); text-transform: var(--bodytexttransform);\">3. Isen\u00e7\u00e3o de Responsabilidade de Uso de Imagens:<\/span><\/p><p>O Contratante declara que possui os direitos autorais ou autoriza\u00e7\u00e3o para uso de todas as imagens fornecidas para a gest\u00e3o das redes sociais.<\/p><p>O Contratado n\u00e3o ser\u00e1 respons\u00e1vel por qualquer viola\u00e7\u00e3o de direitos autorais ou uso indevido de imagens fornecidas pelo Contratante.<\/p><p>O Contratante isenta o Contratado de qualquer responsabilidade legal relacionada ao uso das imagens.<\/p><p><span style=\"color: var( --e-global-color-text ); font-family: var( --e-global-typography-text-font-family ), Sans-serif; font-weight: var( --e-global-typography-text-font-weight ); background-color: var(--nv-site-bg); font-size: var(--bodyfontsize); letter-spacing: var(--bodyletterspacing); text-transform: var(--bodytexttransform);\">4. Pagamento: O Contratante pagar\u00e1 ao Contratado o valor referente ao plano escolhido, mensalmente pelos servi\u00e7os prestados.<\/span><\/p><p><span style=\"color: var( --e-global-color-text ); font-family: var( --e-global-typography-text-font-family ), Sans-serif; font-weight: var( --e-global-typography-text-font-weight ); background-color: var(--nv-site-bg); font-size: var(--bodyfontsize); letter-spacing: var(--bodyletterspacing); text-transform: var(--bodytexttransform);\">6. Dura\u00e7\u00e3o Contratual: Este contrato ter\u00e1 dura\u00e7\u00e3o de um ano a partir da data de assinatura, n\u00e3o havendo qualquer multa por rescis\u00e3o antecipada, de ambas as partes, observando se o disposto no item 7 e 8 dos termos de uso.\u00a0<\/span><\/p><p><span style=\"color: var( --e-global-color-text ); font-family: var( --e-global-typography-text-font-family ), Sans-serif; font-weight: var( --e-global-typography-text-font-weight ); background-color: var(--nv-site-bg); font-size: var(--bodyfontsize); letter-spacing: var(--bodyletterspacing); text-transform: var(--bodytexttransform);\">7. Rescis\u00e3o\/Extin\u00e7\u00e3o Contratual: Ambas as partes podem rescindir o contrato mediante aviso pr\u00e9vio de 30 dias.<\/span><\/p><p>8. N\u00e3o haver\u00e1 multa de ambas as partes na rescis\u00e3o. Por\u00e9m n\u00e3o exime os valores devidos pelos servi\u00e7os j\u00e1 prestados.<\/p><p>9. Vig\u00eancia do contrato e in\u00edcio dos trabalhos se dar\u00e3o a partir do pagamento da primeira mensalidade.<\/p><p>10. Foro: Fica eleito o foro da cidade de Jacare\u00ed-SP para dirimir quaisquer quest\u00f5es decorrentes deste contrato.<\/p><p><span style=\"color: var( --e-global-color-text ); font-family: var( --e-global-typography-text-font-family ), Sans-serif; font-weight: var( --e-global-typography-text-font-weight ); background-color: var(--nv-site-bg); font-size: var(--bodyfontsize); letter-spacing: var(--bodyletterspacing); text-transform: var(--bodytexttransform);\">Conclus\u00e3o: Este contrato visa estabelecer as bases para uma parceria profissional eficiente e transparente, na gest\u00e3o de redes sociais.<\/span><\/p><\/div>\n\t\t\t\t<\/div>\n\t\t\t\t\t\t\t\t\t\t<script type=\"application\/ld+json\">{\"@context\":\"https:\\\/\\\/schema.org\",\"@type\":\"FAQPage\",\"mainEntity\":[{\"@type\":\"Question\",\"name\":\"Termos e Condi\\u00e7\\u00f5es\",\"acceptedAnswer\":{\"@type\":\"Answer\",\"text\":\"<p><b>Contrato de Gest\\u00e3o de Redes Sociais.<\\\/b><\\\/p><p>Referente contrato de presta\\u00e7\\u00e3o de servi\\u00e7os de gest\\u00e3o de redes sociais, com pagamentos mensais no valor de acordo o plano escolhido na\\u00a0<a href=\\\"https:\\\/\\\/franxica.com.br\\\/blog\\\/gestao-de-redes-sociais-para-pet-shop\\\/\\\" target=\\\"_blank\\\" rel=\\\"noopener\\\">p\\u00e1gina de apresenta\\u00e7\\u00e3o<\\\/a>.<\\\/p><p>Vencimento: A cada 30 dias, contados do vencimento da primeira parcela.<\\\/p><p><span style=\\\"color: var( --e-global-color-text ); font-family: var( --e-global-typography-text-font-family ), Sans-serif; font-weight: var( --e-global-typography-text-font-weight ); background-color: var(--nv-site-bg); font-size: var(--bodyfontsize); letter-spacing: var(--bodyletterspacing); text-transform: var(--bodytexttransform);\\\">Contratado: Franxica Acess\\u00f3rios Ltda. CNPJ: 44.532.417\\\/0002-51<\\\/span><\\\/p><p>1. Objeto Contratual: O Contratado compromete-se a prestar servi\\u00e7os de gest\\u00e3o de redes sociais conforme campo &#8220;Descri\\u00e7\\u00e3o do Produto\\\/Servi\\u00e7os&#8221;.<\\\/p><p><span style=\\\"color: var( --e-global-color-text ); font-family: var( --e-global-typography-text-font-family ), Sans-serif; font-weight: var( --e-global-typography-text-font-weight ); background-color: var(--nv-site-bg); font-size: var(--bodyfontsize); letter-spacing: var(--bodyletterspacing); text-transform: var(--bodytexttransform);\\\">2. Obriga\\u00e7\\u00f5es:<\\\/span><\\\/p><p>Obriga\\u00e7\\u00f5es da Contratante:<\\\/p><p>Fornecer informa\\u00e7\\u00f5es relevantes sobre a empresa ou perfil a ser gerenciado.<\\\/p><p>Pagar o valor acordado nos prazos estipulados.<\\\/p><p>Obriga\\u00e7\\u00f5es do Contratado:<\\\/p><p>Executar os servi\\u00e7os conforme o objeto contratual.<\\\/p><p>Realizar o n\\u00famero de postagens conforme contratado.<\\\/p><p>Enviar o projeto de cada postagem para o contratante aprovar com anteced\\u00eancia m\\u00ednima de 24 horas, seja por e-mail ou WhatsApp. Caso n\\u00e3o haja resposta do contratante em rela\\u00e7\\u00e3o \\u00e0 aprova\\u00e7\\u00e3o, a arte ser\\u00e1 considerada aprovada e postada, com o objetivo de n\\u00e3o atrasar o programa de postagens.<\\\/p><p>Manter sigilo sobre informa\\u00e7\\u00f5es confidenciais do Contratante.<\\\/p><p><span style=\\\"color: var( --e-global-color-text ); font-family: var( --e-global-typography-text-font-family ), Sans-serif; font-weight: var( --e-global-typography-text-font-weight ); background-color: var(--nv-site-bg); font-size: var(--bodyfontsize); letter-spacing: var(--bodyletterspacing); text-transform: var(--bodytexttransform);\\\">3. Isen\\u00e7\\u00e3o de Responsabilidade de Uso de Imagens:<\\\/span><\\\/p><p>O Contratante declara que possui os direitos autorais ou autoriza\\u00e7\\u00e3o para uso de todas as imagens fornecidas para a gest\\u00e3o das redes sociais.<\\\/p><p>O Contratado n\\u00e3o ser\\u00e1 respons\\u00e1vel por qualquer viola\\u00e7\\u00e3o de direitos autorais ou uso indevido de imagens fornecidas pelo Contratante.<\\\/p><p>O Contratante isenta o Contratado de qualquer responsabilidade legal relacionada ao uso das imagens.<\\\/p><p><span style=\\\"color: var( --e-global-color-text ); font-family: var( --e-global-typography-text-font-family ), Sans-serif; font-weight: var( --e-global-typography-text-font-weight ); background-color: var(--nv-site-bg); font-size: var(--bodyfontsize); letter-spacing: var(--bodyletterspacing); text-transform: var(--bodytexttransform);\\\">4. Pagamento: O Contratante pagar\\u00e1 ao Contratado o valor referente ao plano escolhido, mensalmente pelos servi\\u00e7os prestados.<\\\/span><\\\/p><p><span style=\\\"color: var( --e-global-color-text ); font-family: var( --e-global-typography-text-font-family ), Sans-serif; font-weight: var( --e-global-typography-text-font-weight ); background-color: var(--nv-site-bg); font-size: var(--bodyfontsize); letter-spacing: var(--bodyletterspacing); text-transform: var(--bodytexttransform);\\\">6. Dura\\u00e7\\u00e3o Contratual: Este contrato ter\\u00e1 dura\\u00e7\\u00e3o de um ano a partir da data de assinatura, n\\u00e3o havendo qualquer multa por rescis\\u00e3o antecipada, de ambas as partes, observando se o disposto no item 7 e 8 dos termos de uso.\\u00a0<\\\/span><\\\/p><p><span style=\\\"color: var( --e-global-color-text ); font-family: var( --e-global-typography-text-font-family ), Sans-serif; font-weight: var( --e-global-typography-text-font-weight ); background-color: var(--nv-site-bg); font-size: var(--bodyfontsize); letter-spacing: var(--bodyletterspacing); text-transform: var(--bodytexttransform);\\\">7. Rescis\\u00e3o\\\/Extin\\u00e7\\u00e3o Contratual: Ambas as partes podem rescindir o contrato mediante aviso pr\\u00e9vio de 30 dias.<\\\/span><\\\/p><p>8. N\\u00e3o haver\\u00e1 multa de ambas as partes na rescis\\u00e3o. Por\\u00e9m n\\u00e3o exime os valores devidos pelos servi\\u00e7os j\\u00e1 prestados.<\\\/p><p>9. Vig\\u00eancia do contrato e in\\u00edcio dos trabalhos se dar\\u00e3o a partir do pagamento da primeira mensalidade.<\\\/p><p>10. Foro: Fica eleito o foro da cidade de Jacare\\u00ed-SP para dirimir quaisquer quest\\u00f5es decorrentes deste contrato.<\\\/p><p><span style=\\\"color: var( --e-global-color-text ); font-family: var( --e-global-typography-text-font-family ), Sans-serif; font-weight: var( --e-global-typography-text-font-weight ); background-color: var(--nv-site-bg); font-size: var(--bodyfontsize); letter-spacing: var(--bodyletterspacing); text-transform: var(--bodytexttransform);\\\">Conclus\\u00e3o: Este contrato visa estabelecer as bases para uma parceria profissional eficiente e transparente, na gest\\u00e3o de redes sociais.<\\\/span><\\\/p>\"}}]}<\/script>\n\t\t\t\t\t<\/div>\n\t\t\t\t\t\t<\/div>\n\t\t\t\t<\/div>\n\t\t\t\t<div class=\"elementor-element elementor-element-1ca4818 elementor-align-center elementor-widget elementor-widget-button\" data-id=\"1ca4818\" data-element_type=\"widget\" data-widget_type=\"button.default\">\n\t\t\t\t<div class=\"elementor-widget-container\">\n\t\t\t\t\t\t\t\t\t<div class=\"elementor-button-wrapper\">\n\t\t\t\t\t<a class=\"elementor-button elementor-button-link elementor-size-sm\" href=\"https:\/\/www.asaas.com\/c\/4qs57fmtsrhx4xe2\" target=\"_blank\" rel=\"noopener\">\n\t\t\t\t\t\t<span class=\"elementor-button-content-wrapper\">\n\t\t\t\t\t\t\t\t\t<span class=\"elementor-button-text\">Contratar Agora<\/span>\n\t\t\t\t\t<\/span>\n\t\t\t\t\t<\/a>\n\t\t\t\t<\/div>\n\t\t\t\t\t\t\t\t<\/div>\n\t\t\t\t<\/div>\n\t\t\t\t\t<\/div>\n\t\t<\/div>\n\t\t\t\t\t<\/div>\n\t\t<\/section>\n\t\t\t\t<\/div>\n\t\t","protected":false},"excerpt":{"rendered":"<p>Ao clicar em &#8220;Contratar Agora&#8221; declaro que li e concordo com os termos e condi\u00e7\u00f5es. Contratar Agora Termos e Condi\u00e7\u00f5es Contrato de Gest\u00e3o de Redes Sociais. Referente contrato de presta\u00e7\u00e3o de servi\u00e7os de gest\u00e3o de redes sociais, com pagamentos mensais no valor de acordo o plano escolhido na\u00a0p\u00e1gina de apresenta\u00e7\u00e3o. Vencimento: A cada 30 dias,&hellip;&nbsp;<a href=\"https:\/\/franxica.com.br\/blog\/termos-e-condicoes-gestao-de-redes-sociais-plano-standard\/\" rel=\"bookmark\">Continue a ler &raquo;<span class=\"screen-reader-text\">Termos e Condi\u00e7\u00f5es Gest\u00e3o de Redes Sociais Plano Standard<\/span><\/a><\/p>\n","protected":false},"author":1,"featured_media":0,"parent":0,"menu_order":0,"comment_status":"closed","ping_status":"closed","template":"elementor_canvas","meta":{"neve_meta_sidebar":"","neve_meta_container":"","neve_meta_enable_content_width":"","neve_meta_content_width":0,"neve_meta_title_alignment":"","neve_meta_author_avatar":"","neve_post_elements_order":"","neve_meta_disable_header":"","neve_meta_disable_footer":"","neve_meta_disable_title":"","_FSMCFIC_featured_image_caption":"","_FSMCFIC_featured_image_nocaption":"","_FSMCFIC_featured_image_hide":"","footnotes":""},"class_list":["post-3108","page","type-page","status-publish","hentry"],"_links":{"self":[{"href":"https:\/\/franxica.com.br\/blog\/wp-json\/wp\/v2\/pages\/3108","targetHints":{"allow":["GET"]}}],"collection":[{"href":"https:\/\/franxica.com.br\/blog\/wp-json\/wp\/v2\/pages"}],"about":[{"href":"https:\/\/franxica.com.br\/blog\/wp-json\/wp\/v2\/types\/page"}],"author":[{"embeddable":true,"href":"https:\/\/franxica.com.br\/blog\/wp-json\/wp\/v2\/users\/1"}],"replies":[{"embeddable":true,"href":"https:\/\/franxica.com.br\/blog\/wp-json\/wp\/v2\/comments?post=3108"}],"version-history":[{"count":7,"href":"https:\/\/franxica.com.br\/blog\/wp-json\/wp\/v2\/pages\/3108\/revisions"}],"predecessor-version":[{"id":3155,"href":"https:\/\/franxica.com.br\/blog\/wp-json\/wp\/v2\/pages\/3108\/revisions\/3155"}],"wp:attachment":[{"href":"https:\/\/franxica.com.br\/blog\/wp-json\/wp\/v2\/media?parent=3108"}],"curies":[{"name":"wp","href":"https:\/\/api.w.org\/{rel}","templated":true}]}}