{"id":1139,"date":"2023-07-08T08:20:15","date_gmt":"2023-07-08T11:20:15","guid":{"rendered":"https:\/\/franxica.com.br\/blog\/produto\/roupa-cirurgica-do-tamanho-pet-1-ao-8\/"},"modified":"2024-12-08T08:59:18","modified_gmt":"2024-12-08T11:59:18","slug":"roupa-cirurgica-para-cachorro","status":"publish","type":"product","link":"https:\/\/franxica.com.br\/blog\/produto\/roupa-cirurgica-para-cachorro\/","title":{"rendered":"Roupa cir\u00fargica para cachorro tamanho 1 ao 12"},"content":{"rendered":"<h4>Roupa cir\u00fargica para cachorro tamanhos 1 ao 12<\/h4>\n<p><strong>Tamanhos\u00a0<\/strong>(medidas aproximadas)<strong>:<\/strong><\/p>\n<table style=\"border-collapse: collapse; width: 375px; height: 301px;\" border=\"1\">\n<tbody>\n<tr>\n<td style=\"width: 20.591%; height: 18px; text-align: center;\"><strong>Tamanho<\/strong><\/td>\n<td style=\"width: 28.8246%; height: 18px; text-align: center;\"><strong>Peito (cm)<\/strong><\/td>\n<td style=\"width: 47.6866%; height: 18px; text-align: center;\"><strong>Comprimento\u00a0(cm)<\/strong><\/td>\n<\/tr>\n<tr>\n<td style=\"width: 20.591%; height: 18px; text-align: center;\">1<\/td>\n<td style=\"width: 28.8246%; height: 18px; text-align: center;\">26<\/td>\n<td style=\"width: 47.6866%; height: 18px; text-align: center;\">30<\/td>\n<\/tr>\n<tr>\n<td style=\"width: 20.591%; height: 18px; text-align: center;\">2<\/td>\n<td style=\"width: 28.8246%; height: 18px; text-align: center;\">28<\/td>\n<td style=\"width: 47.6866%; height: 18px; text-align: center;\">31<\/td>\n<\/tr>\n<tr>\n<td style=\"width: 20.591%; height: 18px; text-align: center;\">3<\/td>\n<td style=\"width: 28.8246%; height: 18px; text-align: center;\">32<\/td>\n<td style=\"width: 47.6866%; height: 18px; text-align: center;\">32<\/td>\n<\/tr>\n<tr>\n<td style=\"width: 20.591%; height: 18px; text-align: center;\">4<\/td>\n<td style=\"width: 28.8246%; height: 18px; text-align: center;\">34<\/td>\n<td style=\"width: 47.6866%; height: 18px; text-align: center;\">33<\/td>\n<\/tr>\n<tr>\n<td style=\"width: 20.591%; height: 18px; text-align: center;\">5<\/td>\n<td style=\"width: 28.8246%; height: 18px; text-align: center;\">40<\/td>\n<td style=\"width: 47.6866%; height: 18px; text-align: center;\">34<\/td>\n<\/tr>\n<tr>\n<td style=\"width: 20.591%; height: 18px; text-align: center;\">6<\/td>\n<td style=\"width: 28.8246%; height: 18px; text-align: center;\">46<\/td>\n<td style=\"width: 47.6866%; height: 18px; text-align: center;\">35<\/td>\n<\/tr>\n<tr>\n<td style=\"width: 20.591%; height: 18px; text-align: center;\">8<\/td>\n<td style=\"width: 28.8246%; height: 18px; text-align: center;\">56<\/td>\n<td style=\"width: 47.6866%; height: 18px; text-align: center;\">38<\/td>\n<\/tr>\n<tr>\n<td style=\"width: 20.591%; height: 18px; text-align: center;\">10<\/td>\n<td style=\"width: 28.8246%; height: 18px; text-align: center;\">60<\/td>\n<td style=\"width: 47.6866%; height: 18px; text-align: center;\">41<\/td>\n<\/tr>\n<tr>\n<td style=\"width: 20.591%; height: 18px; text-align: center;\">12<\/td>\n<td style=\"width: 28.8246%; height: 18px; text-align: center;\">70<\/td>\n<td style=\"width: 47.6866%; height: 18px; text-align: center;\">42<\/td>\n<\/tr>\n<\/tbody>\n<\/table>\n<p>&nbsp;<\/p>\n<p>N\u00e3o \u00e9 poss\u00edvel escolher a cor. Sempre que poss\u00edvel enviaremos cores neutras.<\/p>\n<p>Nossas roupinhas p\u00f3s cir\u00fargicas pet s\u00e3o confecciona com materiais contendo elastano, proporcionando a press\u00e3o necess\u00e1ria para a adequada prote\u00e7\u00e3o do animal.<\/p>\n","protected":false},"excerpt":{"rendered":"<h4>Roupa cir\u00fargica para cachorro tamanhos 1 ao 12<\/h4>\n<p><strong>Tamanhos\u00a0<\/strong>(medidas aproximadas)<strong>:<\/strong><\/p>\n<table style=\"border-collapse: collapse; width: 375px; height: 301px;\" border=\"1\">\n<tbody>\n<tr>\n<td style=\"width: 20.591%; height: 18px; text-align: center;\"><strong>Tamanho<\/strong><\/td>\n<td style=\"width: 28.8246%; height: 18px; text-align: center;\"><strong>Peito (cm)<\/strong><\/td>\n<td style=\"width: 47.6866%; height: 18px; text-align: center;\"><strong>Comprimento\u00a0(cm)<\/strong><\/td>\n<\/tr>\n<tr>\n<td style=\"width: 20.591%; height: 18px; text-align: center;\">1<\/td>\n<td style=\"width: 28.8246%; height: 18px; text-align: center;\">26<\/td>\n<td style=\"width: 47.6866%; height: 18px; text-align: center;\">30<\/td>\n<\/tr>\n<tr>\n<td style=\"width: 20.591%; height: 18px; text-align: center;\">2<\/td>\n<td style=\"width: 28.8246%; height: 18px; text-align: center;\">28<\/td>\n<td style=\"width: 47.6866%; height: 18px; text-align: center;\">31<\/td>\n<\/tr>\n<tr>\n<td style=\"width: 20.591%; height: 18px; text-align: center;\">3<\/td>\n<td style=\"width: 28.8246%; height: 18px; text-align: center;\">32<\/td>\n<td style=\"width: 47.6866%; height: 18px; text-align: center;\">32<\/td>\n<\/tr>\n<tr>\n<td style=\"width: 20.591%; height: 18px; text-align: center;\">4<\/td>\n<td style=\"width: 28.8246%; height: 18px; text-align: center;\">34<\/td>\n<td style=\"width: 47.6866%; height: 18px; text-align: center;\">33<\/td>\n<\/tr>\n<tr>\n<td style=\"width: 20.591%; height: 18px; text-align: center;\">5<\/td>\n<td style=\"width: 28.8246%; height: 18px; text-align: center;\">40<\/td>\n<td style=\"width: 47.6866%; height: 18px; text-align: center;\">34<\/td>\n<\/tr>\n<tr>\n<td style=\"width: 20.591%; height: 18px; text-align: center;\">6<\/td>\n<td style=\"width: 28.8246%; height: 18px; text-align: center;\">46<\/td>\n<td style=\"width: 47.6866%; height: 18px; text-align: center;\">35<\/td>\n<\/tr>\n<tr>\n<td style=\"width: 20.591%; height: 18px; text-align: center;\">8<\/td>\n<td style=\"width: 28.8246%; height: 18px; text-align: center;\">56<\/td>\n<td style=\"width: 47.6866%; height: 18px; text-align: center;\">38<\/td>\n<\/tr>\n<tr>\n<td style=\"width: 20.591%; height: 18px; text-align: center;\">10<\/td>\n<td style=\"width: 28.8246%; height: 18px; text-align: center;\">60<\/td>\n<td style=\"width: 47.6866%; height: 18px; text-align: center;\">41<\/td>\n<\/tr>\n<tr>\n<td style=\"width: 20.591%; height: 18px; text-align: center;\">12<\/td>\n<td style=\"width: 28.8246%; height: 18px; text-align: center;\">70<\/td>\n<td style=\"width: 47.6866%; height: 18px; text-align: center;\">42<\/td>\n<\/tr>\n<\/tbody>\n<\/table>\n<p>N\u00e3o \u00e9 poss\u00edvel escolher a cor. Sempre que poss\u00edvel enviaremos cores neutras.<\/p>\n<p>Nossas roupinhas p\u00f3s cir\u00fargicas pet s\u00e3o confecciona com materiais contendo elastano, proporcionando a press\u00e3o necess\u00e1ria para a adequada prote\u00e7\u00e3o do animal.<\/p>\n<p><a href=\"https:\/\/franxica.com.br\/blog\/como-comprar\/\"><img decoding=\"async\" class=\"alignnone size-full wp-image-1691\" src=\"https:\/\/franxica.com.br\/blog\/wp-content\/uploads\/2023\/07\/Como-comprar-150x100-1.jpg\" alt=\"\" width=\"150\" height=\"100\" \/><\/a><\/p>\n","protected":false},"featured_media":1147,"template":"","meta":{"neve_meta_sidebar":"","neve_meta_container":"","neve_meta_enable_content_width":"off","neve_meta_content_width":100,"neve_meta_title_alignment":"","neve_meta_author_avatar":"","neve_post_elements_order":"","neve_meta_disable_header":"","neve_meta_disable_footer":"","neve_meta_disable_title":"","_FSMCFIC_featured_image_caption":"","_FSMCFIC_featured_image_nocaption":"","_FSMCFIC_featured_image_hide":""},"product_brand":[],"product_cat":[22,20],"product_tag":[],"class_list":{"0":"post-1139","1":"product","2":"type-product","3":"status-publish","4":"has-post-thumbnail","6":"product_cat-roupas","7":"product_cat-sem-categoria","9":"first","10":"instock","11":"featured","12":"shipping-taxable","13":"purchasable","14":"product-type-simple"},"_links":{"self":[{"href":"https:\/\/franxica.com.br\/blog\/wp-json\/wp\/v2\/product\/1139","targetHints":{"allow":["GET"]}}],"collection":[{"href":"https:\/\/franxica.com.br\/blog\/wp-json\/wp\/v2\/product"}],"about":[{"href":"https:\/\/franxica.com.br\/blog\/wp-json\/wp\/v2\/types\/product"}],"wp:featuredmedia":[{"embeddable":true,"href":"https:\/\/franxica.com.br\/blog\/wp-json\/wp\/v2\/media\/1147"}],"wp:attachment":[{"href":"https:\/\/franxica.com.br\/blog\/wp-json\/wp\/v2\/media?parent=1139"}],"wp:term":[{"taxonomy":"product_brand","embeddable":true,"href":"https:\/\/franxica.com.br\/blog\/wp-json\/wp\/v2\/product_brand?post=1139"},{"taxonomy":"product_cat","embeddable":true,"href":"https:\/\/franxica.com.br\/blog\/wp-json\/wp\/v2\/product_cat?post=1139"},{"taxonomy":"product_tag","embeddable":true,"href":"https:\/\/franxica.com.br\/blog\/wp-json\/wp\/v2\/product_tag?post=1139"}],"curies":[{"name":"wp","href":"https:\/\/api.w.org\/{rel}","templated":true}]}}