{"id":1192,"date":"2023-07-12T21:02:22","date_gmt":"2023-07-13T00:02:22","guid":{"rendered":"https:\/\/franxica.com.br\/blog\/produto\/bone-para-cachorro-chapeu-pet-rosa-racas-pequenas-rosa-franxica\/"},"modified":"2023-07-17T11:45:46","modified_gmt":"2023-07-17T14:45:46","slug":"bone-para-cachorro-chapeu-pet-rosa-racas-pequenas-rosa-franxica","status":"publish","type":"product","link":"https:\/\/franxica.com.br\/blog\/produto\/bone-para-cachorro-chapeu-pet-rosa-racas-pequenas-rosa-franxica\/","title":{"rendered":"Bon\u00e9 para Cachorro Chap\u00e9u Pet Ra\u00e7as Pequenas Rosa Franxica"},"content":{"rendered":"<p>Bon\u00e9 para Cachorro Chap\u00e9u Pet Rosa Ra\u00e7as Pequenas Rosa Franxica.<\/p>\n<p>Super &#8220;estiloso&#8221;, com uma pegada chique.<\/p>\n<p>Poder\u00e1 varia\u00e7\u00f5es nas cores de tecido, modelos e cores de pingentes.<\/p>\n<p>Preso ao pesco\u00e7o atrav\u00e9s de um el\u00e1stico.<\/p>\n<p>Di\u00e2metro da boca 10 cm<\/p>\n","protected":false},"excerpt":{"rendered":"<p>Bon\u00e9 para Cachorro Chap\u00e9u Pet Rosa Ra\u00e7as Pequenas Rosa Franxica.<\/p>\n<p>Super &#8220;estiloso&#8221;, com uma pegada chique.<\/p>\n<p>Poder\u00e1 varia\u00e7\u00f5es nas cores de tecido, modelos e cores de pingentes.<\/p>\n<p>Preso ao pesco\u00e7o atrav\u00e9s de um el\u00e1stico.<\/p>\n<p>Di\u00e2metro da boca 10 cm<\/p>\n<p><a href=\"https:\/\/franxica.com.br\/blog\/como-comprar\/\"><img decoding=\"async\" class=\"alignnone size-full wp-image-1691\" src=\"https:\/\/franxica.com.br\/blog\/wp-content\/uploads\/2023\/07\/Como-comprar-150x100-1.jpg\" alt=\"\" width=\"150\" height=\"100\" \/><\/a><\/p>\n","protected":false},"featured_media":1187,"template":"","meta":{"neve_meta_sidebar":"","neve_meta_container":"","neve_meta_enable_content_width":"off","neve_meta_content_width":100,"neve_meta_title_alignment":"","neve_meta_author_avatar":"","neve_post_elements_order":"","neve_meta_disable_header":"","neve_meta_disable_footer":"","neve_meta_disable_title":"","_FSMCFIC_featured_image_caption":"","_FSMCFIC_featured_image_nocaption":"","_FSMCFIC_featured_image_hide":""},"product_brand":[],"product_cat":[21,20],"product_tag":[],"class_list":{"0":"post-1192","1":"product","2":"type-product","3":"status-publish","4":"has-post-thumbnail","6":"product_cat-acessorios","7":"product_cat-sem-categoria","9":"first","10":"instock","11":"shipping-taxable","12":"purchasable","13":"product-type-simple"},"_links":{"self":[{"href":"https:\/\/franxica.com.br\/blog\/wp-json\/wp\/v2\/product\/1192","targetHints":{"allow":["GET"]}}],"collection":[{"href":"https:\/\/franxica.com.br\/blog\/wp-json\/wp\/v2\/product"}],"about":[{"href":"https:\/\/franxica.com.br\/blog\/wp-json\/wp\/v2\/types\/product"}],"wp:featuredmedia":[{"embeddable":true,"href":"https:\/\/franxica.com.br\/blog\/wp-json\/wp\/v2\/media\/1187"}],"wp:attachment":[{"href":"https:\/\/franxica.com.br\/blog\/wp-json\/wp\/v2\/media?parent=1192"}],"wp:term":[{"taxonomy":"product_brand","embeddable":true,"href":"https:\/\/franxica.com.br\/blog\/wp-json\/wp\/v2\/product_brand?post=1192"},{"taxonomy":"product_cat","embeddable":true,"href":"https:\/\/franxica.com.br\/blog\/wp-json\/wp\/v2\/product_cat?post=1192"},{"taxonomy":"product_tag","embeddable":true,"href":"https:\/\/franxica.com.br\/blog\/wp-json\/wp\/v2\/product_tag?post=1192"}],"curies":[{"name":"wp","href":"https:\/\/api.w.org\/{rel}","templated":true}]}}