{"id":1197,"date":"2023-07-14T06:21:57","date_gmt":"2023-07-14T09:21:57","guid":{"rendered":"https:\/\/franxica.com.br\/blog\/produto\/capa-protetora-banco-traseiro-carro-atacado-pet-shop\/"},"modified":"2023-08-09T18:57:28","modified_gmt":"2023-08-09T21:57:28","slug":"capa-protetora-banco-traseiro-carro-atacado-pet-shop","status":"publish","type":"product","link":"https:\/\/franxica.com.br\/blog\/produto\/capa-protetora-banco-traseiro-carro-atacado-pet-shop\/","title":{"rendered":"Capa protetora imperme\u00e1vel banco traseiro carro atacado pet"},"content":{"rendered":"<p>Capa Protetora Pet Banco Traseiro Carro Imperme\u00e1vel p\/ Cachorro e Gato<\/p>\n<p>A capa de banco para cachorro da Franxica protege o banco do carro das unhas do animal, um eventual xixi, al\u00e9m de proporcionar muito conforto ao pet.<\/p>\n<p>&nbsp;<\/p>\n<div class=\"nv-iframe-embed\"><iframe title=\"Capa para carro banco traseiro ideal para Banho e Tosa\" width=\"1200\" height=\"675\" src=\"https:\/\/www.youtube.com\/embed\/xXJp1Os8IA0?feature=oembed\" frameborder=\"0\" allow=\"accelerometer; autoplay; clipboard-write; encrypted-media; gyroscope; picture-in-picture; web-share\" allowfullscreen><\/iframe><\/div>\n<p>&nbsp;<\/p>\n<p>Caracter\u00edsticas principais:<\/p>\n<p>&#8211; Imperme\u00e1vel.<\/p>\n<p>&#8211; Cor Preta<\/p>\n<p>&#8211; Possui abertura para o cinto de seguran\u00e7a, uma pouco mais alta, para deixar a capa imperme\u00e1vel mesmo com a abertura.<\/p>\n<p>&#8211; Fixa\u00e7\u00e3o nos encostos do banco dianteiro e traseiros.<\/p>\n<p>&#8211; Instala\u00e7\u00e3o f\u00e1cil em poucos minutos.<\/p>\n<p>&#8211; A fixa\u00e7\u00e3o evita que o animal caia no v\u00e3o entre os bancos.<\/p>\n<p>&#8211; Serve em qualquer carro (necess\u00e1rio encostos de cabe\u00e7a no banco para prender as al\u00e7as da capa).<\/p>\n<p>Caracter\u00edsticas especiais:<\/p>\n<p>&#8211; Confeccionada com fus\u00e3o t\u00e9rmica entre PVC male\u00e1vel na parte inferior e malha de nylon na parte superior. Este processo confere durabilidade, impermeabilidade e conforto ao animal. Pois a parte de contato com ele se torna antiderrapante.<\/p>\n<p>&#8211; F\u00e1cil limpeza.<\/p>\n<p>Obs. N\u00e3o lavar na m\u00e1quina.<\/p>\n<p>Conte\u00fado:<\/p>\n<p>1 &#8211; Capa de prote\u00e7\u00e3o para banco traseiro automotivo.<\/p>\n<p>Franxica, atacado pet<\/p>\n<p>&nbsp;<\/p>\n","protected":false},"excerpt":{"rendered":"<p>Capa protetora para banco traseiro. Possui abertura para o cinto de seguran\u00e7a e \u00e9 imperme\u00e1vel.<\/p>\n<p><a href=\"https:\/\/franxica.com.br\/blog\/como-comprar\/\"><img decoding=\"async\" class=\"alignnone size-full wp-image-1691\" src=\"https:\/\/franxica.com.br\/blog\/wp-content\/uploads\/2023\/07\/Como-comprar-150x100-1.jpg\" alt=\"\" width=\"150\" height=\"100\" \/><\/a><\/p>\n","protected":false},"featured_media":1193,"template":"","meta":{"neve_meta_sidebar":"","neve_meta_container":"","neve_meta_enable_content_width":"off","neve_meta_content_width":100,"neve_meta_title_alignment":"","neve_meta_author_avatar":"","neve_post_elements_order":"","neve_meta_disable_header":"","neve_meta_disable_footer":"","neve_meta_disable_title":"","_FSMCFIC_featured_image_caption":"","_FSMCFIC_featured_image_nocaption":"","_FSMCFIC_featured_image_hide":""},"product_brand":[],"product_cat":[21,20],"product_tag":[],"class_list":{"0":"post-1197","1":"product","2":"type-product","3":"status-publish","4":"has-post-thumbnail","6":"product_cat-acessorios","7":"product_cat-sem-categoria","9":"first","10":"instock","11":"shipping-taxable","12":"purchasable","13":"product-type-simple"},"_links":{"self":[{"href":"https:\/\/franxica.com.br\/blog\/wp-json\/wp\/v2\/product\/1197","targetHints":{"allow":["GET"]}}],"collection":[{"href":"https:\/\/franxica.com.br\/blog\/wp-json\/wp\/v2\/product"}],"about":[{"href":"https:\/\/franxica.com.br\/blog\/wp-json\/wp\/v2\/types\/product"}],"wp:featuredmedia":[{"embeddable":true,"href":"https:\/\/franxica.com.br\/blog\/wp-json\/wp\/v2\/media\/1193"}],"wp:attachment":[{"href":"https:\/\/franxica.com.br\/blog\/wp-json\/wp\/v2\/media?parent=1197"}],"wp:term":[{"taxonomy":"product_brand","embeddable":true,"href":"https:\/\/franxica.com.br\/blog\/wp-json\/wp\/v2\/product_brand?post=1197"},{"taxonomy":"product_cat","embeddable":true,"href":"https:\/\/franxica.com.br\/blog\/wp-json\/wp\/v2\/product_cat?post=1197"},{"taxonomy":"product_tag","embeddable":true,"href":"https:\/\/franxica.com.br\/blog\/wp-json\/wp\/v2\/product_tag?post=1197"}],"curies":[{"name":"wp","href":"https:\/\/api.w.org\/{rel}","templated":true}]}}