{"id":1353,"date":"2023-07-15T09:12:23","date_gmt":"2023-07-15T12:12:23","guid":{"rendered":"https:\/\/franxica.com.br\/blog\/produto\/frango-galinha-p-16-cm-borracha-p-cachorro-brinquedo-pet-atacado\/"},"modified":"2023-07-17T11:44:07","modified_gmt":"2023-07-17T14:44:07","slug":"frango-galinha-p-16-cm-borracha-p-cachorro-brinquedo-pet-atacado","status":"publish","type":"product","link":"https:\/\/franxica.com.br\/blog\/produto\/frango-galinha-p-16-cm-borracha-p-cachorro-brinquedo-pet-atacado\/","title":{"rendered":"Frango galinha P 16 cm borracha p\/ cachorro brinquedo pet atacado"},"content":{"rendered":"<p>Brinquedo para pet confeccionado em vinil (polipropileno) de alta qualidade com apito.<\/p>\n<p>Tamanho P aproximado: 16 cm<\/p>\n<p>At\u00f3xico.<\/p>\n<p class=\"MsoNormal\">Frango galinha 16 cm borracha p\/ cachorro brinquedo pet mordedor sonoro<\/p>\n<p class=\"MsoNormal\">INFORMA\u00c7\u00d5ES SOBRE O PRODUTO:<\/p>\n<p class=\"MsoNormal\">Brinquedo mordedor para c\u00e3es<\/p>\n<p class=\"MsoNormal\">Possui apito, que chama a aten\u00e7\u00e3o do pet. Som parecido com uma galinha.<\/p>\n<p class=\"MsoNormal\">ESPECIFICA\u00c7\u00d5ES:<\/p>\n<p class=\"MsoNormal\">Modelo FX195<\/p>\n<p class=\"MsoNormal\">Tipo: Brinquedo sonoro<\/p>\n<p class=\"MsoNormal\">Cor: Amarelo<\/p>\n<p class=\"MsoNormal\">Material: Borracha<\/p>\n<p class=\"MsoNormal\">Recomendado para: Pequeno e M\u00e9dio porte<\/p>\n<p class=\"MsoNormal\">Dimens\u00f5es Aproximadas: 16 cm<\/p>\n<p class=\"MsoNormal\">ITENS INCLUSOS:<\/p>\n<p class=\"MsoNormal\">1 Brinquedo com apito<\/p>\n<p>FRANXICA PET ATACADO traz para voc\u00ea uma completa linha de produtos para divers\u00e3o do seu pet.<\/p>\n<p>Nossos brinquedos s\u00e3o at\u00f3xicos, \u00f3tima qualidade e confeccionados com materiais adequados ao trato animal.<\/p>\n<p>Fique atento a estas dicas, elas s\u00e3o muito importantes:<\/p>\n<p>&#8211; Estes produtos s\u00e3o de uso exclusivos para animais dom\u00e9sticos;<\/p>\n<p>&#8211; Recomendado para os animais de pequeno e m\u00e9dio porte;<\/p>\n<p>&#8211; Lembre-se: Nenhum brinquedo \u00e9 indestrut\u00edvel. Retire ao ver sinais de deteriora\u00e7\u00e3o;<\/p>\n<p>&#8211; A durabilidade dos brinquedos depende do comportamento do seu animal;<\/p>\n<p>&#8211; N\u00e3o permita que seu animal mastigue ou engula partes do produto;<\/p>\n<p>&#8211; N\u00e3o permita que seu animal de estima\u00e7\u00e3o use um produto quebrado ou danificado;<\/p>\n<p>&#8211; Aconselhamos lavar o produto em \u00e1gua corrente;<\/p>\n<p>&#8211; Sempre monitore a brincadeira do seu pet.<\/p>\n","protected":false},"excerpt":{"rendered":"<p>Frango galinha P 16 cm borracha p\/ cachorro brinquedo pet atacado<\/p>\n<p>Tamanho P aproximado: 16 cm<\/p>\n<p>At\u00f3xico.<\/p>\n<p class=\"MsoNormal\">Frango galinha 16 cm borracha p\/ cachorro brinquedo pet mordedor sonoro<\/p>\n<p class=\"MsoNormal\">ESPECIFICA\u00c7\u00d5ES:<\/p>\n<p class=\"MsoNormal\">Modelo FX195<\/p>\n<p class=\"MsoNormal\">Tipo: Brinquedo sonoro<\/p>\n<p class=\"MsoNormal\">Cor: Amarelo<\/p>\n<p class=\"MsoNormal\">Material: Borracha<\/p>\n<p class=\"MsoNormal\">Recomendado para: Pequeno e M\u00e9dio porte<\/p>\n<p class=\"MsoNormal\">Dimens\u00f5es Aproximadas: 16 cm<\/p>\n<p><a href=\"https:\/\/franxica.com.br\/blog\/como-comprar\/\"><img decoding=\"async\" class=\"alignnone size-full wp-image-1691\" src=\"https:\/\/franxica.com.br\/blog\/wp-content\/uploads\/2023\/07\/Como-comprar-150x100-1.jpg\" alt=\"\" width=\"150\" height=\"100\" \/><\/a><\/p>\n","protected":false},"featured_media":1351,"template":"","meta":{"neve_meta_sidebar":"","neve_meta_container":"","neve_meta_enable_content_width":"off","neve_meta_content_width":100,"neve_meta_title_alignment":"","neve_meta_author_avatar":"","neve_post_elements_order":"","neve_meta_disable_header":"","neve_meta_disable_footer":"","neve_meta_disable_title":"","_FSMCFIC_featured_image_caption":"","_FSMCFIC_featured_image_nocaption":"","_FSMCFIC_featured_image_hide":""},"product_brand":[],"product_cat":[23,20],"product_tag":[],"class_list":{"0":"post-1353","1":"product","2":"type-product","3":"status-publish","4":"has-post-thumbnail","6":"product_cat-brinquedos","7":"product_cat-sem-categoria","9":"first","10":"instock","11":"shipping-taxable","12":"purchasable","13":"product-type-simple"},"_links":{"self":[{"href":"https:\/\/franxica.com.br\/blog\/wp-json\/wp\/v2\/product\/1353","targetHints":{"allow":["GET"]}}],"collection":[{"href":"https:\/\/franxica.com.br\/blog\/wp-json\/wp\/v2\/product"}],"about":[{"href":"https:\/\/franxica.com.br\/blog\/wp-json\/wp\/v2\/types\/product"}],"wp:featuredmedia":[{"embeddable":true,"href":"https:\/\/franxica.com.br\/blog\/wp-json\/wp\/v2\/media\/1351"}],"wp:attachment":[{"href":"https:\/\/franxica.com.br\/blog\/wp-json\/wp\/v2\/media?parent=1353"}],"wp:term":[{"taxonomy":"product_brand","embeddable":true,"href":"https:\/\/franxica.com.br\/blog\/wp-json\/wp\/v2\/product_brand?post=1353"},{"taxonomy":"product_cat","embeddable":true,"href":"https:\/\/franxica.com.br\/blog\/wp-json\/wp\/v2\/product_cat?post=1353"},{"taxonomy":"product_tag","embeddable":true,"href":"https:\/\/franxica.com.br\/blog\/wp-json\/wp\/v2\/product_tag?post=1353"}],"curies":[{"name":"wp","href":"https:\/\/api.w.org\/{rel}","templated":true}]}}