{"id":1384,"date":"2023-07-16T08:27:40","date_gmt":"2023-07-16T11:27:40","guid":{"rendered":"https:\/\/franxica.com.br\/blog\/produto\/bife-borracha-pet-11-cm-brinquedo-para-cachorro-atacado-pet\/"},"modified":"2023-07-17T11:41:10","modified_gmt":"2023-07-17T14:41:10","slug":"bife-borracha-pet-11-cm-brinquedo-para-cachorro-atacado-pet","status":"publish","type":"product","link":"https:\/\/franxica.com.br\/blog\/produto\/bife-borracha-pet-11-cm-brinquedo-para-cachorro-atacado-pet\/","title":{"rendered":"Bife Borracha Pet 11 cm Brinquedo para Cachorro Atacado Pet"},"content":{"rendered":"<p>Brinquedo para Cachorro Mordedor Bife Borracha Pet 11 cm c\/ Som<\/p>\n<p>Tamanho aproximado: 11cm;<\/p>\n<p>Cor: marrom (a tonalidade pode variar)<\/p>\n<p>Possui apito que emite um som quando o animal morder o brinquedo.<\/p>\n<p>At\u00f3xico.<\/p>\n<p>Fique atento a estas dicas, elas s\u00e3o muito importantes:<\/p>\n<p>&#8211; Estes produtos s\u00e3o exclusivos para animais dom\u00e9sticos;<\/p>\n<p>&#8211; Recomendado para os animais de pequeno e m\u00e9dio porte;<\/p>\n<p>&#8211; Lembre-se: Nenhum brinquedo \u00e9 indestrut\u00edvel. Retire ao ver sinais de deteriora\u00e7\u00e3o;<\/p>\n<p>&#8211; A durabilidade dos brinquedos depende do comportamento do seu animal;<\/p>\n<p>&#8211; N\u00e3o permita que seu animal mastigue ou engula partes do produto;<\/p>\n<p>&#8211; N\u00e3o permita que seu animal de estima\u00e7\u00e3o use um produto quebrado ou danificado;<\/p>\n<p>&#8211; Aconselhamos lavar o produto em \u00e1gua corrente;<\/p>\n<p>&#8211; Sempre monitore a brincadeira do seu pet.<\/p>\n","protected":false},"excerpt":{"rendered":"<p>Bife Borracha Pet 11 cm Brinquedo para Cachorro Mordedor c\/ Som Atacado Pet.<\/p>\n<p>Tamanho aproximado: 11cm;<\/p>\n<p>Cor: marrom (a tonalidade pode variar)<\/p>\n<p>Possui apito que emite um som quando o animal morder o brinquedo.<\/p>\n<p><a href=\"https:\/\/franxica.com.br\/blog\/como-comprar\/\"><img decoding=\"async\" class=\"alignnone size-full wp-image-1691\" src=\"https:\/\/franxica.com.br\/blog\/wp-content\/uploads\/2023\/07\/Como-comprar-150x100-1.jpg\" alt=\"\" width=\"150\" height=\"100\" \/><\/a><\/p>\n","protected":false},"featured_media":1382,"template":"","meta":{"neve_meta_sidebar":"","neve_meta_container":"","neve_meta_enable_content_width":"off","neve_meta_content_width":100,"neve_meta_title_alignment":"","neve_meta_author_avatar":"","neve_post_elements_order":"","neve_meta_disable_header":"","neve_meta_disable_footer":"","neve_meta_disable_title":"","_FSMCFIC_featured_image_caption":"","_FSMCFIC_featured_image_nocaption":"","_FSMCFIC_featured_image_hide":""},"product_brand":[],"product_cat":[23,20],"product_tag":[],"class_list":{"0":"post-1384","1":"product","2":"type-product","3":"status-publish","4":"has-post-thumbnail","6":"product_cat-brinquedos","7":"product_cat-sem-categoria","9":"first","10":"instock","11":"shipping-taxable","12":"purchasable","13":"product-type-simple"},"_links":{"self":[{"href":"https:\/\/franxica.com.br\/blog\/wp-json\/wp\/v2\/product\/1384","targetHints":{"allow":["GET"]}}],"collection":[{"href":"https:\/\/franxica.com.br\/blog\/wp-json\/wp\/v2\/product"}],"about":[{"href":"https:\/\/franxica.com.br\/blog\/wp-json\/wp\/v2\/types\/product"}],"wp:featuredmedia":[{"embeddable":true,"href":"https:\/\/franxica.com.br\/blog\/wp-json\/wp\/v2\/media\/1382"}],"wp:attachment":[{"href":"https:\/\/franxica.com.br\/blog\/wp-json\/wp\/v2\/media?parent=1384"}],"wp:term":[{"taxonomy":"product_brand","embeddable":true,"href":"https:\/\/franxica.com.br\/blog\/wp-json\/wp\/v2\/product_brand?post=1384"},{"taxonomy":"product_cat","embeddable":true,"href":"https:\/\/franxica.com.br\/blog\/wp-json\/wp\/v2\/product_cat?post=1384"},{"taxonomy":"product_tag","embeddable":true,"href":"https:\/\/franxica.com.br\/blog\/wp-json\/wp\/v2\/product_tag?post=1384"}],"curies":[{"name":"wp","href":"https:\/\/api.w.org\/{rel}","templated":true}]}}