{"id":1420,"date":"2023-07-16T08:45:47","date_gmt":"2023-07-16T11:45:47","guid":{"rendered":"https:\/\/franxica.com.br\/blog\/produto\/brinquedo-para-cachorro-mordedor-martelo-borracha-pet-14-cm-c-som-cores-diversas\/"},"modified":"2023-07-17T11:39:30","modified_gmt":"2023-07-17T14:39:30","slug":"brinquedo-para-cachorro-mordedor-martelo-borracha-pet-14","status":"publish","type":"product","link":"https:\/\/franxica.com.br\/blog\/produto\/brinquedo-para-cachorro-mordedor-martelo-borracha-pet-14\/","title":{"rendered":"Brinquedo para Cachorro Mordedor Martelo Borracha Pet 14 cm c\/ Som Cores Diversas"},"content":{"rendered":"<p>Brinquedo para Cachorro Mordedor Martelo Borracha Pet 14 cm c\/ Som<\/p>\n<p>Tamanho aproximado: 14 cm<\/p>\n<p>At\u00f3xico.<\/p>\n<div class=\"OutlineElement Ltr SCXW107612889 BCX0\" style=\"margin: 0px; padding: 0px; overflow: visible; cursor: text; clear: both; position: relative; direction: ltr; font-family: 'Segoe UI', 'Segoe UI Web', Arial, Verdana, sans-serif; font-size: 12px;\">\n<p class=\"Paragraph SCXW107612889 BCX0\" lang=\"PT-BR\" style=\"padding: 0px; vertical-align: baseline; background-color: transparent; color: windowtext;\" xml:lang=\"PT-BR\"><span class=\"TextRun SCXW107612889 BCX0\" lang=\"PT-BR\" style=\"margin: 0px; padding: 0px; font-size: 10.5pt; line-height: 17.2667px; font-family: Verdana, Verdana_EmbeddedFont, Verdana_MSFontService, sans-serif;\" xml:lang=\"PT-BR\" data-contrast=\"none\">Brinquedo divertido para pet confeccionado em vinil (polipropileno) de alta qualidade com apito.<\/span><span class=\"EOP SCXW107612889 BCX0\" style=\"margin: 0px; padding: 0px; font-size: 10.5pt; line-height: 17.2667px; font-family: Verdana, Verdana_EmbeddedFont, Verdana_MSFontService, sans-serif;\" data-ccp-props=\"{&quot;201341983&quot;:0,&quot;335559739&quot;:160,&quot;335559740&quot;:259}\">\u00a0<\/span><\/p>\n<\/div>\n<div class=\"OutlineElement Ltr SCXW107612889 BCX0\" style=\"margin: 0px; padding: 0px; overflow: visible; cursor: text; clear: both; position: relative; direction: ltr; font-family: 'Segoe UI', 'Segoe UI Web', Arial, Verdana, sans-serif; font-size: 12px;\">\n<p class=\"Paragraph SCXW107612889 BCX0\" lang=\"PT-BR\" style=\"padding: 0px; vertical-align: baseline; background-color: transparent; color: windowtext;\" xml:lang=\"PT-BR\"><span class=\"EOP SCXW107612889 BCX0\" style=\"margin: 0px; padding: 0px; font-size: 10.5pt; line-height: 17.2667px; font-family: Verdana, Verdana_EmbeddedFont, Verdana_MSFontService, sans-serif;\" data-ccp-props=\"{&quot;201341983&quot;:0,&quot;335559739&quot;:160,&quot;335559740&quot;:259}\">\u00a0<\/span><\/p>\n<\/div>\n<div class=\"OutlineElement Ltr SCXW107612889 BCX0\" style=\"margin: 0px; padding: 0px; overflow: visible; cursor: text; clear: both; position: relative; direction: ltr; font-family: 'Segoe UI', 'Segoe UI Web', Arial, Verdana, sans-serif; font-size: 12px;\">\n<p class=\"Paragraph SCXW107612889 BCX0\" lang=\"PT-BR\" style=\"padding: 0px; vertical-align: baseline; background-color: transparent; color: windowtext;\" xml:lang=\"PT-BR\"><span class=\"TextRun SCXW107612889 BCX0\" lang=\"PT-BR\" style=\"margin: 0px; padding: 0px; font-size: 10.5pt; line-height: 17.2667px; font-family: Verdana, Verdana_EmbeddedFont, Verdana_MSFontService, sans-serif;\" xml:lang=\"PT-BR\" data-contrast=\"none\">N\u00e3o \u00e9 poss\u00edvel escolher a cor do brinquedo. Ser\u00e3o enviadas de forma aleat\u00f3ria de acordo com disponibilidade em estoque.<\/span><\/p>\n<p class=\"Paragraph SCXW107612889 BCX0\" lang=\"PT-BR\" style=\"padding: 0px; vertical-align: baseline; background-color: transparent; color: windowtext;\" xml:lang=\"PT-BR\">\n<\/div>\n<div class=\"OutlineElement Ltr SCXW107612889 BCX0\" style=\"margin: 0px; padding: 0px; overflow: visible; cursor: text; clear: both; position: relative; direction: ltr; font-family: 'Segoe UI', 'Segoe UI Web', Arial, Verdana, sans-serif; font-size: 12px;\">\n<p class=\"Paragraph SCXW107612889 BCX0\" lang=\"PT-BR\" style=\"padding: 0px; vertical-align: baseline; background-color: transparent; color: windowtext;\" xml:lang=\"PT-BR\"><span class=\"TextRun SCXW107612889 BCX0\" lang=\"PT-BR\" style=\"margin: 0px; padding: 0px; font-size: 10.5pt; line-height: 17.2667px; font-family: Verdana, Verdana_EmbeddedFont, Verdana_MSFontService, sans-serif;\" xml:lang=\"PT-BR\" data-contrast=\"none\">Fique atento a estas dicas, elas s\u00e3o muito importantes:<\/span><span class=\"EOP SCXW107612889 BCX0\" style=\"margin: 0px; padding: 0px; font-size: 10.5pt; line-height: 17.2667px; font-family: Verdana, Verdana_EmbeddedFont, Verdana_MSFontService, sans-serif;\" data-ccp-props=\"{&quot;201341983&quot;:0,&quot;335559739&quot;:160,&quot;335559740&quot;:259}\">\u00a0<\/span><\/p>\n<\/div>\n<div class=\"OutlineElement Ltr SCXW107612889 BCX0\" style=\"margin: 0px; padding: 0px; overflow: visible; cursor: text; clear: both; position: relative; direction: ltr; font-family: 'Segoe UI', 'Segoe UI Web', Arial, Verdana, sans-serif; font-size: 12px;\">\n<p class=\"Paragraph SCXW107612889 BCX0\" lang=\"PT-BR\" style=\"padding: 0px; vertical-align: baseline; background-color: transparent; color: windowtext;\" xml:lang=\"PT-BR\"><span class=\"TextRun SCXW107612889 BCX0\" lang=\"PT-BR\" style=\"margin: 0px; padding: 0px; font-size: 10.5pt; line-height: 17.2667px; font-family: Verdana, Verdana_EmbeddedFont, Verdana_MSFontService, sans-serif;\" xml:lang=\"PT-BR\" data-contrast=\"none\">&#8211; Estes produtos s\u00e3o exclusivos para animais dom\u00e9sticos;<\/span><span class=\"EOP SCXW107612889 BCX0\" style=\"margin: 0px; padding: 0px; font-size: 10.5pt; line-height: 17.2667px; font-family: Verdana, Verdana_EmbeddedFont, Verdana_MSFontService, sans-serif;\" data-ccp-props=\"{&quot;201341983&quot;:0,&quot;335559739&quot;:160,&quot;335559740&quot;:259}\">\u00a0<\/span><\/p>\n<\/div>\n<div class=\"OutlineElement Ltr SCXW107612889 BCX0\" style=\"margin: 0px; padding: 0px; overflow: visible; cursor: text; clear: both; position: relative; direction: ltr; font-family: 'Segoe UI', 'Segoe UI Web', Arial, Verdana, sans-serif; font-size: 12px;\">\n<p class=\"Paragraph SCXW107612889 BCX0\" lang=\"PT-BR\" style=\"padding: 0px; vertical-align: baseline; background-color: transparent; color: windowtext;\" xml:lang=\"PT-BR\"><span class=\"TextRun SCXW107612889 BCX0\" lang=\"PT-BR\" style=\"margin: 0px; padding: 0px; font-size: 10.5pt; line-height: 17.2667px; font-family: Verdana, Verdana_EmbeddedFont, Verdana_MSFontService, sans-serif;\" xml:lang=\"PT-BR\" data-contrast=\"none\">&#8211; Recomendado para os animais de pequeno e m\u00e9dio porte;<\/span><span class=\"EOP SCXW107612889 BCX0\" style=\"margin: 0px; padding: 0px; font-size: 10.5pt; line-height: 17.2667px; font-family: Verdana, Verdana_EmbeddedFont, Verdana_MSFontService, sans-serif;\" data-ccp-props=\"{&quot;201341983&quot;:0,&quot;335559739&quot;:160,&quot;335559740&quot;:259}\">\u00a0<\/span><\/p>\n<\/div>\n<div class=\"OutlineElement Ltr SCXW107612889 BCX0\" style=\"margin: 0px; padding: 0px; overflow: visible; cursor: text; clear: both; position: relative; direction: ltr; font-family: 'Segoe UI', 'Segoe UI Web', Arial, Verdana, sans-serif; font-size: 12px;\">\n<p class=\"Paragraph SCXW107612889 BCX0\" lang=\"PT-BR\" style=\"padding: 0px; vertical-align: baseline; background-color: transparent; color: windowtext;\" xml:lang=\"PT-BR\"><span class=\"TextRun SCXW107612889 BCX0\" lang=\"PT-BR\" style=\"margin: 0px; padding: 0px; font-size: 10.5pt; line-height: 17.2667px; font-family: Verdana, Verdana_EmbeddedFont, Verdana_MSFontService, sans-serif;\" xml:lang=\"PT-BR\" data-contrast=\"none\">&#8211; Lembre-se: Nenhum brinquedo \u00e9 indestrut\u00edvel. Retire ao ver sinais de deteriora\u00e7\u00e3o;<\/span><span class=\"EOP SCXW107612889 BCX0\" style=\"margin: 0px; padding: 0px; font-size: 10.5pt; line-height: 17.2667px; font-family: Verdana, Verdana_EmbeddedFont, Verdana_MSFontService, sans-serif;\" data-ccp-props=\"{&quot;201341983&quot;:0,&quot;335559739&quot;:160,&quot;335559740&quot;:259}\">\u00a0<\/span><\/p>\n<\/div>\n<div class=\"OutlineElement Ltr SCXW107612889 BCX0\" style=\"margin: 0px; padding: 0px; overflow: visible; cursor: text; clear: both; position: relative; direction: ltr; font-family: 'Segoe UI', 'Segoe UI Web', Arial, Verdana, sans-serif; font-size: 12px;\">\n<p class=\"Paragraph SCXW107612889 BCX0\" lang=\"PT-BR\" style=\"padding: 0px; vertical-align: baseline; background-color: transparent; color: windowtext;\" xml:lang=\"PT-BR\"><span class=\"TextRun SCXW107612889 BCX0\" lang=\"PT-BR\" style=\"margin: 0px; padding: 0px; font-size: 10.5pt; line-height: 17.2667px; font-family: Verdana, Verdana_EmbeddedFont, Verdana_MSFontService, sans-serif;\" xml:lang=\"PT-BR\" data-contrast=\"none\">&#8211; A durabilidade dos brinquedos depende do comportamento do seu animal;<\/span><span class=\"EOP SCXW107612889 BCX0\" style=\"margin: 0px; padding: 0px; font-size: 10.5pt; line-height: 17.2667px; font-family: Verdana, Verdana_EmbeddedFont, Verdana_MSFontService, sans-serif;\" data-ccp-props=\"{&quot;201341983&quot;:0,&quot;335559739&quot;:160,&quot;335559740&quot;:259}\">\u00a0<\/span><\/p>\n<\/div>\n<div class=\"OutlineElement Ltr SCXW107612889 BCX0\" style=\"margin: 0px; padding: 0px; overflow: visible; cursor: text; clear: both; position: relative; direction: ltr; font-family: 'Segoe UI', 'Segoe UI Web', Arial, Verdana, sans-serif; font-size: 12px;\">\n<p class=\"Paragraph SCXW107612889 BCX0\" lang=\"PT-BR\" style=\"padding: 0px; vertical-align: baseline; background-color: transparent; color: windowtext;\" xml:lang=\"PT-BR\"><span class=\"TextRun SCXW107612889 BCX0\" lang=\"PT-BR\" style=\"margin: 0px; padding: 0px; font-size: 10.5pt; line-height: 17.2667px; font-family: Verdana, Verdana_EmbeddedFont, Verdana_MSFontService, sans-serif;\" xml:lang=\"PT-BR\" data-contrast=\"none\">&#8211; N\u00e3o permita que seu animal mastigue ou engula partes do produto;<\/span><span class=\"EOP SCXW107612889 BCX0\" style=\"margin: 0px; padding: 0px; font-size: 10.5pt; line-height: 17.2667px; font-family: Verdana, Verdana_EmbeddedFont, Verdana_MSFontService, sans-serif;\" data-ccp-props=\"{&quot;201341983&quot;:0,&quot;335559739&quot;:160,&quot;335559740&quot;:259}\">\u00a0<\/span><\/p>\n<\/div>\n<div class=\"OutlineElement Ltr SCXW107612889 BCX0\" style=\"margin: 0px; padding: 0px; overflow: visible; cursor: text; clear: both; position: relative; direction: ltr; font-family: 'Segoe UI', 'Segoe UI Web', Arial, Verdana, sans-serif; font-size: 12px;\">\n<p class=\"Paragraph SCXW107612889 BCX0\" lang=\"PT-BR\" style=\"padding: 0px; vertical-align: baseline; background-color: transparent; color: windowtext;\" xml:lang=\"PT-BR\"><span class=\"TextRun SCXW107612889 BCX0\" lang=\"PT-BR\" style=\"margin: 0px; padding: 0px; font-size: 10.5pt; line-height: 17.2667px; font-family: Verdana, Verdana_EmbeddedFont, Verdana_MSFontService, sans-serif;\" xml:lang=\"PT-BR\" data-contrast=\"none\">&#8211; N\u00e3o permita que seu animal de estima\u00e7\u00e3o use um produto quebrado ou danificado;<\/span><span class=\"EOP SCXW107612889 BCX0\" style=\"margin: 0px; padding: 0px; font-size: 10.5pt; line-height: 17.2667px; font-family: Verdana, Verdana_EmbeddedFont, Verdana_MSFontService, sans-serif;\" data-ccp-props=\"{&quot;201341983&quot;:0,&quot;335559739&quot;:160,&quot;335559740&quot;:259}\">\u00a0<\/span><\/p>\n<\/div>\n<div class=\"OutlineElement Ltr SCXW107612889 BCX0\" style=\"margin: 0px; padding: 0px; overflow: visible; cursor: text; clear: both; position: relative; direction: ltr; font-family: 'Segoe UI', 'Segoe UI Web', Arial, Verdana, sans-serif; font-size: 12px;\">\n<p class=\"Paragraph SCXW107612889 BCX0\" lang=\"PT-BR\" style=\"padding: 0px; vertical-align: baseline; background-color: transparent; color: windowtext;\" xml:lang=\"PT-BR\"><span class=\"TextRun SCXW107612889 BCX0\" lang=\"PT-BR\" style=\"margin: 0px; padding: 0px; font-size: 10.5pt; line-height: 17.2667px; font-family: Verdana, Verdana_EmbeddedFont, Verdana_MSFontService, sans-serif;\" xml:lang=\"PT-BR\" data-contrast=\"none\">&#8211; Aconselhamos lavar o produto em \u00e1gua corrente;<\/span><span class=\"EOP SCXW107612889 BCX0\" style=\"margin: 0px; padding: 0px; font-size: 10.5pt; line-height: 17.2667px; font-family: Verdana, Verdana_EmbeddedFont, Verdana_MSFontService, sans-serif;\" data-ccp-props=\"{&quot;201341983&quot;:0,&quot;335559739&quot;:160,&quot;335559740&quot;:259}\">\u00a0<\/span><\/p>\n<\/div>\n<div class=\"OutlineElement Ltr SCXW107612889 BCX0\" style=\"margin: 0px; padding: 0px; overflow: visible; cursor: text; clear: both; position: relative; direction: ltr; font-family: 'Segoe UI', 'Segoe UI Web', Arial, Verdana, sans-serif; font-size: 12px;\">\n<p class=\"Paragraph SCXW107612889 BCX0\" lang=\"PT-BR\" style=\"padding: 0px; vertical-align: baseline; background-color: transparent; color: windowtext;\" xml:lang=\"PT-BR\"><span class=\"TextRun SCXW107612889 BCX0\" lang=\"PT-BR\" style=\"margin: 0px; padding: 0px; font-size: 10.5pt; line-height: 17.2667px; font-family: Verdana, Verdana_EmbeddedFont, Verdana_MSFontService, sans-serif;\" xml:lang=\"PT-BR\" data-contrast=\"none\">&#8211; Sempre monitore a brincadeira do seu pet.<\/span><span class=\"EOP SCXW107612889 BCX0\" style=\"margin: 0px; padding: 0px; font-size: 10.5pt; line-height: 17.2667px; font-family: Verdana, Verdana_EmbeddedFont, Verdana_MSFontService, sans-serif;\" data-ccp-props=\"{&quot;201341983&quot;:0,&quot;335559739&quot;:160,&quot;335559740&quot;:259}\">\u00a0<\/span><\/p>\n<\/div>\n","protected":false},"excerpt":{"rendered":"<p>Brinquedo para Cachorro Mordedor Martelo Borracha Pet 14 cm c\/ Som<\/p>\n<p>Tamanho aproximado: 14 cm<\/p>\n<p><span style=\"font-family: Verdana, Verdana_EmbeddedFont, Verdana_MSFontService, sans-serif; font-size: 10.5pt; background-color: transparent; color: windowtext;\">\u00a0<\/span><\/p>\n<div class=\"OutlineElement Ltr SCXW107612889 BCX0\" style=\"margin: 0px; padding: 0px; overflow: visible; cursor: text; clear: both; position: relative; direction: ltr; font-family: 'Segoe UI', 'Segoe UI Web', Arial, Verdana, sans-serif; font-size: 12px;\">\n<p class=\"Paragraph SCXW107612889 BCX0\" lang=\"PT-BR\" style=\"padding: 0px; vertical-align: baseline; background-color: transparent; color: windowtext;\" xml:lang=\"PT-BR\"><span class=\"TextRun SCXW107612889 BCX0\" lang=\"PT-BR\" style=\"margin: 0px; padding: 0px; font-size: 10.5pt; line-height: 17.2667px; font-family: Verdana, Verdana_EmbeddedFont, Verdana_MSFontService, sans-serif;\" xml:lang=\"PT-BR\" data-contrast=\"none\">N\u00e3o \u00e9 poss\u00edvel escolher a cor do brinquedo. Ser\u00e3o enviadas de forma aleat\u00f3ria de acordo com disponibilidade em estoque.<\/span><\/p>\n<\/div>\n<p>At\u00f3xico.<\/p>\n<div class=\"OutlineElement Ltr SCXW107612889 BCX0\" style=\"margin: 0px; padding: 0px; overflow: visible; cursor: text; clear: both; position: relative; direction: ltr; font-family: 'Segoe UI', 'Segoe UI Web', Arial, Verdana, sans-serif; font-size: 12px;\">\n<p class=\"Paragraph SCXW107612889 BCX0\" lang=\"PT-BR\" style=\"padding: 0px; vertical-align: baseline; background-color: transparent; color: windowtext;\" xml:lang=\"PT-BR\"><span class=\"TextRun SCXW107612889 BCX0\" lang=\"PT-BR\" style=\"margin: 0px; padding: 0px; font-size: 10.5pt; line-height: 17.2667px; font-family: Verdana, Verdana_EmbeddedFont, Verdana_MSFontService, sans-serif;\" xml:lang=\"PT-BR\" data-contrast=\"none\">Brinquedo divertido para pet confeccionado em vinil (polipropileno) de alta qualidade com apito.<\/span><span class=\"EOP SCXW107612889 BCX0\" style=\"margin: 0px; padding: 0px; font-size: 10.5pt; line-height: 17.2667px; font-family: Verdana, Verdana_EmbeddedFont, Verdana_MSFontService, sans-serif;\" data-ccp-props=\"{&quot;201341983&quot;:0,&quot;335559739&quot;:160,&quot;335559740&quot;:259}\">\u00a0<\/span><\/p>\n<\/div>\n<div class=\"OutlineElement Ltr SCXW107612889 BCX0\" style=\"margin: 0px; padding: 0px; overflow: visible; cursor: text; clear: both; position: relative; direction: ltr; font-family: 'Segoe UI', 'Segoe UI Web', Arial, Verdana, sans-serif; font-size: 12px;\"><a href=\"https:\/\/franxica.com.br\/blog\/como-comprar\/\"><img decoding=\"async\" class=\"alignnone size-full wp-image-1691\" src=\"https:\/\/franxica.com.br\/blog\/wp-content\/uploads\/2023\/07\/Como-comprar-150x100-1.jpg\" alt=\"\" width=\"150\" height=\"100\" \/><\/a><\/div>\n","protected":false},"featured_media":1416,"template":"","meta":{"neve_meta_sidebar":"","neve_meta_container":"","neve_meta_enable_content_width":"off","neve_meta_content_width":100,"neve_meta_title_alignment":"","neve_meta_author_avatar":"","neve_post_elements_order":"","neve_meta_disable_header":"","neve_meta_disable_footer":"","neve_meta_disable_title":"","_FSMCFIC_featured_image_caption":"","_FSMCFIC_featured_image_nocaption":"","_FSMCFIC_featured_image_hide":""},"product_brand":[],"product_cat":[23,20],"product_tag":[],"class_list":{"0":"post-1420","1":"product","2":"type-product","3":"status-publish","4":"has-post-thumbnail","6":"product_cat-brinquedos","7":"product_cat-sem-categoria","9":"first","10":"instock","11":"shipping-taxable","12":"purchasable","13":"product-type-simple"},"_links":{"self":[{"href":"https:\/\/franxica.com.br\/blog\/wp-json\/wp\/v2\/product\/1420","targetHints":{"allow":["GET"]}}],"collection":[{"href":"https:\/\/franxica.com.br\/blog\/wp-json\/wp\/v2\/product"}],"about":[{"href":"https:\/\/franxica.com.br\/blog\/wp-json\/wp\/v2\/types\/product"}],"wp:featuredmedia":[{"embeddable":true,"href":"https:\/\/franxica.com.br\/blog\/wp-json\/wp\/v2\/media\/1416"}],"wp:attachment":[{"href":"https:\/\/franxica.com.br\/blog\/wp-json\/wp\/v2\/media?parent=1420"}],"wp:term":[{"taxonomy":"product_brand","embeddable":true,"href":"https:\/\/franxica.com.br\/blog\/wp-json\/wp\/v2\/product_brand?post=1420"},{"taxonomy":"product_cat","embeddable":true,"href":"https:\/\/franxica.com.br\/blog\/wp-json\/wp\/v2\/product_cat?post=1420"},{"taxonomy":"product_tag","embeddable":true,"href":"https:\/\/franxica.com.br\/blog\/wp-json\/wp\/v2\/product_tag?post=1420"}],"curies":[{"name":"wp","href":"https:\/\/api.w.org\/{rel}","templated":true}]}}