{"id":1442,"date":"2023-07-16T08:56:39","date_gmt":"2023-07-16T11:56:39","guid":{"rendered":"https:\/\/franxica.com.br\/blog\/produto\/sanduiche-gergelim-borracha-pet-12-cm-c-som-brinquedo-para-cachorro-atacado\/"},"modified":"2023-07-17T11:37:56","modified_gmt":"2023-07-17T14:37:56","slug":"sanduiche-gergelim-pet-brinquedo-para-cachorro-atacado","status":"publish","type":"product","link":"https:\/\/franxica.com.br\/blog\/produto\/sanduiche-gergelim-pet-brinquedo-para-cachorro-atacado\/","title":{"rendered":"Sandu\u00edche Gergelim Borracha Pet 12 cm c\/ Som Brinquedo para Cachorro Atacado"},"content":{"rendered":"<p>Brinquedo para Cachorro Mordedor Sandu\u00edche Gergelim Borracha Pet 12 cm c\/ Som<\/p>\n<p>Tamanho aproximado: 12 cm<\/p>\n<div class=\"OutlineElement Ltr SCXW67710732 BCX0\" style=\"margin: 0px; padding: 0px; overflow: visible; cursor: text; clear: both; position: relative; direction: ltr; font-family: 'Segoe UI', 'Segoe UI Web', Arial, Verdana, sans-serif; font-size: 12px;\">\n<p class=\"Paragraph SCXW67710732 BCX0\" lang=\"PT-BR\" style=\"padding: 0px; vertical-align: baseline; background-color: transparent; color: windowtext;\" xml:lang=\"PT-BR\"><span class=\"TextRun SCXW67710732 BCX0\" lang=\"PT-BR\" style=\"margin: 0px; padding: 0px; font-size: 10.5pt; line-height: 17.2667px; font-family: Verdana, Verdana_EmbeddedFont, Verdana_MSFontService, sans-serif;\" xml:lang=\"PT-BR\" data-contrast=\"none\">Brinquedo divertido para pet confeccionado em vinil (polipropileno) de alta qualidade com apito.<\/span><span class=\"EOP SCXW67710732 BCX0\" style=\"margin: 0px; padding: 0px; font-size: 10.5pt; line-height: 17.2667px; font-family: Verdana, Verdana_EmbeddedFont, Verdana_MSFontService, sans-serif;\" data-ccp-props=\"{&quot;201341983&quot;:0,&quot;335559739&quot;:160,&quot;335559740&quot;:259}\">\u00a0<\/span><\/p>\n<\/div>\n<div class=\"OutlineElement Ltr SCXW67710732 BCX0\" style=\"margin: 0px; padding: 0px; overflow: visible; cursor: text; clear: both; position: relative; direction: ltr; font-family: 'Segoe UI', 'Segoe UI Web', Arial, Verdana, sans-serif; font-size: 12px;\">\n<p class=\"Paragraph SCXW67710732 BCX0\" lang=\"PT-BR\" style=\"padding: 0px; vertical-align: baseline; background-color: transparent; color: windowtext;\" xml:lang=\"PT-BR\"><span class=\"TextRun SCXW67710732 BCX0\" lang=\"PT-BR\" style=\"margin: 0px; padding: 0px; font-size: 10.5pt; line-height: 17.2667px; font-family: Verdana, Verdana_EmbeddedFont, Verdana_MSFontService, sans-serif;\" xml:lang=\"PT-BR\" data-contrast=\"none\">At\u00f3xico.<\/span><span class=\"EOP SCXW67710732 BCX0\" style=\"margin: 0px; padding: 0px; font-size: 10.5pt; line-height: 17.2667px; font-family: Verdana, Verdana_EmbeddedFont, Verdana_MSFontService, sans-serif;\" data-ccp-props=\"{&quot;201341983&quot;:0,&quot;335559739&quot;:160,&quot;335559740&quot;:259}\">\u00a0<\/span><\/p>\n<\/div>\n<div class=\"OutlineElement Ltr SCXW67710732 BCX0\" style=\"margin: 0px; padding: 0px; overflow: visible; cursor: text; clear: both; position: relative; direction: ltr; font-family: 'Segoe UI', 'Segoe UI Web', Arial, Verdana, sans-serif; font-size: 12px;\">\n<p class=\"Paragraph SCXW67710732 BCX0\" lang=\"PT-BR\" style=\"padding: 0px; vertical-align: baseline; background-color: transparent; color: windowtext;\" xml:lang=\"PT-BR\"><span class=\"EOP SCXW67710732 BCX0\" style=\"margin: 0px; padding: 0px; font-size: 10.5pt; line-height: 17.2667px; font-family: Verdana, Verdana_EmbeddedFont, Verdana_MSFontService, sans-serif;\" data-ccp-props=\"{&quot;201341983&quot;:0,&quot;335559739&quot;:160,&quot;335559740&quot;:259}\">\u00a0<\/span><\/p>\n<\/div>\n<div class=\"OutlineElement Ltr SCXW67710732 BCX0\" style=\"margin: 0px; padding: 0px; overflow: visible; cursor: text; clear: both; position: relative; direction: ltr;\">\n<p class=\"Paragraph SCXW67710732 BCX0\" lang=\"PT-BR\" style=\"padding: 0px; vertical-align: baseline; background-color: transparent; color: windowtext;\" xml:lang=\"PT-BR\"><span style=\"font-family: Verdana, Verdana_EmbeddedFont, Verdana_MSFontService, sans-serif;\">Pode haver altera\u00e7\u00f5es na tonalidade da cor do produto.<\/span><\/p>\n<\/div>\n<div class=\"OutlineElement Ltr SCXW67710732 BCX0\" style=\"margin: 0px; padding: 0px; overflow: visible; cursor: text; clear: both; position: relative; direction: ltr; font-family: 'Segoe UI', 'Segoe UI Web', Arial, Verdana, sans-serif; font-size: 12px;\">\n<p class=\"Paragraph SCXW67710732 BCX0\" lang=\"PT-BR\" style=\"padding: 0px; vertical-align: baseline; background-color: transparent; color: windowtext;\" xml:lang=\"PT-BR\"><span class=\"EOP SCXW67710732 BCX0\" style=\"margin: 0px; padding: 0px; font-size: 10.5pt; line-height: 17.2667px; font-family: Verdana, Verdana_EmbeddedFont, Verdana_MSFontService, sans-serif;\" data-ccp-props=\"{&quot;201341983&quot;:0,&quot;335559739&quot;:160,&quot;335559740&quot;:259}\">\u00a0<\/span><\/p>\n<\/div>\n<div class=\"OutlineElement Ltr SCXW67710732 BCX0\" style=\"margin: 0px; padding: 0px; overflow: visible; cursor: text; clear: both; position: relative; direction: ltr; font-family: 'Segoe UI', 'Segoe UI Web', Arial, Verdana, sans-serif; font-size: 12px;\">\n<p class=\"Paragraph SCXW67710732 BCX0\" lang=\"PT-BR\" style=\"padding: 0px; vertical-align: baseline; background-color: transparent; color: windowtext;\" xml:lang=\"PT-BR\"><span class=\"TextRun SCXW67710732 BCX0\" lang=\"PT-BR\" style=\"margin: 0px; padding: 0px; font-size: 10.5pt; line-height: 17.2667px; font-family: Verdana, Verdana_EmbeddedFont, Verdana_MSFontService, sans-serif;\" xml:lang=\"PT-BR\" data-contrast=\"none\">Fique atento a estas dicas, elas s\u00e3o muito importantes:<\/span><span class=\"EOP SCXW67710732 BCX0\" style=\"margin: 0px; padding: 0px; font-size: 10.5pt; line-height: 17.2667px; font-family: Verdana, Verdana_EmbeddedFont, Verdana_MSFontService, sans-serif;\" data-ccp-props=\"{&quot;201341983&quot;:0,&quot;335559739&quot;:160,&quot;335559740&quot;:259}\">\u00a0<\/span><\/p>\n<\/div>\n<div class=\"OutlineElement Ltr SCXW67710732 BCX0\" style=\"margin: 0px; padding: 0px; overflow: visible; cursor: text; clear: both; position: relative; direction: ltr; font-family: 'Segoe UI', 'Segoe UI Web', Arial, Verdana, sans-serif; font-size: 12px;\">\n<p class=\"Paragraph SCXW67710732 BCX0\" lang=\"PT-BR\" style=\"padding: 0px; vertical-align: baseline; background-color: transparent; color: windowtext;\" xml:lang=\"PT-BR\"><span class=\"TextRun SCXW67710732 BCX0\" lang=\"PT-BR\" style=\"margin: 0px; padding: 0px; font-size: 10.5pt; line-height: 17.2667px; font-family: Verdana, Verdana_EmbeddedFont, Verdana_MSFontService, sans-serif;\" xml:lang=\"PT-BR\" data-contrast=\"none\">&#8211; Estes produtos s\u00e3o exclusivos para animais dom\u00e9sticos;<\/span><span class=\"EOP SCXW67710732 BCX0\" style=\"margin: 0px; padding: 0px; font-size: 10.5pt; line-height: 17.2667px; font-family: Verdana, Verdana_EmbeddedFont, Verdana_MSFontService, sans-serif;\" data-ccp-props=\"{&quot;201341983&quot;:0,&quot;335559739&quot;:160,&quot;335559740&quot;:259}\">\u00a0<\/span><\/p>\n<\/div>\n<div class=\"OutlineElement Ltr SCXW67710732 BCX0\" style=\"margin: 0px; padding: 0px; overflow: visible; cursor: text; clear: both; position: relative; direction: ltr; font-family: 'Segoe UI', 'Segoe UI Web', Arial, Verdana, sans-serif; font-size: 12px;\">\n<p class=\"Paragraph SCXW67710732 BCX0\" lang=\"PT-BR\" style=\"padding: 0px; vertical-align: baseline; background-color: transparent; color: windowtext;\" xml:lang=\"PT-BR\"><span class=\"TextRun SCXW67710732 BCX0\" lang=\"PT-BR\" style=\"margin: 0px; padding: 0px; font-size: 10.5pt; line-height: 17.2667px; font-family: Verdana, Verdana_EmbeddedFont, Verdana_MSFontService, sans-serif;\" xml:lang=\"PT-BR\" data-contrast=\"none\">&#8211; Recomendado para os animais de pequeno e m\u00e9dio porte;<\/span><span class=\"EOP SCXW67710732 BCX0\" style=\"margin: 0px; padding: 0px; font-size: 10.5pt; line-height: 17.2667px; font-family: Verdana, Verdana_EmbeddedFont, Verdana_MSFontService, sans-serif;\" data-ccp-props=\"{&quot;201341983&quot;:0,&quot;335559739&quot;:160,&quot;335559740&quot;:259}\">\u00a0<\/span><\/p>\n<\/div>\n<div class=\"OutlineElement Ltr SCXW67710732 BCX0\" style=\"margin: 0px; padding: 0px; overflow: visible; cursor: text; clear: both; position: relative; direction: ltr; font-family: 'Segoe UI', 'Segoe UI Web', Arial, Verdana, sans-serif; font-size: 12px;\">\n<p class=\"Paragraph SCXW67710732 BCX0\" lang=\"PT-BR\" style=\"padding: 0px; vertical-align: baseline; background-color: transparent; color: windowtext;\" xml:lang=\"PT-BR\"><span class=\"TextRun SCXW67710732 BCX0\" lang=\"PT-BR\" style=\"margin: 0px; padding: 0px; font-size: 10.5pt; line-height: 17.2667px; font-family: Verdana, Verdana_EmbeddedFont, Verdana_MSFontService, sans-serif;\" xml:lang=\"PT-BR\" data-contrast=\"none\">&#8211; Lembre-se: Nenhum brinquedo \u00e9 indestrut\u00edvel. Retire ao ver sinais de deteriora\u00e7\u00e3o;<\/span><span class=\"EOP SCXW67710732 BCX0\" style=\"margin: 0px; padding: 0px; font-size: 10.5pt; line-height: 17.2667px; font-family: Verdana, Verdana_EmbeddedFont, Verdana_MSFontService, sans-serif;\" data-ccp-props=\"{&quot;201341983&quot;:0,&quot;335559739&quot;:160,&quot;335559740&quot;:259}\">\u00a0<\/span><\/p>\n<\/div>\n<div class=\"OutlineElement Ltr SCXW67710732 BCX0\" style=\"margin: 0px; padding: 0px; overflow: visible; cursor: text; clear: both; position: relative; direction: ltr; font-family: 'Segoe UI', 'Segoe UI Web', Arial, Verdana, sans-serif; font-size: 12px;\">\n<p class=\"Paragraph SCXW67710732 BCX0\" lang=\"PT-BR\" style=\"padding: 0px; vertical-align: baseline; background-color: transparent; color: windowtext;\" xml:lang=\"PT-BR\"><span class=\"TextRun SCXW67710732 BCX0\" lang=\"PT-BR\" style=\"margin: 0px; padding: 0px; font-size: 10.5pt; line-height: 17.2667px; font-family: Verdana, Verdana_EmbeddedFont, Verdana_MSFontService, sans-serif;\" xml:lang=\"PT-BR\" data-contrast=\"none\">&#8211; A durabilidade dos brinquedos depende do comportamento do seu animal;<\/span><span class=\"EOP SCXW67710732 BCX0\" style=\"margin: 0px; padding: 0px; font-size: 10.5pt; line-height: 17.2667px; font-family: Verdana, Verdana_EmbeddedFont, Verdana_MSFontService, sans-serif;\" data-ccp-props=\"{&quot;201341983&quot;:0,&quot;335559739&quot;:160,&quot;335559740&quot;:259}\">\u00a0<\/span><\/p>\n<\/div>\n<div class=\"OutlineElement Ltr SCXW67710732 BCX0\" style=\"margin: 0px; padding: 0px; overflow: visible; cursor: text; clear: both; position: relative; direction: ltr; font-family: 'Segoe UI', 'Segoe UI Web', Arial, Verdana, sans-serif; font-size: 12px;\">\n<p class=\"Paragraph SCXW67710732 BCX0\" lang=\"PT-BR\" style=\"padding: 0px; vertical-align: baseline; background-color: transparent; color: windowtext;\" xml:lang=\"PT-BR\"><span class=\"TextRun SCXW67710732 BCX0\" lang=\"PT-BR\" style=\"margin: 0px; padding: 0px; font-size: 10.5pt; line-height: 17.2667px; font-family: Verdana, Verdana_EmbeddedFont, Verdana_MSFontService, sans-serif;\" xml:lang=\"PT-BR\" data-contrast=\"none\">&#8211; N\u00e3o permita que seu animal mastigue ou engula partes do produto;<\/span><span class=\"EOP SCXW67710732 BCX0\" style=\"margin: 0px; padding: 0px; font-size: 10.5pt; line-height: 17.2667px; font-family: Verdana, Verdana_EmbeddedFont, Verdana_MSFontService, sans-serif;\" data-ccp-props=\"{&quot;201341983&quot;:0,&quot;335559739&quot;:160,&quot;335559740&quot;:259}\">\u00a0<\/span><\/p>\n<\/div>\n<div class=\"OutlineElement Ltr SCXW67710732 BCX0\" style=\"margin: 0px; padding: 0px; overflow: visible; cursor: text; clear: both; position: relative; direction: ltr; font-family: 'Segoe UI', 'Segoe UI Web', Arial, Verdana, sans-serif; font-size: 12px;\">\n<p class=\"Paragraph SCXW67710732 BCX0\" lang=\"PT-BR\" style=\"padding: 0px; vertical-align: baseline; background-color: transparent; color: windowtext;\" xml:lang=\"PT-BR\"><span class=\"TextRun SCXW67710732 BCX0\" lang=\"PT-BR\" style=\"margin: 0px; padding: 0px; font-size: 10.5pt; line-height: 17.2667px; font-family: Verdana, Verdana_EmbeddedFont, Verdana_MSFontService, sans-serif;\" xml:lang=\"PT-BR\" data-contrast=\"none\">&#8211; N\u00e3o permita que seu animal de estima\u00e7\u00e3o use um produto quebrado ou danificado;<\/span><span class=\"EOP SCXW67710732 BCX0\" style=\"margin: 0px; padding: 0px; font-size: 10.5pt; line-height: 17.2667px; font-family: Verdana, Verdana_EmbeddedFont, Verdana_MSFontService, sans-serif;\" data-ccp-props=\"{&quot;201341983&quot;:0,&quot;335559739&quot;:160,&quot;335559740&quot;:259}\">\u00a0<\/span><\/p>\n<\/div>\n<div class=\"OutlineElement Ltr SCXW67710732 BCX0\" style=\"margin: 0px; padding: 0px; overflow: visible; cursor: text; clear: both; position: relative; direction: ltr; font-family: 'Segoe UI', 'Segoe UI Web', Arial, Verdana, sans-serif; font-size: 12px;\">\n<p class=\"Paragraph SCXW67710732 BCX0\" lang=\"PT-BR\" style=\"padding: 0px; vertical-align: baseline; background-color: transparent; color: windowtext;\" xml:lang=\"PT-BR\"><span class=\"TextRun SCXW67710732 BCX0\" lang=\"PT-BR\" style=\"margin: 0px; padding: 0px; font-size: 10.5pt; line-height: 17.2667px; font-family: Verdana, Verdana_EmbeddedFont, Verdana_MSFontService, sans-serif;\" xml:lang=\"PT-BR\" data-contrast=\"none\">&#8211; Aconselhamos lavar o produto em \u00e1gua corrente;<\/span><span class=\"EOP SCXW67710732 BCX0\" style=\"margin: 0px; padding: 0px; font-size: 10.5pt; line-height: 17.2667px; font-family: Verdana, Verdana_EmbeddedFont, Verdana_MSFontService, sans-serif;\" data-ccp-props=\"{&quot;201341983&quot;:0,&quot;335559739&quot;:160,&quot;335559740&quot;:259}\">\u00a0<\/span><\/p>\n<\/div>\n<div class=\"OutlineElement Ltr SCXW67710732 BCX0\" style=\"margin: 0px; padding: 0px; overflow: visible; cursor: text; clear: both; position: relative; direction: ltr; font-family: 'Segoe UI', 'Segoe UI Web', Arial, Verdana, sans-serif; font-size: 12px;\">\n<p class=\"Paragraph SCXW67710732 BCX0\" lang=\"PT-BR\" style=\"padding: 0px; vertical-align: baseline; background-color: transparent; color: windowtext;\" xml:lang=\"PT-BR\"><span class=\"TextRun SCXW67710732 BCX0\" lang=\"PT-BR\" style=\"margin: 0px; padding: 0px; font-size: 10.5pt; line-height: 17.2667px; font-family: Verdana, Verdana_EmbeddedFont, Verdana_MSFontService, sans-serif;\" xml:lang=\"PT-BR\" data-contrast=\"none\">&#8211; Sempre monitore a brincadeira do seu pet.<\/span><span class=\"EOP SCXW67710732 BCX0\" style=\"margin: 0px; padding: 0px; font-size: 10.5pt; line-height: 17.2667px; font-family: Verdana, Verdana_EmbeddedFont, Verdana_MSFontService, sans-serif;\" data-ccp-props=\"{&quot;201341983&quot;:0,&quot;335559739&quot;:160,&quot;335559740&quot;:259}\">\u00a0<\/span><\/p>\n<\/div>\n","protected":false},"excerpt":{"rendered":"<p>Sandu\u00edche Gergelim Borracha Pet 12 cm c\/ Som Brinquedo para Cachorro Atacado<\/p>\n<p>Tamanho aproximado: 12 cm<\/p>\n<div class=\"OutlineElement Ltr SCXW67710732 BCX0\" style=\"margin: 0px; padding: 0px; overflow: visible; cursor: text; clear: both; position: relative; direction: ltr; font-family: 'Segoe UI', 'Segoe UI Web', Arial, Verdana, sans-serif; font-size: 12px;\">\n<p class=\"Paragraph SCXW67710732 BCX0\" lang=\"PT-BR\" style=\"padding: 0px; vertical-align: baseline; background-color: transparent; color: windowtext;\" xml:lang=\"PT-BR\"><span class=\"TextRun SCXW67710732 BCX0\" lang=\"PT-BR\" style=\"margin: 0px; padding: 0px; font-size: 10.5pt; line-height: 17.2667px; font-family: Verdana, Verdana_EmbeddedFont, Verdana_MSFontService, sans-serif;\" xml:lang=\"PT-BR\" data-contrast=\"none\">Brinquedo divertido para pet confeccionado em vinil (polipropileno) de alta qualidade com apito.<\/span><span class=\"EOP SCXW67710732 BCX0\" style=\"margin: 0px; padding: 0px; font-size: 10.5pt; line-height: 17.2667px; font-family: Verdana, Verdana_EmbeddedFont, Verdana_MSFontService, sans-serif;\" data-ccp-props=\"{&quot;201341983&quot;:0,&quot;335559739&quot;:160,&quot;335559740&quot;:259}\">\u00a0<\/span><\/p>\n<\/div>\n<div class=\"OutlineElement Ltr SCXW67710732 BCX0\" style=\"margin: 0px; padding: 0px; overflow: visible; cursor: text; clear: both; position: relative; direction: ltr; font-family: 'Segoe UI', 'Segoe UI Web', Arial, Verdana, sans-serif; font-size: 12px;\">\n<p class=\"Paragraph SCXW67710732 BCX0\" lang=\"PT-BR\" style=\"padding: 0px; vertical-align: baseline; background-color: transparent; color: windowtext;\" xml:lang=\"PT-BR\"><span class=\"TextRun SCXW67710732 BCX0\" lang=\"PT-BR\" style=\"margin: 0px; padding: 0px; font-size: 10.5pt; line-height: 17.2667px; font-family: Verdana, Verdana_EmbeddedFont, Verdana_MSFontService, sans-serif;\" xml:lang=\"PT-BR\" data-contrast=\"none\">At\u00f3xico.<\/span><span class=\"EOP SCXW67710732 BCX0\" style=\"margin: 0px; padding: 0px; font-size: 10.5pt; line-height: 17.2667px; font-family: Verdana, Verdana_EmbeddedFont, Verdana_MSFontService, sans-serif;\" data-ccp-props=\"{&quot;201341983&quot;:0,&quot;335559739&quot;:160,&quot;335559740&quot;:259}\">\u00a0<\/span><\/p>\n<\/div>\n<div class=\"OutlineElement Ltr SCXW67710732 BCX0\" style=\"margin: 0px; padding: 0px; overflow: visible; cursor: text; clear: both; position: relative; direction: ltr; font-family: 'Segoe UI', 'Segoe UI Web', Arial, Verdana, sans-serif; font-size: 12px;\">\n<p class=\"Paragraph SCXW67710732 BCX0\" lang=\"PT-BR\" style=\"padding: 0px; vertical-align: baseline; background-color: transparent; color: windowtext;\" xml:lang=\"PT-BR\"><span class=\"EOP SCXW67710732 BCX0\" style=\"margin: 0px; padding: 0px; font-size: 10.5pt; line-height: 17.2667px; font-family: Verdana, Verdana_EmbeddedFont, Verdana_MSFontService, sans-serif;\" data-ccp-props=\"{&quot;201341983&quot;:0,&quot;335559739&quot;:160,&quot;335559740&quot;:259}\">\u00a0<\/span><\/p>\n<\/div>\n<div class=\"OutlineElement Ltr SCXW67710732 BCX0\" style=\"margin: 0px; padding: 0px; overflow: visible; cursor: text; clear: both; position: relative; direction: ltr;\">\n<p class=\"Paragraph SCXW67710732 BCX0\" lang=\"PT-BR\" style=\"padding: 0px; vertical-align: baseline; background-color: transparent; color: windowtext;\" xml:lang=\"PT-BR\"><span style=\"font-family: Verdana, Verdana_EmbeddedFont, Verdana_MSFontService, sans-serif;\">Pode haver altera\u00e7\u00f5es na tonalidade da cor do produto.<\/span><\/p>\n<p lang=\"PT-BR\" xml:lang=\"PT-BR\"><a href=\"https:\/\/franxica.com.br\/blog\/como-comprar\/\"><img decoding=\"async\" class=\"alignnone size-full wp-image-1691\" src=\"https:\/\/franxica.com.br\/blog\/wp-content\/uploads\/2023\/07\/Como-comprar-150x100-1.jpg\" alt=\"\" width=\"150\" height=\"100\" \/><\/a><\/p>\n<\/div>\n","protected":false},"featured_media":1439,"template":"","meta":{"neve_meta_sidebar":"","neve_meta_container":"","neve_meta_enable_content_width":"off","neve_meta_content_width":100,"neve_meta_title_alignment":"","neve_meta_author_avatar":"","neve_post_elements_order":"","neve_meta_disable_header":"","neve_meta_disable_footer":"","neve_meta_disable_title":"","_FSMCFIC_featured_image_caption":"","_FSMCFIC_featured_image_nocaption":"","_FSMCFIC_featured_image_hide":""},"product_brand":[],"product_cat":[23,20],"product_tag":[],"class_list":{"0":"post-1442","1":"product","2":"type-product","3":"status-publish","4":"has-post-thumbnail","6":"product_cat-brinquedos","7":"product_cat-sem-categoria","9":"first","10":"instock","11":"shipping-taxable","12":"purchasable","13":"product-type-simple"},"_links":{"self":[{"href":"https:\/\/franxica.com.br\/blog\/wp-json\/wp\/v2\/product\/1442","targetHints":{"allow":["GET"]}}],"collection":[{"href":"https:\/\/franxica.com.br\/blog\/wp-json\/wp\/v2\/product"}],"about":[{"href":"https:\/\/franxica.com.br\/blog\/wp-json\/wp\/v2\/types\/product"}],"wp:featuredmedia":[{"embeddable":true,"href":"https:\/\/franxica.com.br\/blog\/wp-json\/wp\/v2\/media\/1439"}],"wp:attachment":[{"href":"https:\/\/franxica.com.br\/blog\/wp-json\/wp\/v2\/media?parent=1442"}],"wp:term":[{"taxonomy":"product_brand","embeddable":true,"href":"https:\/\/franxica.com.br\/blog\/wp-json\/wp\/v2\/product_brand?post=1442"},{"taxonomy":"product_cat","embeddable":true,"href":"https:\/\/franxica.com.br\/blog\/wp-json\/wp\/v2\/product_cat?post=1442"},{"taxonomy":"product_tag","embeddable":true,"href":"https:\/\/franxica.com.br\/blog\/wp-json\/wp\/v2\/product_tag?post=1442"}],"curies":[{"name":"wp","href":"https:\/\/api.w.org\/{rel}","templated":true}]}}