{"id":1474,"date":"2023-07-16T09:55:17","date_gmt":"2023-07-16T12:55:17","guid":{"rendered":"https:\/\/franxica.com.br\/blog\/produto\/kit-4-mordedores-borracha-pet-rigidos-sortidos-brinquedo-para-cachorro\/"},"modified":"2023-07-17T11:36:31","modified_gmt":"2023-07-17T14:36:31","slug":"kit-4-mordedores-pet-rigidos-sortidos-brinquedo-para-cachorro-atacado","status":"publish","type":"product","link":"https:\/\/franxica.com.br\/blog\/produto\/kit-4-mordedores-pet-rigidos-sortidos-brinquedo-para-cachorro-atacado\/","title":{"rendered":"Kit 4 Mordedores Borracha Pet R\u00edgidos Sortidos Brinquedo para Cachorro Atacado"},"content":{"rendered":"<p>Brinquedos para pet confeccionado em borracha de alta qualidade.<\/p>\n<p>Tamanho aproximado: de 5 a 12 cm em m\u00e9dia<\/p>\n<p>At\u00f3xico.<\/p>\n<p>Ser\u00e3o enviadas cores sortidas. N\u00e3o h\u00e1 como escolher.<\/p>\n<p>Sempre monitore a brincadeira do seu animalzinho.<\/p>\n<p>N\u00e3o existe brinquedo indestrutivel. A ver sinal de deteriora\u00e7\u00e3o da pe\u00e7a, retire de imediato.<\/p>\n","protected":false},"excerpt":{"rendered":"<p>Brinquedos para pet confeccionado em borracha de alta qualidade e boa resist\u00eancia.<\/p>\n<p>Brinquedo pet r\u00edgido por\u00e9m macio.<\/p>\n<p>Tamanho aproximado: de 5 a 12 cm em m\u00e9dia<\/p>\n<p>At\u00f3xico.<\/p>\n<p>Ser\u00e3o enviadas cores sortidas. N\u00e3o h\u00e1 como escolher.<\/p>\n<p><a href=\"https:\/\/franxica.com.br\/blog\/como-comprar\/\"><img decoding=\"async\" class=\"alignnone size-full wp-image-1691\" src=\"https:\/\/franxica.com.br\/blog\/wp-content\/uploads\/2023\/07\/Como-comprar-150x100-1.jpg\" alt=\"\" width=\"150\" height=\"100\" \/><\/a><\/p>\n","protected":false},"featured_media":1465,"template":"","meta":{"neve_meta_sidebar":"","neve_meta_container":"","neve_meta_enable_content_width":"off","neve_meta_content_width":100,"neve_meta_title_alignment":"","neve_meta_author_avatar":"","neve_post_elements_order":"","neve_meta_disable_header":"","neve_meta_disable_footer":"","neve_meta_disable_title":"","_FSMCFIC_featured_image_caption":"","_FSMCFIC_featured_image_nocaption":"","_FSMCFIC_featured_image_hide":""},"product_brand":[],"product_cat":[23,20],"product_tag":[],"class_list":{"0":"post-1474","1":"product","2":"type-product","3":"status-publish","4":"has-post-thumbnail","6":"product_cat-brinquedos","7":"product_cat-sem-categoria","9":"first","10":"instock","11":"shipping-taxable","12":"purchasable","13":"product-type-simple"},"_links":{"self":[{"href":"https:\/\/franxica.com.br\/blog\/wp-json\/wp\/v2\/product\/1474","targetHints":{"allow":["GET"]}}],"collection":[{"href":"https:\/\/franxica.com.br\/blog\/wp-json\/wp\/v2\/product"}],"about":[{"href":"https:\/\/franxica.com.br\/blog\/wp-json\/wp\/v2\/types\/product"}],"wp:featuredmedia":[{"embeddable":true,"href":"https:\/\/franxica.com.br\/blog\/wp-json\/wp\/v2\/media\/1465"}],"wp:attachment":[{"href":"https:\/\/franxica.com.br\/blog\/wp-json\/wp\/v2\/media?parent=1474"}],"wp:term":[{"taxonomy":"product_brand","embeddable":true,"href":"https:\/\/franxica.com.br\/blog\/wp-json\/wp\/v2\/product_brand?post=1474"},{"taxonomy":"product_cat","embeddable":true,"href":"https:\/\/franxica.com.br\/blog\/wp-json\/wp\/v2\/product_cat?post=1474"},{"taxonomy":"product_tag","embeddable":true,"href":"https:\/\/franxica.com.br\/blog\/wp-json\/wp\/v2\/product_tag?post=1474"}],"curies":[{"name":"wp","href":"https:\/\/api.w.org\/{rel}","templated":true}]}}