{"id":1481,"date":"2023-07-16T09:59:22","date_gmt":"2023-07-16T12:59:22","guid":{"rendered":"https:\/\/franxica.com.br\/blog\/produto\/pelucia-banana-p-caes-e-gatos-brinquedo-atacado-pet-shop\/"},"modified":"2023-07-17T11:34:49","modified_gmt":"2023-07-17T14:34:49","slug":"pelucia-banana-brinquedo-atacado-pet-shop","status":"publish","type":"product","link":"https:\/\/franxica.com.br\/blog\/produto\/pelucia-banana-brinquedo-atacado-pet-shop\/","title":{"rendered":"Pel\u00facia banana P c\u00e3es e gatos brinquedo atacado pet shop"},"content":{"rendered":"<p style=\"font-size: 11px;\">Pel\u00facia P c\u00e3es e gatos brinquedo atacado pet shop<\/p>\n<p style=\"font-size: 11px;\">A cor e o modelo da pel\u00facia pode variar.<\/p>\n<p style=\"font-size: 11px;\">Com apito<\/p>\n<p style=\"font-size: 11px;\">Tamanho aproximado:\u00a014 cm (pode haver pequena varia\u00e7\u00e3o)<\/p>\n<p style=\"font-size: 11px;\">Com a pel\u00facia a brincadeira \u00e9 divertida. \u00c9 um brinquedo que os c\u00e3es amam.<\/p>\n","protected":false},"excerpt":{"rendered":"<p style=\"font-size: 11px;\">Pel\u00facia P c\u00e3es e gatos brinquedo atacado pet shop<\/p>\n<p style=\"font-size: 11px;\">A cor e o modelo da pel\u00facia pode variar.<\/p>\n<p style=\"font-size: 11px;\">Com apito<\/p>\n<p style=\"font-size: 11px;\">Tamanho aproximado:\u00a014 cm (pode haver pequena varia\u00e7\u00e3o)<\/p>\n<p style=\"font-size: 11px;\">Com a pel\u00facia a brincadeira \u00e9 divertida. \u00c9 um brinquedo que os c\u00e3es amam.<\/p>\n<p><a href=\"https:\/\/franxica.com.br\/blog\/como-comprar\/\"><img decoding=\"async\" class=\"alignnone size-full wp-image-1691\" src=\"https:\/\/franxica.com.br\/blog\/wp-content\/uploads\/2023\/07\/Como-comprar-150x100-1.jpg\" alt=\"\" width=\"150\" height=\"100\" \/><\/a><\/p>\n","protected":false},"featured_media":1478,"template":"","meta":{"neve_meta_sidebar":"","neve_meta_container":"","neve_meta_enable_content_width":"off","neve_meta_content_width":100,"neve_meta_title_alignment":"","neve_meta_author_avatar":"","neve_post_elements_order":"","neve_meta_disable_header":"","neve_meta_disable_footer":"","neve_meta_disable_title":"","_FSMCFIC_featured_image_caption":"","_FSMCFIC_featured_image_nocaption":"","_FSMCFIC_featured_image_hide":""},"product_brand":[],"product_cat":[23,20],"product_tag":[],"class_list":{"0":"post-1481","1":"product","2":"type-product","3":"status-publish","4":"has-post-thumbnail","6":"product_cat-brinquedos","7":"product_cat-sem-categoria","9":"first","10":"instock","11":"shipping-taxable","12":"purchasable","13":"product-type-simple"},"_links":{"self":[{"href":"https:\/\/franxica.com.br\/blog\/wp-json\/wp\/v2\/product\/1481","targetHints":{"allow":["GET"]}}],"collection":[{"href":"https:\/\/franxica.com.br\/blog\/wp-json\/wp\/v2\/product"}],"about":[{"href":"https:\/\/franxica.com.br\/blog\/wp-json\/wp\/v2\/types\/product"}],"wp:featuredmedia":[{"embeddable":true,"href":"https:\/\/franxica.com.br\/blog\/wp-json\/wp\/v2\/media\/1478"}],"wp:attachment":[{"href":"https:\/\/franxica.com.br\/blog\/wp-json\/wp\/v2\/media?parent=1481"}],"wp:term":[{"taxonomy":"product_brand","embeddable":true,"href":"https:\/\/franxica.com.br\/blog\/wp-json\/wp\/v2\/product_brand?post=1481"},{"taxonomy":"product_cat","embeddable":true,"href":"https:\/\/franxica.com.br\/blog\/wp-json\/wp\/v2\/product_cat?post=1481"},{"taxonomy":"product_tag","embeddable":true,"href":"https:\/\/franxica.com.br\/blog\/wp-json\/wp\/v2\/product_tag?post=1481"}],"curies":[{"name":"wp","href":"https:\/\/api.w.org\/{rel}","templated":true}]}}