{"id":1487,"date":"2023-07-16T10:03:38","date_gmt":"2023-07-16T13:03:38","guid":{"rendered":"https:\/\/franxica.com.br\/blog\/produto\/pelucia-melancia-p-caes-e-gatos-brinquedo-atacado-pet-shop\/"},"modified":"2023-07-17T11:33:25","modified_gmt":"2023-07-17T14:33:25","slug":"pelucia-melancia-p-caes-e-gatos-brinquedo-atacado-pet-shop","status":"publish","type":"product","link":"https:\/\/franxica.com.br\/blog\/produto\/pelucia-melancia-p-caes-e-gatos-brinquedo-atacado-pet-shop\/","title":{"rendered":"Pel\u00facia melancia P c\u00e3es e gatos brinquedo atacado pet shop"},"content":{"rendered":"<p><span style=\"font-size: 11px; background-color: #fafbfc;\">Pel\u00facias modelo melancia<\/span><\/p>\n<p><span style=\"font-size: 11px; background-color: #fafbfc;\">A cor da pel\u00facia pode variar<\/span><\/p>\n<p><span style=\"font-size: 11px; background-color: #fafbfc;\">Com apito Tamanho<\/span><\/p>\n<p><span style=\"font-size: 11px; background-color: #fafbfc;\">Aproximado:\u00a010 cm<\/span><\/p>\n<p><span style=\"font-size: 11px; background-color: #fafbfc;\">Divers\u00e3o \u00e9 garantida com as pel\u00facias. Pet Ninho<\/span><\/p>\n","protected":false},"excerpt":{"rendered":"<p><span style=\"font-size: 11px;\">Pel\u00facias modelo melancia<\/span><\/p>\n<p><span style=\"font-size: 11px;\">A cor da pel\u00facia pode variar<\/span><span style=\"font-size: 11px;\">\u00a0<\/span><\/p>\n<p><span style=\"font-size: 11px;\">Com apito Tamanho<\/span><span style=\"font-size: 11px;\">\u00a0<\/span><\/p>\n<p><span style=\"font-size: 11px;\">Aproximado: 10 cm<\/span><span style=\"font-size: 11px;\">\u00a0<\/span><\/p>\n<p><span style=\"font-size: 11px;\">Divers\u00e3o \u00e9 garantida com as pel\u00facias. Pet Ninho<\/span><\/p>\n<p><a href=\"https:\/\/franxica.com.br\/blog\/como-comprar\/\"><img decoding=\"async\" class=\"alignnone size-full wp-image-1691\" src=\"https:\/\/franxica.com.br\/blog\/wp-content\/uploads\/2023\/07\/Como-comprar-150x100-1.jpg\" alt=\"\" width=\"150\" height=\"100\" \/><\/a><\/p>\n","protected":false},"featured_media":1485,"template":"","meta":{"neve_meta_sidebar":"","neve_meta_container":"","neve_meta_enable_content_width":"off","neve_meta_content_width":100,"neve_meta_title_alignment":"","neve_meta_author_avatar":"","neve_post_elements_order":"","neve_meta_disable_header":"","neve_meta_disable_footer":"","neve_meta_disable_title":"","_FSMCFIC_featured_image_caption":"","_FSMCFIC_featured_image_nocaption":"","_FSMCFIC_featured_image_hide":""},"product_brand":[],"product_cat":[23,20],"product_tag":[],"class_list":{"0":"post-1487","1":"product","2":"type-product","3":"status-publish","4":"has-post-thumbnail","6":"product_cat-brinquedos","7":"product_cat-sem-categoria","9":"first","10":"instock","11":"shipping-taxable","12":"purchasable","13":"product-type-simple"},"_links":{"self":[{"href":"https:\/\/franxica.com.br\/blog\/wp-json\/wp\/v2\/product\/1487","targetHints":{"allow":["GET"]}}],"collection":[{"href":"https:\/\/franxica.com.br\/blog\/wp-json\/wp\/v2\/product"}],"about":[{"href":"https:\/\/franxica.com.br\/blog\/wp-json\/wp\/v2\/types\/product"}],"wp:featuredmedia":[{"embeddable":true,"href":"https:\/\/franxica.com.br\/blog\/wp-json\/wp\/v2\/media\/1485"}],"wp:attachment":[{"href":"https:\/\/franxica.com.br\/blog\/wp-json\/wp\/v2\/media?parent=1487"}],"wp:term":[{"taxonomy":"product_brand","embeddable":true,"href":"https:\/\/franxica.com.br\/blog\/wp-json\/wp\/v2\/product_brand?post=1487"},{"taxonomy":"product_cat","embeddable":true,"href":"https:\/\/franxica.com.br\/blog\/wp-json\/wp\/v2\/product_cat?post=1487"},{"taxonomy":"product_tag","embeddable":true,"href":"https:\/\/franxica.com.br\/blog\/wp-json\/wp\/v2\/product_tag?post=1487"}],"curies":[{"name":"wp","href":"https:\/\/api.w.org\/{rel}","templated":true}]}}