{"id":1504,"date":"2023-07-16T10:36:35","date_gmt":"2023-07-16T13:36:35","guid":{"rendered":"https:\/\/franxica.com.br\/blog\/produto\/estrela-10-cm-caes-e-gatos-brinquedo-de-pelucia-pet-atacado\/"},"modified":"2023-07-17T11:32:37","modified_gmt":"2023-07-17T14:32:37","slug":"estrela-10-cm-brinquedo-de-pelucia-pet-atacado","status":"publish","type":"product","link":"https:\/\/franxica.com.br\/blog\/produto\/estrela-10-cm-brinquedo-de-pelucia-pet-atacado\/","title":{"rendered":"Estrela 10 cm C\u00e3es e Gatos Brinquedo de Pel\u00facia Pet Atacado"},"content":{"rendered":"<p>Estrela 10 cm C\u00e3es e Gatos Brinquedo de Pel\u00facia Atacado Pet Shop<\/p>\n<p>Com apito<\/p>\n<p>Cores variadas<\/p>\n<p>Tamanho aproximado:\u00a010 a 13 cm<\/p>\n","protected":false},"excerpt":{"rendered":"<p>Estrela 10 cm C\u00e3es e Gatos Brinquedo de Pel\u00facia Atacado Pet Shop<\/p>\n<p>Com apito<\/p>\n<p>Cores variadas<\/p>\n<p>Tamanho aproximado:\u00a010 a 13 cm<\/p>\n<p><a href=\"https:\/\/franxica.com.br\/blog\/como-comprar\/\"><img decoding=\"async\" class=\"alignnone size-full wp-image-1691\" src=\"https:\/\/franxica.com.br\/blog\/wp-content\/uploads\/2023\/07\/Como-comprar-150x100-1.jpg\" alt=\"\" width=\"150\" height=\"100\" \/><\/a><\/p>\n","protected":false},"featured_media":1513,"template":"","meta":{"neve_meta_sidebar":"","neve_meta_container":"","neve_meta_enable_content_width":"off","neve_meta_content_width":100,"neve_meta_title_alignment":"","neve_meta_author_avatar":"","neve_post_elements_order":"","neve_meta_disable_header":"","neve_meta_disable_footer":"","neve_meta_disable_title":"","_FSMCFIC_featured_image_caption":"","_FSMCFIC_featured_image_nocaption":"","_FSMCFIC_featured_image_hide":""},"product_brand":[],"product_cat":[23,20],"product_tag":[],"class_list":{"0":"post-1504","1":"product","2":"type-product","3":"status-publish","4":"has-post-thumbnail","6":"product_cat-brinquedos","7":"product_cat-sem-categoria","9":"first","10":"instock","11":"shipping-taxable","12":"purchasable","13":"product-type-simple"},"_links":{"self":[{"href":"https:\/\/franxica.com.br\/blog\/wp-json\/wp\/v2\/product\/1504","targetHints":{"allow":["GET"]}}],"collection":[{"href":"https:\/\/franxica.com.br\/blog\/wp-json\/wp\/v2\/product"}],"about":[{"href":"https:\/\/franxica.com.br\/blog\/wp-json\/wp\/v2\/types\/product"}],"wp:featuredmedia":[{"embeddable":true,"href":"https:\/\/franxica.com.br\/blog\/wp-json\/wp\/v2\/media\/1513"}],"wp:attachment":[{"href":"https:\/\/franxica.com.br\/blog\/wp-json\/wp\/v2\/media?parent=1504"}],"wp:term":[{"taxonomy":"product_brand","embeddable":true,"href":"https:\/\/franxica.com.br\/blog\/wp-json\/wp\/v2\/product_brand?post=1504"},{"taxonomy":"product_cat","embeddable":true,"href":"https:\/\/franxica.com.br\/blog\/wp-json\/wp\/v2\/product_cat?post=1504"},{"taxonomy":"product_tag","embeddable":true,"href":"https:\/\/franxica.com.br\/blog\/wp-json\/wp\/v2\/product_tag?post=1504"}],"curies":[{"name":"wp","href":"https:\/\/api.w.org\/{rel}","templated":true}]}}