{"id":1580,"date":"2023-07-16T11:18:28","date_gmt":"2023-07-16T14:18:28","guid":{"rendered":"https:\/\/franxica.com.br\/blog\/produto\/coleira-p-gato-elastica-c-guizo-cartela-10-unidades-atacado-pet\/"},"modified":"2023-07-17T11:29:57","modified_gmt":"2023-07-17T14:29:57","slug":"coleira-p-gato-elastica-c-guizo-cartela-10-unidades-atacado-pet","status":"publish","type":"product","link":"https:\/\/franxica.com.br\/blog\/produto\/coleira-p-gato-elastica-c-guizo-cartela-10-unidades-atacado-pet\/","title":{"rendered":"Coleira p\/ gato el\u00e1stica c\/ guizo cartela 10 unidades atacado pet"},"content":{"rendered":"<p>Coleira p\/ gato el\u00e1stica c\/ guizo cartela 10 unidades atacado pet<\/p>\n<p>Pr\u00f3pria para gato. Coleira el\u00e1stica, que solta do pesco\u00e7o no caso do animal se prender em alguma coisa.<\/p>\n","protected":false},"excerpt":{"rendered":"<p>Coleira p\/ gato el\u00e1stica c\/ guizo cartela 10 unidades atacado pet<\/p>\n<p>Pr\u00f3pria para gato. Coleira el\u00e1stica, que solta do pesco\u00e7o no caso do animal se prender em alguma coisa.<\/p>\n<p><a href=\"https:\/\/franxica.com.br\/blog\/como-comprar\/\"><img decoding=\"async\" class=\"alignnone size-full wp-image-1691\" src=\"https:\/\/franxica.com.br\/blog\/wp-content\/uploads\/2023\/07\/Como-comprar-150x100-1.jpg\" alt=\"\" width=\"150\" height=\"100\" \/><\/a><\/p>\n","protected":false},"featured_media":1576,"template":"","meta":{"neve_meta_sidebar":"","neve_meta_container":"","neve_meta_enable_content_width":"off","neve_meta_content_width":100,"neve_meta_title_alignment":"","neve_meta_author_avatar":"","neve_post_elements_order":"","neve_meta_disable_header":"","neve_meta_disable_footer":"","neve_meta_disable_title":"","_FSMCFIC_featured_image_caption":"","_FSMCFIC_featured_image_nocaption":"","_FSMCFIC_featured_image_hide":""},"product_brand":[],"product_cat":[21,20],"product_tag":[],"class_list":{"0":"post-1580","1":"product","2":"type-product","3":"status-publish","4":"has-post-thumbnail","6":"product_cat-acessorios","7":"product_cat-sem-categoria","9":"first","10":"instock","11":"shipping-taxable","12":"purchasable","13":"product-type-simple"},"_links":{"self":[{"href":"https:\/\/franxica.com.br\/blog\/wp-json\/wp\/v2\/product\/1580","targetHints":{"allow":["GET"]}}],"collection":[{"href":"https:\/\/franxica.com.br\/blog\/wp-json\/wp\/v2\/product"}],"about":[{"href":"https:\/\/franxica.com.br\/blog\/wp-json\/wp\/v2\/types\/product"}],"wp:featuredmedia":[{"embeddable":true,"href":"https:\/\/franxica.com.br\/blog\/wp-json\/wp\/v2\/media\/1576"}],"wp:attachment":[{"href":"https:\/\/franxica.com.br\/blog\/wp-json\/wp\/v2\/media?parent=1580"}],"wp:term":[{"taxonomy":"product_brand","embeddable":true,"href":"https:\/\/franxica.com.br\/blog\/wp-json\/wp\/v2\/product_brand?post=1580"},{"taxonomy":"product_cat","embeddable":true,"href":"https:\/\/franxica.com.br\/blog\/wp-json\/wp\/v2\/product_cat?post=1580"},{"taxonomy":"product_tag","embeddable":true,"href":"https:\/\/franxica.com.br\/blog\/wp-json\/wp\/v2\/product_tag?post=1580"}],"curies":[{"name":"wp","href":"https:\/\/api.w.org\/{rel}","templated":true}]}}