{"id":1745,"date":"2023-07-25T14:42:13","date_gmt":"2023-07-25T17:42:13","guid":{"rendered":"https:\/\/franxica.com.br\/blog\/produto\/vara-para-gato-penas-e-guizo-mod-2-brinquedo-atacado-pet-shop\/"},"modified":"2023-07-25T14:42:13","modified_gmt":"2023-07-25T17:42:13","slug":"vara-para-gato-penas-e-guizo-mod-2-brinquedo-atacado-pet-shop","status":"publish","type":"product","link":"https:\/\/franxica.com.br\/blog\/produto\/vara-para-gato-penas-e-guizo-mod-2-brinquedo-atacado-pet-shop\/","title":{"rendered":"Vara para gato penas e guizo mod 2 brinquedo atacado pet shop"},"content":{"rendered":"<p>Vara para gato.<\/p>\n<p>Horas de divers\u00e3o garantida<\/p>\n<p>Tamanho: 40 cm<\/p>\n<p>Ser\u00e3o enviadas cores aleat\u00f3rias de acordo com disponibilidade em estoque.<\/p>\n<p>N\u00e3o \u00e9 poss\u00edvel escolher a cor.<\/p>\n","protected":false},"excerpt":{"rendered":"<p>Vara para gato.<\/p>\n<p>Horas de divers\u00e3o garantida<\/p>\n<p>Tamanho: 40 cm<\/p>\n<p>Ser\u00e3o enviadas cores aleat\u00f3rias de acordo com disponibilidade em estoque.<\/p>\n<p>N\u00e3o \u00e9 poss\u00edvel escolher a cor.<\/p>\n","protected":false},"featured_media":1742,"template":"","meta":{"neve_meta_sidebar":"","neve_meta_container":"","neve_meta_enable_content_width":"","neve_meta_content_width":0,"neve_meta_title_alignment":"","neve_meta_author_avatar":"","neve_post_elements_order":"","neve_meta_disable_header":"","neve_meta_disable_footer":"","neve_meta_disable_title":"","_FSMCFIC_featured_image_caption":"","_FSMCFIC_featured_image_nocaption":"","_FSMCFIC_featured_image_hide":""},"product_brand":[],"product_cat":[23,20],"product_tag":[],"class_list":{"0":"post-1745","1":"product","2":"type-product","3":"status-publish","4":"has-post-thumbnail","6":"product_cat-brinquedos","7":"product_cat-sem-categoria","9":"first","10":"instock","11":"shipping-taxable","12":"purchasable","13":"product-type-simple"},"_links":{"self":[{"href":"https:\/\/franxica.com.br\/blog\/wp-json\/wp\/v2\/product\/1745","targetHints":{"allow":["GET"]}}],"collection":[{"href":"https:\/\/franxica.com.br\/blog\/wp-json\/wp\/v2\/product"}],"about":[{"href":"https:\/\/franxica.com.br\/blog\/wp-json\/wp\/v2\/types\/product"}],"wp:featuredmedia":[{"embeddable":true,"href":"https:\/\/franxica.com.br\/blog\/wp-json\/wp\/v2\/media\/1742"}],"wp:attachment":[{"href":"https:\/\/franxica.com.br\/blog\/wp-json\/wp\/v2\/media?parent=1745"}],"wp:term":[{"taxonomy":"product_brand","embeddable":true,"href":"https:\/\/franxica.com.br\/blog\/wp-json\/wp\/v2\/product_brand?post=1745"},{"taxonomy":"product_cat","embeddable":true,"href":"https:\/\/franxica.com.br\/blog\/wp-json\/wp\/v2\/product_cat?post=1745"},{"taxonomy":"product_tag","embeddable":true,"href":"https:\/\/franxica.com.br\/blog\/wp-json\/wp\/v2\/product_tag?post=1745"}],"curies":[{"name":"wp","href":"https:\/\/api.w.org\/{rel}","templated":true}]}}