{"id":1783,"date":"2023-07-25T17:03:45","date_gmt":"2023-07-25T20:03:45","guid":{"rendered":"https:\/\/franxica.com.br\/blog\/produto\/corda-com-bola-de-tenis-curta-brinquedo-p-cachorro-atacado-pet-shop\/"},"modified":"2023-07-25T19:40:06","modified_gmt":"2023-07-25T22:40:06","slug":"corda-com-bola-de-tenis-curta-brinquedo-p-cachorro-atacado-pet-shop","status":"publish","type":"product","link":"https:\/\/franxica.com.br\/blog\/produto\/corda-com-bola-de-tenis-curta-brinquedo-p-cachorro-atacado-pet-shop\/","title":{"rendered":"Corda com bola de t\u00eanis curta brinquedo p\/ cachorro atacado pet shop"},"content":{"rendered":"<p>Corda tamanho m\u00e9dio. Super dur\u00e1vel. Confeccionado em corda com uma bola de t\u00eanis para divers\u00e3o garantida de c\u00e3es. Tamanho aproximado\u00a030 cm<\/p>\n","protected":false},"excerpt":{"rendered":"<p>Corda tamanho m\u00e9dio. Super dur\u00e1vel.<\/p>\n<p>Confeccionado em corda com uma bola de t\u00eanis para divers\u00e3o garantida de c\u00e3es.<\/p>\n<p>Tamanho aproximado\u00a030 cm<\/p>\n","protected":false},"featured_media":1780,"template":"","meta":{"neve_meta_sidebar":"","neve_meta_container":"","neve_meta_enable_content_width":"","neve_meta_content_width":0,"neve_meta_title_alignment":"","neve_meta_author_avatar":"","neve_post_elements_order":"","neve_meta_disable_header":"","neve_meta_disable_footer":"","neve_meta_disable_title":"","_FSMCFIC_featured_image_caption":"","_FSMCFIC_featured_image_nocaption":"","_FSMCFIC_featured_image_hide":""},"product_brand":[],"product_cat":[23,20],"product_tag":[],"class_list":{"0":"post-1783","1":"product","2":"type-product","3":"status-publish","4":"has-post-thumbnail","6":"product_cat-brinquedos","7":"product_cat-sem-categoria","9":"first","10":"instock","11":"featured","12":"shipping-taxable","13":"purchasable","14":"product-type-simple"},"_links":{"self":[{"href":"https:\/\/franxica.com.br\/blog\/wp-json\/wp\/v2\/product\/1783","targetHints":{"allow":["GET"]}}],"collection":[{"href":"https:\/\/franxica.com.br\/blog\/wp-json\/wp\/v2\/product"}],"about":[{"href":"https:\/\/franxica.com.br\/blog\/wp-json\/wp\/v2\/types\/product"}],"wp:featuredmedia":[{"embeddable":true,"href":"https:\/\/franxica.com.br\/blog\/wp-json\/wp\/v2\/media\/1780"}],"wp:attachment":[{"href":"https:\/\/franxica.com.br\/blog\/wp-json\/wp\/v2\/media?parent=1783"}],"wp:term":[{"taxonomy":"product_brand","embeddable":true,"href":"https:\/\/franxica.com.br\/blog\/wp-json\/wp\/v2\/product_brand?post=1783"},{"taxonomy":"product_cat","embeddable":true,"href":"https:\/\/franxica.com.br\/blog\/wp-json\/wp\/v2\/product_cat?post=1783"},{"taxonomy":"product_tag","embeddable":true,"href":"https:\/\/franxica.com.br\/blog\/wp-json\/wp\/v2\/product_tag?post=1783"}],"curies":[{"name":"wp","href":"https:\/\/api.w.org\/{rel}","templated":true}]}}