{"id":1869,"date":"2023-08-09T18:18:44","date_gmt":"2023-08-09T21:18:44","guid":{"rendered":"https:\/\/franxica.com.br\/blog\/produto\/assento-cadeirinha-transpet-carro-cachorro-caes-gatos-ate10kg\/"},"modified":"2024-11-01T17:04:28","modified_gmt":"2024-11-01T20:04:28","slug":"assento-cadeirinha-transpet-carro-cachorro-caes-gatos-ate10kg","status":"publish","type":"product","link":"https:\/\/franxica.com.br\/blog\/produto\/assento-cadeirinha-transpet-carro-cachorro-caes-gatos-ate10kg\/","title":{"rendered":"Assento Cadeirinha Transpet Carro Cachorro C\u00e3es Gatos At\u00e910kg"},"content":{"rendered":"<p>Cadeirinha Assento para C\u00e3es e Gatos de Pequeno e M\u00e9dio Porte at\u00e9 10 kg &#8211; Preta. Ideal para acomodar o seu pet no banco traseiro do carro durante viagens, proporcionando conforto e seguran\u00e7a incompar\u00e1veis.<\/p>\n","protected":false},"excerpt":{"rendered":"<p>Cadeirinha Assento para C\u00e3es e Gatos de Pequeno e M\u00e9dio Porte at\u00e9 10 kg &#8211; Preta. Ideal para acomodar o seu pet no banco traseiro do carro durante viagens, proporcionando conforto e seguran\u00e7a incompar\u00e1veis.<\/p>\n","protected":false},"featured_media":1868,"template":"","meta":{"neve_meta_sidebar":"","neve_meta_container":"","neve_meta_enable_content_width":"off","neve_meta_content_width":100,"neve_meta_title_alignment":"","neve_meta_author_avatar":"","neve_post_elements_order":"","neve_meta_disable_header":"","neve_meta_disable_footer":"","neve_meta_disable_title":"","_FSMCFIC_featured_image_caption":"","_FSMCFIC_featured_image_nocaption":"","_FSMCFIC_featured_image_hide":""},"product_brand":[],"product_cat":[21,20],"product_tag":[],"class_list":{"0":"post-1869","1":"product","2":"type-product","3":"status-publish","4":"has-post-thumbnail","6":"product_cat-acessorios","7":"product_cat-sem-categoria","9":"first","10":"instock","11":"shipping-taxable","12":"purchasable","13":"product-type-simple"},"_links":{"self":[{"href":"https:\/\/franxica.com.br\/blog\/wp-json\/wp\/v2\/product\/1869","targetHints":{"allow":["GET"]}}],"collection":[{"href":"https:\/\/franxica.com.br\/blog\/wp-json\/wp\/v2\/product"}],"about":[{"href":"https:\/\/franxica.com.br\/blog\/wp-json\/wp\/v2\/types\/product"}],"wp:featuredmedia":[{"embeddable":true,"href":"https:\/\/franxica.com.br\/blog\/wp-json\/wp\/v2\/media\/1868"}],"wp:attachment":[{"href":"https:\/\/franxica.com.br\/blog\/wp-json\/wp\/v2\/media?parent=1869"}],"wp:term":[{"taxonomy":"product_brand","embeddable":true,"href":"https:\/\/franxica.com.br\/blog\/wp-json\/wp\/v2\/product_brand?post=1869"},{"taxonomy":"product_cat","embeddable":true,"href":"https:\/\/franxica.com.br\/blog\/wp-json\/wp\/v2\/product_cat?post=1869"},{"taxonomy":"product_tag","embeddable":true,"href":"https:\/\/franxica.com.br\/blog\/wp-json\/wp\/v2\/product_tag?post=1869"}],"curies":[{"name":"wp","href":"https:\/\/api.w.org\/{rel}","templated":true}]}}