{"id":1878,"date":"2023-08-09T18:48:35","date_gmt":"2023-08-09T21:48:35","guid":{"rendered":"https:\/\/franxica.com.br\/blog\/produto\/brinquedo-interativo-gatos-caes-peixe-eletrico-recarregavel\/"},"modified":"2023-08-09T18:54:38","modified_gmt":"2023-08-09T21:54:38","slug":"brinquedo-interativo-gatos-caes-peixe-eletrico-recarregavel","status":"publish","type":"product","link":"https:\/\/franxica.com.br\/blog\/produto\/brinquedo-interativo-gatos-caes-peixe-eletrico-recarregavel\/","title":{"rendered":"Brinquedo Interativo Gatos C\u00e3es Peixe El\u00e9trico Recarreg\u00e1vel"},"content":{"rendered":"<p>Brinquedo Interativo Gatos C\u00e3es Peixe El\u00e9trico Recarreg\u00e1vel<\/p>\n<p>Cont\u00e9m:<\/p>\n<p>1x Peixe el\u00e9trico recarreg\u00e1vel<\/p>\n<p>1x Cabo usb<\/p>\n<p>Dimens\u00f5es da Pe\u00e7a: 30 x 12 x 4,5cm<\/p>\n<p>Material: Poli\u00e9ster, Algod\u00e3o, Componentes Eletr\u00f4nicos<\/p>\n","protected":false},"excerpt":{"rendered":"<p>Brinquedo Interativo Gatos C\u00e3es Peixe El\u00e9trico Recarreg\u00e1vel<\/p>\n<p>Cont\u00e9m:<\/p>\n<p>1x Peixe el\u00e9trico recarreg\u00e1vel<\/p>\n<p>1x Cabo usb<\/p>\n<p>Dimens\u00f5es da Pe\u00e7a: 30 x 12 x 4,5cm<\/p>\n<p>Material: Poli\u00e9ster, Algod\u00e3o, Componentes Eletr\u00f4nicos<\/p>\n","protected":false},"featured_media":1875,"template":"","meta":{"neve_meta_sidebar":"","neve_meta_container":"","neve_meta_enable_content_width":"","neve_meta_content_width":0,"neve_meta_title_alignment":"","neve_meta_author_avatar":"","neve_post_elements_order":"","neve_meta_disable_header":"","neve_meta_disable_footer":"","neve_meta_disable_title":"","_FSMCFIC_featured_image_caption":"","_FSMCFIC_featured_image_nocaption":"","_FSMCFIC_featured_image_hide":""},"product_brand":[],"product_cat":[23,20],"product_tag":[],"class_list":{"0":"post-1878","1":"product","2":"type-product","3":"status-publish","4":"has-post-thumbnail","6":"product_cat-brinquedos","7":"product_cat-sem-categoria","9":"first","10":"instock","11":"featured","12":"shipping-taxable","13":"purchasable","14":"product-type-simple"},"_links":{"self":[{"href":"https:\/\/franxica.com.br\/blog\/wp-json\/wp\/v2\/product\/1878","targetHints":{"allow":["GET"]}}],"collection":[{"href":"https:\/\/franxica.com.br\/blog\/wp-json\/wp\/v2\/product"}],"about":[{"href":"https:\/\/franxica.com.br\/blog\/wp-json\/wp\/v2\/types\/product"}],"wp:featuredmedia":[{"embeddable":true,"href":"https:\/\/franxica.com.br\/blog\/wp-json\/wp\/v2\/media\/1875"}],"wp:attachment":[{"href":"https:\/\/franxica.com.br\/blog\/wp-json\/wp\/v2\/media?parent=1878"}],"wp:term":[{"taxonomy":"product_brand","embeddable":true,"href":"https:\/\/franxica.com.br\/blog\/wp-json\/wp\/v2\/product_brand?post=1878"},{"taxonomy":"product_cat","embeddable":true,"href":"https:\/\/franxica.com.br\/blog\/wp-json\/wp\/v2\/product_cat?post=1878"},{"taxonomy":"product_tag","embeddable":true,"href":"https:\/\/franxica.com.br\/blog\/wp-json\/wp\/v2\/product_tag?post=1878"}],"curies":[{"name":"wp","href":"https:\/\/api.w.org\/{rel}","templated":true}]}}