{"id":2291,"date":"2023-12-04T09:17:12","date_gmt":"2023-12-04T12:17:12","guid":{"rendered":"https:\/\/franxica.com.br\/blog\/produto\/bola-petisco-m-com-som-brinquedo-p-cachorro-atacado-pet-shop\/"},"modified":"2024-01-05T15:00:53","modified_gmt":"2024-01-05T18:00:53","slug":"bola-petisco-m-com-som-brinquedo-p-cachorro-atacado-pet-shop","status":"publish","type":"product","link":"https:\/\/franxica.com.br\/blog\/produto\/bola-petisco-m-com-som-brinquedo-p-cachorro-atacado-pet-shop\/","title":{"rendered":"Bola petisco M  com som brinquedo p\/ cachorro atacado pet shop"},"content":{"rendered":"<p>Bola petisco com som Super dur\u00e1vel. Atrativo duplo para o pet, compartimento para petisco e sa\u00edda de som (bem engra\u00e7ado) \ud83d\ude42<br \/>Horas de divers\u00e3o garantida<br \/>Tamanhos: M &#8211; 9cm\u00a0<\/p>\n","protected":false},"excerpt":{"rendered":"<p>Bola petisco com som Super dur\u00e1vel.<\/p>\n<p>Tamanho 9 cm<\/p>\n<p>\u00a0<\/p>\n","protected":false},"featured_media":2290,"template":"","meta":{"neve_meta_sidebar":"","neve_meta_container":"","neve_meta_enable_content_width":"","neve_meta_content_width":0,"neve_meta_title_alignment":"","neve_meta_author_avatar":"","neve_post_elements_order":"","neve_meta_disable_header":"","neve_meta_disable_footer":"","neve_meta_disable_title":"","_FSMCFIC_featured_image_caption":"","_FSMCFIC_featured_image_nocaption":"","_FSMCFIC_featured_image_hide":""},"product_brand":[],"product_cat":[22,20],"product_tag":[],"class_list":{"0":"post-2291","1":"product","2":"type-product","3":"status-publish","4":"has-post-thumbnail","6":"product_cat-roupas","7":"product_cat-sem-categoria","9":"first","10":"instock","11":"shipping-taxable","12":"purchasable","13":"product-type-simple"},"_links":{"self":[{"href":"https:\/\/franxica.com.br\/blog\/wp-json\/wp\/v2\/product\/2291","targetHints":{"allow":["GET"]}}],"collection":[{"href":"https:\/\/franxica.com.br\/blog\/wp-json\/wp\/v2\/product"}],"about":[{"href":"https:\/\/franxica.com.br\/blog\/wp-json\/wp\/v2\/types\/product"}],"wp:featuredmedia":[{"embeddable":true,"href":"https:\/\/franxica.com.br\/blog\/wp-json\/wp\/v2\/media\/2290"}],"wp:attachment":[{"href":"https:\/\/franxica.com.br\/blog\/wp-json\/wp\/v2\/media?parent=2291"}],"wp:term":[{"taxonomy":"product_brand","embeddable":true,"href":"https:\/\/franxica.com.br\/blog\/wp-json\/wp\/v2\/product_brand?post=2291"},{"taxonomy":"product_cat","embeddable":true,"href":"https:\/\/franxica.com.br\/blog\/wp-json\/wp\/v2\/product_cat?post=2291"},{"taxonomy":"product_tag","embeddable":true,"href":"https:\/\/franxica.com.br\/blog\/wp-json\/wp\/v2\/product_tag?post=2291"}],"curies":[{"name":"wp","href":"https:\/\/api.w.org\/{rel}","templated":true}]}}