{"id":2532,"date":"2024-03-18T10:50:07","date_gmt":"2024-03-18T13:50:07","guid":{"rendered":"https:\/\/franxica.com.br\/blog\/produto\/escova-para-gato-removedor-de-pelos\/"},"modified":"2024-11-02T16:35:40","modified_gmt":"2024-11-02T19:35:40","slug":"escova-para-gato-removedor-de-pelos","status":"publish","type":"product","link":"https:\/\/franxica.com.br\/blog\/produto\/escova-para-gato-removedor-de-pelos\/","title":{"rendered":"Escova Multifun\u00e7\u00e3o Banho a Seco e Removedora de Pelos C\u00e3es e Gatos Atacado Pet"},"content":{"rendered":"<p>Escova Multifun\u00e7\u00e3o Banho a Seco e Removedora de Pelos C\u00e3es e Gatos Atacado Pet.<\/p>\n<p>Acomplamento para len\u00e7os umedecidos para banho a seco.<\/p>\n<p>No verso dispositivo para remo\u00e7\u00e3o de pelos de tapetes e sof\u00e1s.<\/p>\n","protected":false},"excerpt":{"rendered":"<p>Escova Multifun\u00e7\u00e3o Banho a Seco e Removedora de Pelos C\u00e3es e Gatos Atacado Pet.<\/p>\n<p>Acomplamento para len\u00e7os umedecidos para banho a seco.<\/p>\n<p>No verso dispositivo para remo\u00e7\u00e3o de pelos de tapetes e sof\u00e1s.<\/p>\n[video width=\"478\" height=\"850\" mp4=\"https:\/\/franxica.com.br\/blog\/wp-content\/uploads\/2024\/03\/escova-removedora-de-pelo.mp4\"][\/video]\n","protected":false},"featured_media":3845,"template":"","meta":{"neve_meta_sidebar":"","neve_meta_container":"","neve_meta_enable_content_width":"off","neve_meta_content_width":100,"neve_meta_title_alignment":"","neve_meta_author_avatar":"","neve_post_elements_order":"","neve_meta_disable_header":"","neve_meta_disable_footer":"","neve_meta_disable_title":"","_FSMCFIC_featured_image_caption":"","_FSMCFIC_featured_image_nocaption":"","_FSMCFIC_featured_image_hide":""},"product_brand":[],"product_cat":[20],"product_tag":[],"class_list":{"0":"post-2532","1":"product","2":"type-product","3":"status-publish","4":"has-post-thumbnail","6":"product_cat-sem-categoria","8":"first","9":"instock","10":"shipping-taxable","11":"purchasable","12":"product-type-simple"},"_links":{"self":[{"href":"https:\/\/franxica.com.br\/blog\/wp-json\/wp\/v2\/product\/2532","targetHints":{"allow":["GET"]}}],"collection":[{"href":"https:\/\/franxica.com.br\/blog\/wp-json\/wp\/v2\/product"}],"about":[{"href":"https:\/\/franxica.com.br\/blog\/wp-json\/wp\/v2\/types\/product"}],"wp:featuredmedia":[{"embeddable":true,"href":"https:\/\/franxica.com.br\/blog\/wp-json\/wp\/v2\/media\/3845"}],"wp:attachment":[{"href":"https:\/\/franxica.com.br\/blog\/wp-json\/wp\/v2\/media?parent=2532"}],"wp:term":[{"taxonomy":"product_brand","embeddable":true,"href":"https:\/\/franxica.com.br\/blog\/wp-json\/wp\/v2\/product_brand?post=2532"},{"taxonomy":"product_cat","embeddable":true,"href":"https:\/\/franxica.com.br\/blog\/wp-json\/wp\/v2\/product_cat?post=2532"},{"taxonomy":"product_tag","embeddable":true,"href":"https:\/\/franxica.com.br\/blog\/wp-json\/wp\/v2\/product_tag?post=2532"}],"curies":[{"name":"wp","href":"https:\/\/api.w.org\/{rel}","templated":true}]}}