{"id":3003,"date":"2024-05-09T19:04:40","date_gmt":"2024-05-09T22:04:40","guid":{"rendered":"https:\/\/franxica.com.br\/blog\/produto\/brinquedo-sisal-com-matatabi-gatos\/"},"modified":"2024-05-09T19:04:40","modified_gmt":"2024-05-09T22:04:40","slug":"brinquedo-sisal-com-matatabi-gatos","status":"publish","type":"product","link":"https:\/\/franxica.com.br\/blog\/produto\/brinquedo-sisal-com-matatabi-gatos\/","title":{"rendered":"Brinquedo Sisal com Matatabi Gatos"},"content":{"rendered":"<p>Brinquedo Sisal com Matatabi Gatos<\/p>\n","protected":false},"excerpt":{"rendered":"<p>Brinquedo Sisal com Matatabi Gatos . Pre\u00e7o UNIT\u00c1RIO &#8211; Dois modelos dispon\u00edveis rato e bola<\/p>\n","protected":false},"featured_media":3001,"template":"","meta":{"neve_meta_sidebar":"","neve_meta_container":"","neve_meta_enable_content_width":"","neve_meta_content_width":0,"neve_meta_title_alignment":"","neve_meta_author_avatar":"","neve_post_elements_order":"","neve_meta_disable_header":"","neve_meta_disable_footer":"","neve_meta_disable_title":"","_FSMCFIC_featured_image_caption":"","_FSMCFIC_featured_image_nocaption":"","_FSMCFIC_featured_image_hide":""},"product_brand":[],"product_cat":[23,20],"product_tag":[],"class_list":{"0":"post-3003","1":"product","2":"type-product","3":"status-publish","4":"has-post-thumbnail","6":"product_cat-brinquedos","7":"product_cat-sem-categoria","9":"first","10":"instock","11":"shipping-taxable","12":"purchasable","13":"product-type-simple"},"_links":{"self":[{"href":"https:\/\/franxica.com.br\/blog\/wp-json\/wp\/v2\/product\/3003","targetHints":{"allow":["GET"]}}],"collection":[{"href":"https:\/\/franxica.com.br\/blog\/wp-json\/wp\/v2\/product"}],"about":[{"href":"https:\/\/franxica.com.br\/blog\/wp-json\/wp\/v2\/types\/product"}],"wp:featuredmedia":[{"embeddable":true,"href":"https:\/\/franxica.com.br\/blog\/wp-json\/wp\/v2\/media\/3001"}],"wp:attachment":[{"href":"https:\/\/franxica.com.br\/blog\/wp-json\/wp\/v2\/media?parent=3003"}],"wp:term":[{"taxonomy":"product_brand","embeddable":true,"href":"https:\/\/franxica.com.br\/blog\/wp-json\/wp\/v2\/product_brand?post=3003"},{"taxonomy":"product_cat","embeddable":true,"href":"https:\/\/franxica.com.br\/blog\/wp-json\/wp\/v2\/product_cat?post=3003"},{"taxonomy":"product_tag","embeddable":true,"href":"https:\/\/franxica.com.br\/blog\/wp-json\/wp\/v2\/product_tag?post=3003"}],"curies":[{"name":"wp","href":"https:\/\/api.w.org\/{rel}","templated":true}]}}