{"id":3684,"date":"2024-11-01T11:15:02","date_gmt":"2024-11-01T14:15:02","guid":{"rendered":"https:\/\/franxica.com.br\/blog\/produto\/comedouro-elevado-caes-racas-pequenas-e-gatos-atacado-pet\/"},"modified":"2024-11-01T11:15:02","modified_gmt":"2024-11-01T14:15:02","slug":"comedouro-elevado-caes-racas-pequenas-e-gatos-atacado-pet","status":"publish","type":"product","link":"https:\/\/franxica.com.br\/blog\/produto\/comedouro-elevado-caes-racas-pequenas-e-gatos-atacado-pet\/","title":{"rendered":"Comedouro Elevado C\u00e3es Ra\u00e7as Pequenas e Gatos Atacado Pet"},"content":{"rendered":"<p>Comedouro Elevado C\u00e3es Ra\u00e7as Pequenas e Gatos Atacado Pet<\/p>\n<p>Cores variadas<\/p>\n","protected":false},"excerpt":{"rendered":"<p>Comedouro Elevado C\u00e3es Ra\u00e7as Pequenas e Gatos Atacado Pet<\/p>\n<p>Cores variadas<\/p>\n","protected":false},"featured_media":3683,"template":"","meta":{"neve_meta_sidebar":"","neve_meta_container":"","neve_meta_enable_content_width":"","neve_meta_content_width":0,"neve_meta_title_alignment":"","neve_meta_author_avatar":"","neve_post_elements_order":"","neve_meta_disable_header":"","neve_meta_disable_footer":"","neve_meta_disable_title":"","_FSMCFIC_featured_image_caption":"","_FSMCFIC_featured_image_nocaption":"","_FSMCFIC_featured_image_hide":""},"product_brand":[],"product_cat":[21,20],"product_tag":[],"class_list":{"0":"post-3684","1":"product","2":"type-product","3":"status-publish","4":"has-post-thumbnail","6":"product_cat-acessorios","7":"product_cat-sem-categoria","9":"first","10":"instock","11":"shipping-taxable","12":"purchasable","13":"product-type-simple"},"_links":{"self":[{"href":"https:\/\/franxica.com.br\/blog\/wp-json\/wp\/v2\/product\/3684","targetHints":{"allow":["GET"]}}],"collection":[{"href":"https:\/\/franxica.com.br\/blog\/wp-json\/wp\/v2\/product"}],"about":[{"href":"https:\/\/franxica.com.br\/blog\/wp-json\/wp\/v2\/types\/product"}],"wp:featuredmedia":[{"embeddable":true,"href":"https:\/\/franxica.com.br\/blog\/wp-json\/wp\/v2\/media\/3683"}],"wp:attachment":[{"href":"https:\/\/franxica.com.br\/blog\/wp-json\/wp\/v2\/media?parent=3684"}],"wp:term":[{"taxonomy":"product_brand","embeddable":true,"href":"https:\/\/franxica.com.br\/blog\/wp-json\/wp\/v2\/product_brand?post=3684"},{"taxonomy":"product_cat","embeddable":true,"href":"https:\/\/franxica.com.br\/blog\/wp-json\/wp\/v2\/product_cat?post=3684"},{"taxonomy":"product_tag","embeddable":true,"href":"https:\/\/franxica.com.br\/blog\/wp-json\/wp\/v2\/product_tag?post=3684"}],"curies":[{"name":"wp","href":"https:\/\/api.w.org\/{rel}","templated":true}]}}