{"id":3807,"date":"2024-11-01T16:52:10","date_gmt":"2024-11-01T19:52:10","guid":{"rendered":"https:\/\/franxica.com.br\/blog\/produto\/bola-de-tenis-kit-2-pecas-p-cachorro-mordedor-atacado-pet-shop\/"},"modified":"2024-11-01T16:52:10","modified_gmt":"2024-11-01T19:52:10","slug":"bola-de-tenis-kit-2-pecas-p-cachorro-mordedor-atacado-pet-shop","status":"publish","type":"product","link":"https:\/\/franxica.com.br\/blog\/produto\/bola-de-tenis-kit-2-pecas-p-cachorro-mordedor-atacado-pet-shop\/","title":{"rendered":"Bola de t\u00eanis kit 2 pe\u00e7as p\/ cachorro mordedor atacado pet shop"},"content":{"rendered":"<p>Bola de t\u00eanis kit 2 pe\u00e7as p\/ cachorro mordedor atacado pet shop.<\/p>\n<p>Bola de t\u00eanis verdadeira (n\u00e3o \u00e9 aquela que divide ao meio)<\/p>\n","protected":false},"excerpt":{"rendered":"<p>Bola de t\u00eanis kit 2 pe\u00e7as p\/ cachorro mordedor atacado pet shop.<\/p>\n<p>Bola de t\u00eanis verdadeira (n\u00e3o \u00e9 aquela que divide ao meio)<\/p>\n","protected":false},"featured_media":3806,"template":"","meta":{"neve_meta_sidebar":"","neve_meta_container":"","neve_meta_enable_content_width":"","neve_meta_content_width":0,"neve_meta_title_alignment":"","neve_meta_author_avatar":"","neve_post_elements_order":"","neve_meta_disable_header":"","neve_meta_disable_footer":"","neve_meta_disable_title":"","_FSMCFIC_featured_image_caption":"","_FSMCFIC_featured_image_nocaption":"","_FSMCFIC_featured_image_hide":""},"product_brand":[],"product_cat":[23,20],"product_tag":[],"class_list":{"0":"post-3807","1":"product","2":"type-product","3":"status-publish","4":"has-post-thumbnail","6":"product_cat-brinquedos","7":"product_cat-sem-categoria","9":"first","10":"instock","11":"shipping-taxable","12":"purchasable","13":"product-type-simple"},"_links":{"self":[{"href":"https:\/\/franxica.com.br\/blog\/wp-json\/wp\/v2\/product\/3807","targetHints":{"allow":["GET"]}}],"collection":[{"href":"https:\/\/franxica.com.br\/blog\/wp-json\/wp\/v2\/product"}],"about":[{"href":"https:\/\/franxica.com.br\/blog\/wp-json\/wp\/v2\/types\/product"}],"wp:featuredmedia":[{"embeddable":true,"href":"https:\/\/franxica.com.br\/blog\/wp-json\/wp\/v2\/media\/3806"}],"wp:attachment":[{"href":"https:\/\/franxica.com.br\/blog\/wp-json\/wp\/v2\/media?parent=3807"}],"wp:term":[{"taxonomy":"product_brand","embeddable":true,"href":"https:\/\/franxica.com.br\/blog\/wp-json\/wp\/v2\/product_brand?post=3807"},{"taxonomy":"product_cat","embeddable":true,"href":"https:\/\/franxica.com.br\/blog\/wp-json\/wp\/v2\/product_cat?post=3807"},{"taxonomy":"product_tag","embeddable":true,"href":"https:\/\/franxica.com.br\/blog\/wp-json\/wp\/v2\/product_tag?post=3807"}],"curies":[{"name":"wp","href":"https:\/\/api.w.org\/{rel}","templated":true}]}}