{"id":3980,"date":"2024-11-02T14:31:46","date_gmt":"2024-11-02T17:31:46","guid":{"rendered":"https:\/\/franxica.com.br\/blog\/produto\/rasqueadeira-automatica-luxo-tira-pelos-com-botao-cores-variadas-atacado-pet\/"},"modified":"2024-11-02T14:34:35","modified_gmt":"2024-11-02T17:34:35","slug":"rasqueadeira-automatica-luxo-tira-pelos-com-botao-cores-variadas-atacado-pet","status":"publish","type":"product","link":"https:\/\/franxica.com.br\/blog\/produto\/rasqueadeira-automatica-luxo-tira-pelos-com-botao-cores-variadas-atacado-pet\/","title":{"rendered":"Rasqueadeira Autom\u00e1tica Luxo Tira Pelos com Bot\u00e3o Cores Variadas Atacado Pet"},"content":{"rendered":"<p>Rasqueadeira Autom\u00e1tica Luxo Tira Pelos com Bot\u00e3o Cores Variadas<\/p>\n<p>Tamanho: 20 cm. \u00c1rea das cerdas largura 10 cm.<\/p>\n<p>Com protetor de cerdas.<\/p>\n","protected":false},"excerpt":{"rendered":"<p>Rasqueadeira Autom\u00e1tica Luxo Tira Pelos com Bot\u00e3o Cores Variadas<\/p>\n<p>Tamanho: 20 cm. \u00c1rea das cerdas largura 10 cm.<\/p>\n<p>Com protetor de cerdas.<\/p>\n","protected":false},"featured_media":3972,"template":"","meta":{"neve_meta_sidebar":"","neve_meta_container":"","neve_meta_enable_content_width":"off","neve_meta_content_width":100,"neve_meta_title_alignment":"","neve_meta_author_avatar":"","neve_post_elements_order":"","neve_meta_disable_header":"","neve_meta_disable_footer":"","neve_meta_disable_title":"","_FSMCFIC_featured_image_caption":"","_FSMCFIC_featured_image_nocaption":"","_FSMCFIC_featured_image_hide":""},"product_brand":[],"product_cat":[21,20],"product_tag":[],"class_list":{"0":"post-3980","1":"product","2":"type-product","3":"status-publish","4":"has-post-thumbnail","6":"product_cat-acessorios","7":"product_cat-sem-categoria","9":"first","10":"instock","11":"shipping-taxable","12":"purchasable","13":"product-type-simple"},"_links":{"self":[{"href":"https:\/\/franxica.com.br\/blog\/wp-json\/wp\/v2\/product\/3980","targetHints":{"allow":["GET"]}}],"collection":[{"href":"https:\/\/franxica.com.br\/blog\/wp-json\/wp\/v2\/product"}],"about":[{"href":"https:\/\/franxica.com.br\/blog\/wp-json\/wp\/v2\/types\/product"}],"wp:featuredmedia":[{"embeddable":true,"href":"https:\/\/franxica.com.br\/blog\/wp-json\/wp\/v2\/media\/3972"}],"wp:attachment":[{"href":"https:\/\/franxica.com.br\/blog\/wp-json\/wp\/v2\/media?parent=3980"}],"wp:term":[{"taxonomy":"product_brand","embeddable":true,"href":"https:\/\/franxica.com.br\/blog\/wp-json\/wp\/v2\/product_brand?post=3980"},{"taxonomy":"product_cat","embeddable":true,"href":"https:\/\/franxica.com.br\/blog\/wp-json\/wp\/v2\/product_cat?post=3980"},{"taxonomy":"product_tag","embeddable":true,"href":"https:\/\/franxica.com.br\/blog\/wp-json\/wp\/v2\/product_tag?post=3980"}],"curies":[{"name":"wp","href":"https:\/\/api.w.org\/{rel}","templated":true}]}}