{"id":4202,"date":"2024-11-09T13:50:06","date_gmt":"2024-11-09T16:50:06","guid":{"rendered":"https:\/\/franxica.com.br\/blog\/produto\/brinquedo-pirulito-varinha-matatabi-e-catnip-para-gato-atacado-pet\/"},"modified":"2024-11-09T14:05:23","modified_gmt":"2024-11-09T17:05:23","slug":"brinquedo-pirulito-varinha-matatabi-e-catnip-para-gato-atacado-pet","status":"publish","type":"product","link":"https:\/\/franxica.com.br\/blog\/produto\/brinquedo-pirulito-varinha-matatabi-e-catnip-para-gato-atacado-pet\/","title":{"rendered":"Brinquedo Pirulito Varinha Matatabi e Catnip Para Gato Atacado Pet"},"content":{"rendered":"<p>Brinquedo Varinha Matatabi com cat nip para gato<\/p>\n<p>\u00c9 uma varinha de uma planta similar ao cat nip, auxilia a diminui\u00e7\u00e3o do estresse, doen\u00e7as relacionadas ao cortisol e hipertens\u00e3o.<\/p>\n<p>Ap\u00f3s um tempo de uso, corte os excessos e continue a usar.<\/p>\n<p>Gata gr\u00e1vida evitar o uso.<\/p>\n<p>100% natural<\/p>\n","protected":false},"excerpt":{"rendered":"<p>Brinquedo Varinha Matatabi com cat nip para gato<\/p>\n<p>\u00c9 uma varinha de uma planta similar ao cat nip, auxilia a diminui\u00e7\u00e3o do estresse, doen\u00e7as relacionadas ao cortisol e hipertens\u00e3o.<\/p>\n<p>Ap\u00f3s um tempo de uso, corte os excessos e continue a usar.<\/p>\n<p>Gata gr\u00e1vida evitar o uso.<\/p>\n<p>100% natural<\/p>\n","protected":false},"featured_media":4201,"template":"","meta":{"neve_meta_sidebar":"","neve_meta_container":"","neve_meta_enable_content_width":"off","neve_meta_content_width":100,"neve_meta_title_alignment":"","neve_meta_author_avatar":"","neve_post_elements_order":"","neve_meta_disable_header":"","neve_meta_disable_footer":"","neve_meta_disable_title":"","_FSMCFIC_featured_image_caption":"","_FSMCFIC_featured_image_nocaption":"","_FSMCFIC_featured_image_hide":""},"product_brand":[],"product_cat":[21,20],"product_tag":[],"class_list":{"0":"post-4202","1":"product","2":"type-product","3":"status-publish","4":"has-post-thumbnail","6":"product_cat-acessorios","7":"product_cat-sem-categoria","9":"first","10":"instock","11":"shipping-taxable","12":"purchasable","13":"product-type-simple"},"_links":{"self":[{"href":"https:\/\/franxica.com.br\/blog\/wp-json\/wp\/v2\/product\/4202","targetHints":{"allow":["GET"]}}],"collection":[{"href":"https:\/\/franxica.com.br\/blog\/wp-json\/wp\/v2\/product"}],"about":[{"href":"https:\/\/franxica.com.br\/blog\/wp-json\/wp\/v2\/types\/product"}],"wp:featuredmedia":[{"embeddable":true,"href":"https:\/\/franxica.com.br\/blog\/wp-json\/wp\/v2\/media\/4201"}],"wp:attachment":[{"href":"https:\/\/franxica.com.br\/blog\/wp-json\/wp\/v2\/media?parent=4202"}],"wp:term":[{"taxonomy":"product_brand","embeddable":true,"href":"https:\/\/franxica.com.br\/blog\/wp-json\/wp\/v2\/product_brand?post=4202"},{"taxonomy":"product_cat","embeddable":true,"href":"https:\/\/franxica.com.br\/blog\/wp-json\/wp\/v2\/product_cat?post=4202"},{"taxonomy":"product_tag","embeddable":true,"href":"https:\/\/franxica.com.br\/blog\/wp-json\/wp\/v2\/product_tag?post=4202"}],"curies":[{"name":"wp","href":"https:\/\/api.w.org\/{rel}","templated":true}]}}