{"id":4572,"date":"2024-12-14T22:27:23","date_gmt":"2024-12-15T01:27:23","guid":{"rendered":"https:\/\/franxica.com.br\/blog\/produto\/brinquedo-para-congelar-sorvetes-de-gelo-mordedor-atacado-pet\/"},"modified":"2024-12-14T22:32:15","modified_gmt":"2024-12-15T01:32:15","slug":"brinquedo-para-congelar-sorvetes-de-gelo-mordedor-atacado-pet","status":"publish","type":"product","link":"https:\/\/franxica.com.br\/blog\/produto\/brinquedo-para-congelar-sorvetes-de-gelo-mordedor-atacado-pet\/","title":{"rendered":"Brinquedo para Congelar 12 cm Sorvetes de Gelo Mordedor Atacado Pet"},"content":{"rendered":"<div class=\"OutlineElement Ltr SCXW70425506 BCX0\" style=\"margin: 0px;padding: 0px;overflow: visible;cursor: text;clear: both;position: relative;direction: ltr\">\n<p>Brinquedo para Congelar Sorvetes de Gelo Mordedor Atacado Pet<\/p>\n<p>Brinquedo multifun\u00e7\u00e3o super resistente. Tamanho aproximado 12 cm.<\/p>\n<p>Pode ser oferecido como est\u00e1. Ou ainda em dias de calor \u00e9 para encher de \u00e1gua, levar ao freezer e oferece ao pet. Refrescante e divertido.<\/p>\n<p>Enviado pe\u00e7as variadas.<\/p>\n<\/div>\n","protected":false},"excerpt":{"rendered":"<p>Brinquedo para Congelar Sorvetes de Gelo Mordedor Atacado Pet<\/p>\n<p>Brinquedo multifun\u00e7\u00e3o super resistente. Tamanho aproximado 12 cm.<\/p>\n<p>Pode ser oferecido como est\u00e1. Ou ainda em dias de calor \u00e9 para encher de \u00e1gua, levar ao freezer e oferece ao pet. Refrescante e divertido.<\/p>\n<p>Enviado pe\u00e7as variadas.<\/p>\n","protected":false},"featured_media":4569,"template":"","meta":{"neve_meta_sidebar":"","neve_meta_container":"","neve_meta_enable_content_width":"","neve_meta_content_width":0,"neve_meta_title_alignment":"","neve_meta_author_avatar":"","neve_post_elements_order":"","neve_meta_disable_header":"","neve_meta_disable_footer":"","neve_meta_disable_title":"","_FSMCFIC_featured_image_caption":"","_FSMCFIC_featured_image_nocaption":"","_FSMCFIC_featured_image_hide":""},"product_brand":[],"product_cat":[23,20],"product_tag":[],"class_list":{"0":"post-4572","1":"product","2":"type-product","3":"status-publish","4":"has-post-thumbnail","6":"product_cat-brinquedos","7":"product_cat-sem-categoria","9":"first","10":"instock","11":"shipping-taxable","12":"purchasable","13":"product-type-simple"},"_links":{"self":[{"href":"https:\/\/franxica.com.br\/blog\/wp-json\/wp\/v2\/product\/4572","targetHints":{"allow":["GET"]}}],"collection":[{"href":"https:\/\/franxica.com.br\/blog\/wp-json\/wp\/v2\/product"}],"about":[{"href":"https:\/\/franxica.com.br\/blog\/wp-json\/wp\/v2\/types\/product"}],"wp:featuredmedia":[{"embeddable":true,"href":"https:\/\/franxica.com.br\/blog\/wp-json\/wp\/v2\/media\/4569"}],"wp:attachment":[{"href":"https:\/\/franxica.com.br\/blog\/wp-json\/wp\/v2\/media?parent=4572"}],"wp:term":[{"taxonomy":"product_brand","embeddable":true,"href":"https:\/\/franxica.com.br\/blog\/wp-json\/wp\/v2\/product_brand?post=4572"},{"taxonomy":"product_cat","embeddable":true,"href":"https:\/\/franxica.com.br\/blog\/wp-json\/wp\/v2\/product_cat?post=4572"},{"taxonomy":"product_tag","embeddable":true,"href":"https:\/\/franxica.com.br\/blog\/wp-json\/wp\/v2\/product_tag?post=4572"}],"curies":[{"name":"wp","href":"https:\/\/api.w.org\/{rel}","templated":true}]}}