{"id":467,"date":"2023-07-02T10:48:47","date_gmt":"2023-07-02T13:48:47","guid":{"rendered":"https:\/\/franxica.com.br\/blog\/produto\/placa-de-identificacao-premium\/"},"modified":"2023-07-17T12:07:23","modified_gmt":"2023-07-17T15:07:23","slug":"placa-de-identificacao-premium","status":"publish","type":"product","link":"https:\/\/franxica.com.br\/blog\/produto\/placa-de-identificacao-premium\/","title":{"rendered":"Placa de Identifica\u00e7\u00e3o Pet Atacado Mod Premium"},"content":{"rendered":"<p>Plaquinha de Identifica\u00e7\u00e3o Pet Atacado Mod Premium<\/p>\n<p>Decorado e resinado. Verso da placa em metal para possibilitar a grava\u00e7\u00e3o manual ou a laser.<\/p>\n","protected":false},"excerpt":{"rendered":"<p>Plaquinha de Identifica\u00e7\u00e3o Pet Atacado Mod Premium<\/p>\n<p>Decorado e resinado. Verso da placa em metal para possibilitar a grava\u00e7\u00e3o manual ou a laser.<\/p>\n<p><a href=\"https:\/\/franxica.com.br\/blog\/como-comprar\/\"><img decoding=\"async\" class=\"alignnone size-full wp-image-1691\" src=\"https:\/\/franxica.com.br\/blog\/wp-content\/uploads\/2023\/07\/Como-comprar-150x100-1.jpg\" alt=\"Como comprar. Solicitar cat\u00e1logo\" width=\"150\" height=\"100\" \/><\/a><\/p>\n","protected":false},"featured_media":462,"template":"","meta":{"neve_meta_sidebar":"","neve_meta_container":"","neve_meta_enable_content_width":"off","neve_meta_content_width":100,"neve_meta_title_alignment":"","neve_meta_author_avatar":"","neve_post_elements_order":"","neve_meta_disable_header":"","neve_meta_disable_footer":"","neve_meta_disable_title":"","_FSMCFIC_featured_image_caption":"","_FSMCFIC_featured_image_nocaption":"","_FSMCFIC_featured_image_hide":""},"product_brand":[],"product_cat":[21,20],"product_tag":[],"class_list":{"0":"post-467","1":"product","2":"type-product","3":"status-publish","4":"has-post-thumbnail","6":"product_cat-acessorios","7":"product_cat-sem-categoria","9":"first","10":"instock","11":"shipping-taxable","12":"purchasable","13":"product-type-simple"},"_links":{"self":[{"href":"https:\/\/franxica.com.br\/blog\/wp-json\/wp\/v2\/product\/467","targetHints":{"allow":["GET"]}}],"collection":[{"href":"https:\/\/franxica.com.br\/blog\/wp-json\/wp\/v2\/product"}],"about":[{"href":"https:\/\/franxica.com.br\/blog\/wp-json\/wp\/v2\/types\/product"}],"wp:featuredmedia":[{"embeddable":true,"href":"https:\/\/franxica.com.br\/blog\/wp-json\/wp\/v2\/media\/462"}],"wp:attachment":[{"href":"https:\/\/franxica.com.br\/blog\/wp-json\/wp\/v2\/media?parent=467"}],"wp:term":[{"taxonomy":"product_brand","embeddable":true,"href":"https:\/\/franxica.com.br\/blog\/wp-json\/wp\/v2\/product_brand?post=467"},{"taxonomy":"product_cat","embeddable":true,"href":"https:\/\/franxica.com.br\/blog\/wp-json\/wp\/v2\/product_cat?post=467"},{"taxonomy":"product_tag","embeddable":true,"href":"https:\/\/franxica.com.br\/blog\/wp-json\/wp\/v2\/product_tag?post=467"}],"curies":[{"name":"wp","href":"https:\/\/api.w.org\/{rel}","templated":true}]}}