{"id":473,"date":"2023-07-02T10:48:56","date_gmt":"2023-07-02T13:48:56","guid":{"rendered":"https:\/\/franxica.com.br\/blog\/produto\/rasqueadeira-automatica-tira-pelos-com-botao-cores-variadas\/"},"modified":"2023-07-17T12:06:44","modified_gmt":"2023-07-17T15:06:44","slug":"rasqueadeira-automatica-tira-pelos-com-botao-cores-variadas","status":"publish","type":"product","link":"https:\/\/franxica.com.br\/blog\/produto\/rasqueadeira-automatica-tira-pelos-com-botao-cores-variadas\/","title":{"rendered":"Rasqueadeira Autom\u00e1tica Tira Pelos com Bot\u00e3o Cores Variadas Atacado Pet"},"content":{"rendered":"<p>Rasqueadeira Autom\u00e1tica Tira Pelos com Bot\u00e3o<\/p>\n","protected":false},"excerpt":{"rendered":"<p>Rasqueadeira Autom\u00e1tica Tira Pelos com Bot\u00e3o<\/p>\n<p><a href=\"https:\/\/franxica.com.br\/blog\/como-comprar\/\"><img decoding=\"async\" class=\"alignnone size-full wp-image-1691\" src=\"https:\/\/franxica.com.br\/blog\/wp-content\/uploads\/2023\/07\/Como-comprar-150x100-1.jpg\" alt=\"Como comprar. Solicitar cat\u00e1logo\" width=\"150\" height=\"100\" \/><\/a><\/p>\n","protected":false},"featured_media":472,"template":"","meta":{"neve_meta_sidebar":"","neve_meta_container":"","neve_meta_enable_content_width":"off","neve_meta_content_width":100,"neve_meta_title_alignment":"","neve_meta_author_avatar":"","neve_post_elements_order":"","neve_meta_disable_header":"","neve_meta_disable_footer":"","neve_meta_disable_title":"","_FSMCFIC_featured_image_caption":"","_FSMCFIC_featured_image_nocaption":"","_FSMCFIC_featured_image_hide":""},"product_brand":[],"product_cat":[21,20],"product_tag":[],"class_list":{"0":"post-473","1":"product","2":"type-product","3":"status-publish","4":"has-post-thumbnail","6":"product_cat-acessorios","7":"product_cat-sem-categoria","9":"first","10":"instock","11":"featured","12":"shipping-taxable","13":"purchasable","14":"product-type-simple"},"_links":{"self":[{"href":"https:\/\/franxica.com.br\/blog\/wp-json\/wp\/v2\/product\/473","targetHints":{"allow":["GET"]}}],"collection":[{"href":"https:\/\/franxica.com.br\/blog\/wp-json\/wp\/v2\/product"}],"about":[{"href":"https:\/\/franxica.com.br\/blog\/wp-json\/wp\/v2\/types\/product"}],"wp:featuredmedia":[{"embeddable":true,"href":"https:\/\/franxica.com.br\/blog\/wp-json\/wp\/v2\/media\/472"}],"wp:attachment":[{"href":"https:\/\/franxica.com.br\/blog\/wp-json\/wp\/v2\/media?parent=473"}],"wp:term":[{"taxonomy":"product_brand","embeddable":true,"href":"https:\/\/franxica.com.br\/blog\/wp-json\/wp\/v2\/product_brand?post=473"},{"taxonomy":"product_cat","embeddable":true,"href":"https:\/\/franxica.com.br\/blog\/wp-json\/wp\/v2\/product_cat?post=473"},{"taxonomy":"product_tag","embeddable":true,"href":"https:\/\/franxica.com.br\/blog\/wp-json\/wp\/v2\/product_tag?post=473"}],"curies":[{"name":"wp","href":"https:\/\/api.w.org\/{rel}","templated":true}]}}