{"id":4907,"date":"2025-01-31T14:32:37","date_gmt":"2025-01-31T17:32:37","guid":{"rendered":"https:\/\/franxica.com.br\/blog\/produto\/brinquedo-cabecao-gato-vaca-porco-coelho-atacado-pet-shop\/"},"modified":"2025-02-04T10:34:36","modified_gmt":"2025-02-04T13:34:36","slug":"brinquedo-cabecao-gato-vaca-porco-coelho-atacado-pet-shop","status":"publish","type":"product","link":"https:\/\/franxica.com.br\/blog\/produto\/brinquedo-cabecao-gato-vaca-porco-coelho-atacado-pet-shop\/","title":{"rendered":"Brinquedo Pel\u00facia Cabe\u00e7\u00e3o Gato, Vaca, Porco, Coelho Atacado Pet Shop"},"content":{"rendered":"<p>Brinquedo Cabe\u00e7\u00e3o Gato, Vaca, Porco, Coelho Atacado Pet Shop<\/p>\n<p>Produto sofisticado com tecido de alta qualidade.<\/p>\n","protected":false},"excerpt":{"rendered":"<p>Brinquedo Cabe\u00e7\u00e3o Gato, Vaca, Porco, Coelho Atacado Pet Shop<\/p>\n<p>Produto sofisticado com tecido de alta qualidade.<\/p>\n","protected":false},"featured_media":4956,"template":"","meta":{"neve_meta_sidebar":"","neve_meta_container":"","neve_meta_enable_content_width":"off","neve_meta_content_width":100,"neve_meta_title_alignment":"","neve_meta_author_avatar":"","neve_post_elements_order":"","neve_meta_disable_header":"","neve_meta_disable_footer":"","neve_meta_disable_title":"","_FSMCFIC_featured_image_caption":"","_FSMCFIC_featured_image_nocaption":"","_FSMCFIC_featured_image_hide":""},"product_brand":[],"product_cat":[23,20],"product_tag":[],"class_list":{"0":"post-4907","1":"product","2":"type-product","3":"status-publish","4":"has-post-thumbnail","6":"product_cat-brinquedos","7":"product_cat-sem-categoria","9":"first","10":"instock","11":"shipping-taxable","12":"purchasable","13":"product-type-simple"},"_links":{"self":[{"href":"https:\/\/franxica.com.br\/blog\/wp-json\/wp\/v2\/product\/4907","targetHints":{"allow":["GET"]}}],"collection":[{"href":"https:\/\/franxica.com.br\/blog\/wp-json\/wp\/v2\/product"}],"about":[{"href":"https:\/\/franxica.com.br\/blog\/wp-json\/wp\/v2\/types\/product"}],"wp:featuredmedia":[{"embeddable":true,"href":"https:\/\/franxica.com.br\/blog\/wp-json\/wp\/v2\/media\/4956"}],"wp:attachment":[{"href":"https:\/\/franxica.com.br\/blog\/wp-json\/wp\/v2\/media?parent=4907"}],"wp:term":[{"taxonomy":"product_brand","embeddable":true,"href":"https:\/\/franxica.com.br\/blog\/wp-json\/wp\/v2\/product_brand?post=4907"},{"taxonomy":"product_cat","embeddable":true,"href":"https:\/\/franxica.com.br\/blog\/wp-json\/wp\/v2\/product_cat?post=4907"},{"taxonomy":"product_tag","embeddable":true,"href":"https:\/\/franxica.com.br\/blog\/wp-json\/wp\/v2\/product_tag?post=4907"}],"curies":[{"name":"wp","href":"https:\/\/api.w.org\/{rel}","templated":true}]}}