{"id":5230,"date":"2025-03-10T16:18:21","date_gmt":"2025-03-10T19:18:21","guid":{"rendered":"https:\/\/franxica.com.br\/blog\/produto\/coleira-para-caes-com-placa-atacado-pet-shop\/"},"modified":"2025-03-10T16:46:40","modified_gmt":"2025-03-10T19:46:40","slug":"coleira-para-caes-com-placa-atacado-pet-shop","status":"publish","type":"product","link":"https:\/\/franxica.com.br\/blog\/produto\/coleira-para-caes-com-placa-atacado-pet-shop\/","title":{"rendered":"Coleira para C\u00e3es com placa Atacado Pet Shop"},"content":{"rendered":"<p>Coleira strass couro ecol\u00f3gico ra\u00e7as pequenas e m\u00e9dias<\/p>\n","protected":false},"excerpt":{"rendered":"<p>Coleira para C\u00e3es com placa Atacado Pet Shop<br \/>\nTamanho: 36 cm<\/p>\n","protected":false},"featured_media":5243,"template":"","meta":{"neve_meta_sidebar":"","neve_meta_container":"","neve_meta_enable_content_width":"off","neve_meta_content_width":100,"neve_meta_title_alignment":"","neve_meta_author_avatar":"","neve_post_elements_order":"","neve_meta_disable_header":"","neve_meta_disable_footer":"","neve_meta_disable_title":"","_FSMCFIC_featured_image_caption":"","_FSMCFIC_featured_image_nocaption":"","_FSMCFIC_featured_image_hide":""},"product_brand":[],"product_cat":[21,20],"product_tag":[],"class_list":{"0":"post-5230","1":"product","2":"type-product","3":"status-publish","4":"has-post-thumbnail","6":"product_cat-acessorios","7":"product_cat-sem-categoria","9":"first","10":"instock","11":"shipping-taxable","12":"purchasable","13":"product-type-simple"},"_links":{"self":[{"href":"https:\/\/franxica.com.br\/blog\/wp-json\/wp\/v2\/product\/5230","targetHints":{"allow":["GET"]}}],"collection":[{"href":"https:\/\/franxica.com.br\/blog\/wp-json\/wp\/v2\/product"}],"about":[{"href":"https:\/\/franxica.com.br\/blog\/wp-json\/wp\/v2\/types\/product"}],"wp:featuredmedia":[{"embeddable":true,"href":"https:\/\/franxica.com.br\/blog\/wp-json\/wp\/v2\/media\/5243"}],"wp:attachment":[{"href":"https:\/\/franxica.com.br\/blog\/wp-json\/wp\/v2\/media?parent=5230"}],"wp:term":[{"taxonomy":"product_brand","embeddable":true,"href":"https:\/\/franxica.com.br\/blog\/wp-json\/wp\/v2\/product_brand?post=5230"},{"taxonomy":"product_cat","embeddable":true,"href":"https:\/\/franxica.com.br\/blog\/wp-json\/wp\/v2\/product_cat?post=5230"},{"taxonomy":"product_tag","embeddable":true,"href":"https:\/\/franxica.com.br\/blog\/wp-json\/wp\/v2\/product_tag?post=5230"}],"curies":[{"name":"wp","href":"https:\/\/api.w.org\/{rel}","templated":true}]}}