{"id":5394,"date":"2025-03-31T09:29:09","date_gmt":"2025-03-31T12:29:09","guid":{"rendered":"https:\/\/franxica.com.br\/blog\/produto\/corda-com-bola-petisco-p-cachorro-atacado-pet-shop\/"},"modified":"2025-03-31T09:29:09","modified_gmt":"2025-03-31T12:29:09","slug":"corda-com-bola-petisco-p-cachorro-atacado-pet-shop","status":"publish","type":"product","link":"https:\/\/franxica.com.br\/blog\/produto\/corda-com-bola-petisco-p-cachorro-atacado-pet-shop\/","title":{"rendered":"Corda com bola petisco  p\/ cachorro atacado pet shop"},"content":{"rendered":"<p>Corda tamanho m\u00e9dio. Super dur\u00e1vel. Confeccionado em corda com uma bola de t\u00eanis para divers\u00e3o garantida de c\u00e3es. Tamanho aproximado\u00a030 cm<\/p>\n","protected":false},"excerpt":{"rendered":"<p>Corda com bola petisco\u00a0 p\/ cachorro atacado pet shop<\/p>\n<p>Tamanho aproximado\u00a032 cm<\/p>\n","protected":false},"featured_media":5392,"template":"","meta":{"neve_meta_sidebar":"","neve_meta_container":"","neve_meta_enable_content_width":"","neve_meta_content_width":0,"neve_meta_title_alignment":"","neve_meta_author_avatar":"","neve_post_elements_order":"","neve_meta_disable_header":"","neve_meta_disable_footer":"","neve_meta_disable_title":"","_FSMCFIC_featured_image_caption":"","_FSMCFIC_featured_image_nocaption":"","_FSMCFIC_featured_image_hide":""},"product_brand":[],"product_cat":[23,20],"product_tag":[],"class_list":{"0":"post-5394","1":"product","2":"type-product","3":"status-publish","4":"has-post-thumbnail","6":"product_cat-brinquedos","7":"product_cat-sem-categoria","9":"first","10":"instock","11":"shipping-taxable","12":"purchasable","13":"product-type-simple"},"_links":{"self":[{"href":"https:\/\/franxica.com.br\/blog\/wp-json\/wp\/v2\/product\/5394","targetHints":{"allow":["GET"]}}],"collection":[{"href":"https:\/\/franxica.com.br\/blog\/wp-json\/wp\/v2\/product"}],"about":[{"href":"https:\/\/franxica.com.br\/blog\/wp-json\/wp\/v2\/types\/product"}],"wp:featuredmedia":[{"embeddable":true,"href":"https:\/\/franxica.com.br\/blog\/wp-json\/wp\/v2\/media\/5392"}],"wp:attachment":[{"href":"https:\/\/franxica.com.br\/blog\/wp-json\/wp\/v2\/media?parent=5394"}],"wp:term":[{"taxonomy":"product_brand","embeddable":true,"href":"https:\/\/franxica.com.br\/blog\/wp-json\/wp\/v2\/product_brand?post=5394"},{"taxonomy":"product_cat","embeddable":true,"href":"https:\/\/franxica.com.br\/blog\/wp-json\/wp\/v2\/product_cat?post=5394"},{"taxonomy":"product_tag","embeddable":true,"href":"https:\/\/franxica.com.br\/blog\/wp-json\/wp\/v2\/product_tag?post=5394"}],"curies":[{"name":"wp","href":"https:\/\/api.w.org\/{rel}","templated":true}]}}