{"id":5461,"date":"2025-04-21T17:19:32","date_gmt":"2025-04-21T20:19:32","guid":{"rendered":"https:\/\/franxica.com.br\/blog\/produto\/pa-pazinha-higienica-para-caixa-de-gatos\/"},"modified":"2025-04-21T17:19:32","modified_gmt":"2025-04-21T20:19:32","slug":"pa-pazinha-higienica-para-caixa-de-gatos","status":"publish","type":"product","link":"https:\/\/franxica.com.br\/blog\/produto\/pa-pazinha-higienica-para-caixa-de-gatos\/","title":{"rendered":"P\u00e1 Pazinha higi\u00eanica para caixa de gatos"},"content":{"rendered":"<p>Cata Caca Dispenser Com Sacos Lixo Pet C\u00e3es Gatos<\/p>\n","protected":false},"excerpt":{"rendered":"<p>P\u00e1 higi\u00eanica para caixa de gatos<\/p>\n","protected":false},"featured_media":5460,"template":"","meta":{"neve_meta_sidebar":"","neve_meta_container":"","neve_meta_enable_content_width":"","neve_meta_content_width":0,"neve_meta_title_alignment":"","neve_meta_author_avatar":"","neve_post_elements_order":"","neve_meta_disable_header":"","neve_meta_disable_footer":"","neve_meta_disable_title":"","_FSMCFIC_featured_image_caption":"","_FSMCFIC_featured_image_nocaption":"","_FSMCFIC_featured_image_hide":""},"product_brand":[],"product_cat":[21,20],"product_tag":[],"class_list":{"0":"post-5461","1":"product","2":"type-product","3":"status-publish","4":"has-post-thumbnail","6":"product_cat-acessorios","7":"product_cat-sem-categoria","9":"first","10":"instock","11":"shipping-taxable","12":"purchasable","13":"product-type-simple"},"_links":{"self":[{"href":"https:\/\/franxica.com.br\/blog\/wp-json\/wp\/v2\/product\/5461","targetHints":{"allow":["GET"]}}],"collection":[{"href":"https:\/\/franxica.com.br\/blog\/wp-json\/wp\/v2\/product"}],"about":[{"href":"https:\/\/franxica.com.br\/blog\/wp-json\/wp\/v2\/types\/product"}],"wp:featuredmedia":[{"embeddable":true,"href":"https:\/\/franxica.com.br\/blog\/wp-json\/wp\/v2\/media\/5460"}],"wp:attachment":[{"href":"https:\/\/franxica.com.br\/blog\/wp-json\/wp\/v2\/media?parent=5461"}],"wp:term":[{"taxonomy":"product_brand","embeddable":true,"href":"https:\/\/franxica.com.br\/blog\/wp-json\/wp\/v2\/product_brand?post=5461"},{"taxonomy":"product_cat","embeddable":true,"href":"https:\/\/franxica.com.br\/blog\/wp-json\/wp\/v2\/product_cat?post=5461"},{"taxonomy":"product_tag","embeddable":true,"href":"https:\/\/franxica.com.br\/blog\/wp-json\/wp\/v2\/product_tag?post=5461"}],"curies":[{"name":"wp","href":"https:\/\/api.w.org\/{rel}","templated":true}]}}