{"id":6015,"date":"2025-11-23T09:39:29","date_gmt":"2025-11-23T12:39:29","guid":{"rendered":"https:\/\/franxica.com.br\/blog\/produto\/arranhador-adesivo-para-gatos-carpete-protetor-de-moveis-30x60-cm\/"},"modified":"2025-11-23T09:45:21","modified_gmt":"2025-11-23T12:45:21","slug":"arranhador-adesivo-para-gatos-carpete-protetor-de-moveis-30x60-cm","status":"publish","type":"product","link":"https:\/\/franxica.com.br\/blog\/produto\/arranhador-adesivo-para-gatos-carpete-protetor-de-moveis-30x60-cm\/","title":{"rendered":"Arranhador Adesivo para Gatos Carpete Protetor de M\u00f3veis (30&#215;60 cm)"},"content":{"rendered":"<div style=\"width: 478px;\" class=\"wp-video\"><!--[if lt IE 9]><script>document.createElement('video');<\/script><![endif]-->\n<video class=\"wp-video-shortcode\" id=\"video-6015-1\" width=\"478\" height=\"850\" preload=\"metadata\" controls=\"controls\"><source type=\"video\/mp4\" src=\"https:\/\/franxica.com.br\/blog\/wp-content\/uploads\/2025\/11\/Arranhador-gato-adesivo-video.mp4?_=1\" \/><a href=\"https:\/\/franxica.com.br\/blog\/wp-content\/uploads\/2025\/11\/Arranhador-gato-adesivo-video.mp4\">https:\/\/franxica.com.br\/blog\/wp-content\/uploads\/2025\/11\/Arranhador-gato-adesivo-video.mp4<\/a><\/video><\/div>\n<p>Este arranhador autoadesivo de carpete \u00e9 a solu\u00e7\u00e3o perfeita para satisfazer o instinto natural do seu gato de afiar as unhas, protegendo, ao mesmo tempo, seus m\u00f3veis mais queridos.<\/p>\n<p>Medidas: 30 cm (Largura) x 60 cm (Comprimento).<\/p>\n<p>Material: Carpete resistente, com textura que os gatos adoram.<\/p>\n<p>Instala\u00e7\u00e3o: \u00c9 totalmente adesivo (autocolante) para aplica\u00e7\u00e3o r\u00e1pida e sem sujeira.<\/p>\n<p>Versatilidade: Ideal para ser fixado em locais estrat\u00e9gicos, como:<\/p>\n<p>Cantos de Sof\u00e1s e Poltronas<\/p>\n<p>Paredes<\/p>\n<p>Portas e batentes<\/p>\n<p>Bases de Camas Box<\/p>\n<p>Benef\u00edcios: Oferece um local adequado para o seu felino se exercitar e aliviar o estresse, mantendo suas unhas saud\u00e1veis e, o mais importante, mantendo seus m\u00f3veis intactos!<\/p>\n","protected":false},"excerpt":{"rendered":"<p>Arranhador Adesivo Carpete para Gatos (30&#215;60 cm)<\/p>\n<p>Solu\u00e7\u00e3o 2 em 1: Satisfaz o instinto de arranhar do seu gato e protege seus m\u00f3veis ao mesmo tempo.<\/p>\n<p>Medidas: 30 x 60 cm.<\/p>\n<p>Aplica\u00e7\u00e3o Simples: Autoadesivo de alta fixa\u00e7\u00e3o para instalar em sof\u00e1s, paredes, portas e estofados onde seu gato mais gosta de afiar as unhas.<\/p>\n<p>Benef\u00edcio: Unhas saud\u00e1veis e m\u00f3veis intactos.<\/p>\n","protected":false},"featured_media":6014,"template":"","meta":{"neve_meta_sidebar":"","neve_meta_container":"","neve_meta_enable_content_width":"off","neve_meta_content_width":100,"neve_meta_title_alignment":"","neve_meta_author_avatar":"","neve_post_elements_order":"","neve_meta_disable_header":"","neve_meta_disable_footer":"","neve_meta_disable_title":"","_FSMCFIC_featured_image_caption":"","_FSMCFIC_featured_image_nocaption":"","_FSMCFIC_featured_image_hide":""},"product_brand":[],"product_cat":[23,20],"product_tag":[],"class_list":{"0":"post-6015","1":"product","2":"type-product","3":"status-publish","4":"has-post-thumbnail","6":"product_cat-brinquedos","7":"product_cat-sem-categoria","9":"first","10":"instock","11":"shipping-taxable","12":"purchasable","13":"product-type-simple"},"_links":{"self":[{"href":"https:\/\/franxica.com.br\/blog\/wp-json\/wp\/v2\/product\/6015","targetHints":{"allow":["GET"]}}],"collection":[{"href":"https:\/\/franxica.com.br\/blog\/wp-json\/wp\/v2\/product"}],"about":[{"href":"https:\/\/franxica.com.br\/blog\/wp-json\/wp\/v2\/types\/product"}],"wp:featuredmedia":[{"embeddable":true,"href":"https:\/\/franxica.com.br\/blog\/wp-json\/wp\/v2\/media\/6014"}],"wp:attachment":[{"href":"https:\/\/franxica.com.br\/blog\/wp-json\/wp\/v2\/media?parent=6015"}],"wp:term":[{"taxonomy":"product_brand","embeddable":true,"href":"https:\/\/franxica.com.br\/blog\/wp-json\/wp\/v2\/product_brand?post=6015"},{"taxonomy":"product_cat","embeddable":true,"href":"https:\/\/franxica.com.br\/blog\/wp-json\/wp\/v2\/product_cat?post=6015"},{"taxonomy":"product_tag","embeddable":true,"href":"https:\/\/franxica.com.br\/blog\/wp-json\/wp\/v2\/product_tag?post=6015"}],"curies":[{"name":"wp","href":"https:\/\/api.w.org\/{rel}","templated":true}]}}