{"id":6086,"date":"2025-11-26T21:17:52","date_gmt":"2025-11-27T00:17:52","guid":{"rendered":"https:\/\/franxica.com.br\/blog\/produto\/pelucia-dino-g-43-cm-brinquedo-para-cachorro-a-pelucia-do-golden-retriever\/"},"modified":"2025-11-26T21:45:10","modified_gmt":"2025-11-27T00:45:10","slug":"pelucia-dino-g-43-cm-brinquedo-para-cachorro-a-pelucia-do-golden-retriever","status":"publish","type":"product","link":"https:\/\/franxica.com.br\/blog\/produto\/pelucia-dino-g-43-cm-brinquedo-para-cachorro-a-pelucia-do-golden-retriever\/","title":{"rendered":"Pel\u00facia Dino G 38 cm Brinquedo para Cachorro A pel\u00facia do Golden Retriever"},"content":{"rendered":"<p>Pel\u00facia G 38 cm Luxo com Som Cores Diversas Brinquedo para Cachorro Atacado Pet<\/p>\n<p>Perfeito para c\u00e3es do porte do Golden Retriever<\/p>\n","protected":false},"excerpt":{"rendered":"<p>Pel\u00facia G 38 cm Luxo com Som Cores Diversas Brinquedo para Cachorro Atacado Pet<\/p>\n<p>Perfeito para c\u00e3es do porte do Golden Retriever<\/p>\n[video width=\"1080\" height=\"1920\" mp4=\"https:\/\/franxica.com.br\/blog\/wp-content\/uploads\/2025\/11\/Pelucia-Dino-Editado.mp4\"][\/video]\n","protected":false},"featured_media":6082,"template":"","meta":{"neve_meta_sidebar":"","neve_meta_container":"","neve_meta_enable_content_width":"off","neve_meta_content_width":100,"neve_meta_title_alignment":"","neve_meta_author_avatar":"","neve_post_elements_order":"","neve_meta_disable_header":"","neve_meta_disable_footer":"","neve_meta_disable_title":"","_FSMCFIC_featured_image_caption":"","_FSMCFIC_featured_image_nocaption":"","_FSMCFIC_featured_image_hide":""},"product_brand":[],"product_cat":[23,20],"product_tag":[],"class_list":{"0":"post-6086","1":"product","2":"type-product","3":"status-publish","4":"has-post-thumbnail","6":"product_cat-brinquedos","7":"product_cat-sem-categoria","9":"first","10":"instock","11":"shipping-taxable","12":"purchasable","13":"product-type-simple"},"_links":{"self":[{"href":"https:\/\/franxica.com.br\/blog\/wp-json\/wp\/v2\/product\/6086","targetHints":{"allow":["GET"]}}],"collection":[{"href":"https:\/\/franxica.com.br\/blog\/wp-json\/wp\/v2\/product"}],"about":[{"href":"https:\/\/franxica.com.br\/blog\/wp-json\/wp\/v2\/types\/product"}],"wp:featuredmedia":[{"embeddable":true,"href":"https:\/\/franxica.com.br\/blog\/wp-json\/wp\/v2\/media\/6082"}],"wp:attachment":[{"href":"https:\/\/franxica.com.br\/blog\/wp-json\/wp\/v2\/media?parent=6086"}],"wp:term":[{"taxonomy":"product_brand","embeddable":true,"href":"https:\/\/franxica.com.br\/blog\/wp-json\/wp\/v2\/product_brand?post=6086"},{"taxonomy":"product_cat","embeddable":true,"href":"https:\/\/franxica.com.br\/blog\/wp-json\/wp\/v2\/product_cat?post=6086"},{"taxonomy":"product_tag","embeddable":true,"href":"https:\/\/franxica.com.br\/blog\/wp-json\/wp\/v2\/product_tag?post=6086"}],"curies":[{"name":"wp","href":"https:\/\/api.w.org\/{rel}","templated":true}]}}