{"id":732,"date":"2023-07-02T11:00:44","date_gmt":"2023-07-02T14:00:44","guid":{"rendered":"https:\/\/franxica.com.br\/blog\/produto\/moletom-capuz-pet-cor-rosa\/"},"modified":"2023-07-17T11:49:56","modified_gmt":"2023-07-17T14:49:56","slug":"moletom-capuz-pet-cor-rosa","status":"publish","type":"product","link":"https:\/\/franxica.com.br\/blog\/produto\/moletom-capuz-pet-cor-rosa\/","title":{"rendered":"Roupa Pet Moletom Capuz Pet Cor Rosa Atacado Pet Shop"},"content":{"rendered":"<p>Roupa Pet com Capuz Pet Cor Rosa Atacado<\/p>\n<p>Roupa para cachorro com alta qualidade. Fabrica\u00e7\u00e3o nacional. N\u00e3o faz bolinhas.<\/p>\n<p>Tecido: Moletom<\/p>\n<p>Os tamanhos podem variar 2 cm para mais e para menos.<\/p>\n<p>A tonalidade da cor poder\u00e1 variar.<\/p>\n","protected":false},"excerpt":{"rendered":"<p>Roupa Pet com Capuz Pet Cor Rosa Atacado<\/p>\n<p>Roupa para cachorro com alta qualidade. Fabrica\u00e7\u00e3o nacional. N\u00e3o faz bolinhas.<\/p>\n<p>Tecido: Moletom<\/p>\n<p>Os tamanhos podem variar 2 cm para mais e para menos.<\/p>\n<p>A tonalidade da cor poder\u00e1 variar.<\/p>\n<p><a href=\"https:\/\/franxica.com.br\/blog\/como-comprar\/\"><img decoding=\"async\" class=\"alignnone size-full wp-image-1691\" src=\"https:\/\/franxica.com.br\/blog\/wp-content\/uploads\/2023\/07\/Como-comprar-150x100-1.jpg\" alt=\"\" width=\"150\" height=\"100\" \/><\/a><\/p>\n","protected":false},"featured_media":726,"template":"","meta":{"neve_meta_sidebar":"","neve_meta_container":"","neve_meta_enable_content_width":"off","neve_meta_content_width":100,"neve_meta_title_alignment":"","neve_meta_author_avatar":"","neve_post_elements_order":"","neve_meta_disable_header":"","neve_meta_disable_footer":"","neve_meta_disable_title":"","_FSMCFIC_featured_image_caption":"","_FSMCFIC_featured_image_nocaption":"","_FSMCFIC_featured_image_hide":""},"product_brand":[],"product_cat":[22,20],"product_tag":[],"class_list":{"0":"post-732","1":"product","2":"type-product","3":"status-publish","4":"has-post-thumbnail","6":"product_cat-roupas","7":"product_cat-sem-categoria","9":"first","10":"instock","11":"featured","12":"shipping-taxable","13":"purchasable","14":"product-type-variable"},"_links":{"self":[{"href":"https:\/\/franxica.com.br\/blog\/wp-json\/wp\/v2\/product\/732","targetHints":{"allow":["GET"]}}],"collection":[{"href":"https:\/\/franxica.com.br\/blog\/wp-json\/wp\/v2\/product"}],"about":[{"href":"https:\/\/franxica.com.br\/blog\/wp-json\/wp\/v2\/types\/product"}],"wp:featuredmedia":[{"embeddable":true,"href":"https:\/\/franxica.com.br\/blog\/wp-json\/wp\/v2\/media\/726"}],"wp:attachment":[{"href":"https:\/\/franxica.com.br\/blog\/wp-json\/wp\/v2\/media?parent=732"}],"wp:term":[{"taxonomy":"product_brand","embeddable":true,"href":"https:\/\/franxica.com.br\/blog\/wp-json\/wp\/v2\/product_brand?post=732"},{"taxonomy":"product_cat","embeddable":true,"href":"https:\/\/franxica.com.br\/blog\/wp-json\/wp\/v2\/product_cat?post=732"},{"taxonomy":"product_tag","embeddable":true,"href":"https:\/\/franxica.com.br\/blog\/wp-json\/wp\/v2\/product_tag?post=732"}],"curies":[{"name":"wp","href":"https:\/\/api.w.org\/{rel}","templated":true}]}}